{"id":1172,"date":"2025-01-15T21:53:12","date_gmt":"2025-01-15T20:53:12","guid":{"rendered":"https:\/?page_id=1172"},"modified":"2025-01-31T18:32:08","modified_gmt":"2025-01-31T17:32:08","slug":"quan-va-sorgir-la-primera-nina-sexual","status":"publish","type":"page","link":"https:\/\/tumuneca-sexdoll.com\/ca\/quan-va-sorgir-la-primera-nina-sexual\/","title":{"rendered":"Quan va sorgir la primera nina sexual?"},"content":{"rendered":"<h1><strong>Quan va sorgir la primera nina sexual?<\/strong><\/h1>\n<div>\n<p>Al Jap\u00f3, de vegades anomenen les nines sexuals <strong>\u00abDutch Wives\u00bb<\/strong>, perqu\u00e8 la nina sexual m\u00e9s antiga s&#8217;atribueix als mariners holandesos del segle XVII que ja feien servir nines de tela per alleujar el desig sexual durant els llargs viatges per mar. Les nines sexuals tenen almenys un orifici penetrable (boca, vagina o anus) o una part del cos que t\u00e9 la funci\u00f3 d&#8217;inserci\u00f3 o penetraci\u00f3 (llengua o penis). Avui dia, l&#8217;\u00fas de nines sexuals est\u00e0 en apogeu, especialment en regions desenvolupades com Am\u00e8rica, pa\u00efsos europeus i el Jap\u00f3.<\/p>\n<\/div>\n<p><!--more--><br \/>\n<!-- {\"type\":\"layout\",\"children\":[{\"type\":\"section\",\"props\":{\"image_position\":\"center-center\",\"style\":\"default\",\"title_breakpoint\":\"xl\",\"title_position\":\"top-left\",\"title_rotation\":\"left\",\"vertical_align\":\"middle\",\"width\":\"default\"},\"children\":[{\"type\":\"row\",\"children\":[{\"type\":\"column\",\"props\":{\"image_position\":\"center-center\",\"position_sticky_breakpoint\":\"m\"},\"children\":[{\"type\":\"headline\",\"props\":{\"content\":\"<strong>Quan va sorgir la primera nina sexual?<\\\/strong>\",\"text_align\":\"center\",\"title_element\":\"h1\"}},{\"type\":\"text\",\"props\":{\"column_breakpoint\":\"m\",\"content\":\"\n\n<p>Al Jap\\u00f3, de vegades anomenen les nines sexuals <strong>\\u00abDutch Wives\\u00bb<\\\/strong>, perqu\\u00e8 la nina sexual m\\u00e9s antiga s'atribueix als mariners holandesos del segle XVII que ja feien servir nines de tela per alleujar el desig sexual durant els llargs viatges per mar. Les nines sexuals tenen almenys un orifici penetrable (boca, vagina o anus) o una part del cos que t\\u00e9 la funci\\u00f3 d'inserci\\u00f3 o penetraci\\u00f3 (llengua o penis). Avui dia, l'\\u00fas de nines sexuals est\\u00e0 en apogeu, especialment en regions desenvolupades com Am\\u00e8rica, pa\\u00efsos europeus i el Jap\\u00f3.<\\\/p>\",\"margin\":\"default\"}}]}]}],\"name\":\"Contingut\"}],\"version\":\"4.4.20\"} --><\/p>\n","protected":false},"excerpt":{"rendered":"<p>Quan va sorgir la primera nina sexual? Al Jap\u00f3, de vegades anomenen les nines sexuals \u00abDutch Wives\u00bb, perqu\u00e8 la nina sexual m\u00e9s antiga s&#8217;atribueix als mariners holandesos del segle XVII que ja feien servir nines de tela per alleujar el desig sexual durant els llargs viatges per mar. Les nines sexuals tenen almenys un orifici [&hellip;]<\/p>\n","protected":false},"author":1,"featured_media":0,"parent":0,"menu_order":0,"comment_status":"closed","ping_status":"closed","template":"","meta":{"footnotes":""},"class_list":["post-1172","page","type-page","status-publish","hentry"],"_links":{"self":[{"href":"https:\/\/tumuneca-sexdoll.com\/ca\/wp-json\/wp\/v2\/pages\/1172","targetHints":{"allow":["GET"]}}],"collection":[{"href":"https:\/\/tumuneca-sexdoll.com\/ca\/wp-json\/wp\/v2\/pages"}],"about":[{"href":"https:\/\/tumuneca-sexdoll.com\/ca\/wp-json\/wp\/v2\/types\/page"}],"author":[{"embeddable":true,"href":"https:\/\/tumuneca-sexdoll.com\/ca\/wp-json\/wp\/v2\/users\/1"}],"replies":[{"embeddable":true,"href":"https:\/\/tumuneca-sexdoll.com\/ca\/wp-json\/wp\/v2\/comments?post=1172"}],"version-history":[{"count":0,"href":"https:\/\/tumuneca-sexdoll.com\/ca\/wp-json\/wp\/v2\/pages\/1172\/revisions"}],"wp:attachment":[{"href":"https:\/\/tumuneca-sexdoll.com\/ca\/wp-json\/wp\/v2\/media?parent=1172"}],"curies":[{"name":"wp","href":"https:\/\/api.w.org\/{rel}","templated":true}]}}