{"id":1185,"date":"2025-01-15T22:01:19","date_gmt":"2025-01-15T21:01:19","guid":{"rendered":"https:\/?page_id=1185"},"modified":"2025-01-31T19:01:21","modified_gmt":"2025-01-31T18:01:21","slug":"quina-joguina-he-de-comprar","status":"publish","type":"page","link":"https:\/\/tumuneca-sexdoll.com\/ca\/quina-joguina-he-de-comprar\/","title":{"rendered":"Quina joguina he de comprar?"},"content":{"rendered":"<h1><strong>Quina joguina he de comprar?<\/strong><\/h1>\n<div>\n<p>Si est\u00e0s llegint aix\u00f2 \u00e9s perqu\u00e8 has decidit comprar una joguina per primera vegada i aqu\u00ed estem per ajudar-te perqu\u00e8 normalment quan comences a buscar per internet la quantitat de productes i botigues er\u00f2tiques \u00e9s exageradament llarga. Amb tantes opcions hem volgut facilitar-te la cerca de la joguina ideal per a tu amb aquest bloc.<\/p>\n<\/div>\n<h1><strong>Pas a pas<\/strong><\/h1>\n<div>\n<p>La primera pregunta que t&#8217;hauries de respondre \u00e9s:<\/p>\n<ol>\n<li><strong>Qu\u00e8 vols que t&#8217;ofereixi la joguina en q\u00fcesti\u00f3?<\/strong><\/li>\n<li><strong>Suposem que vols excitaci\u00f3 per\u00f2, de quina manera?<\/strong><\/li>\n<li><strong>En solitari o alguna cosa per compartir amb les teves parelles?<\/strong><\/li>\n<li><strong>Has tingut dificultats per arribar a l&#8217;orgasme i vols alguna cosa que t&#8217;ajudi a millorar?<\/strong><\/li>\n<\/ol>\n<p>El nostre consell \u00e9s que et prenguis el temps necessari per respondre&#8217;t aquestes preguntes i aix\u00ed anir\u00e0s descartant opcions.<\/p>\n<p>Tot i fer-te aquestes preguntes, tindr\u00e0s milers de productes i opcions davant teu, aix\u00ed que hem seleccionat les 4 maneres m\u00e9s comunes de trobar l&#8217;excitaci\u00f3.<\/p>\n<ol>\n<li>\n<p>Si ets <strong>dona<\/strong> i no vols rebre penetraci\u00f3 pots fer servir succionadors, vibradors punt g, ous i bales vibradores. Aquestes joguines estan principalment dissenyades per usar-les al cl\u00edtoris, fregant-lo i\/o succionant-lo. Tamb\u00e9 es poden fer servir per a qualsevol part del cos com penis, mugrons, coll, etc. Aquesta opci\u00f3 \u00e9s ideal si vols fer-lo servir com a primer vibrador durant el sexe amb una parella. Hem incorporat la secci\u00f3 de <strong>Nines i Ninos Sexuals Realistes<\/strong> per si vols provar noves experi\u00e8ncies.<\/p>\n<\/li>\n<li>\n<p>Si ets <strong>home<\/strong> i no vols rebre penetraci\u00f3 pots fer servir anells o anells amb vibrador per al penis o masturbadors. A m\u00e9s, tenim la nostra l\u00ednia de <strong>Nines i Ninos Sexuals Realistes<\/strong> d&#8217;\u00faltima generaci\u00f3 que us faran gaudir d&#8217;una experi\u00e8ncia fora del com\u00fa.<\/p>\n<\/li>\n<li>\n<p>Si sou una <strong>parella<\/strong> o simplement vols <strong>autoexcitar-te<\/strong> amb penetraci\u00f3, pots fer servir joguines per al punt G en el cas que siguis una dona o joguines per al punt P en el cas que siguis home. Aquests estan especialment per poder estimular amb m\u00e9s facilitat el punt G (part superior de la vagina) i el Punt P o Perineu (ubicat a la pr\u00f2stata). Si vols triar la teva pr\u00f2pia forma i mida pots explorar qualsevol dilde dels que oferim. I per descomptat, pots provar una nova experi\u00e8ncia en parella amb les nostres <strong>Nines o Ninos Sexuals Realistes<\/strong>.<\/p>\n<\/li>\n<\/ol>\n<\/div>\n<h1><strong>Preu<\/strong><\/h1>\n<div>\n<p>Podem trobar infinitat de rangs de preus, per\u00f2 \u00e9s important fixar-se en la qualitat d&#8217;un producte. Valorem la qualitat dels materials per sobre de la resta i nom\u00e9s venem joguines sexuals segures per al cos. Tenim rangs de preus diferenciats tamb\u00e9, per\u00f2 sempre ens ajustem a uns est\u00e0ndards de qualitat i usem silicona com el principal material. La silicona sol ser molt m\u00e9s cara que productes de pl\u00e0stic com el PVC, per\u00f2, per altra banda, ens assegurem que \u00e9s un producte segur per al cos hum\u00e0, a m\u00e9s que la durabilitat \u00e9s m\u00e9s alta.<\/p>\n<p>Per tant, si compr\u00e9ssim un producte a la llarga, ens valdr\u00e0 m\u00e9s la pena invertir en productes d&#8217;alta qualitat i assegurances per al cos. Aix\u00f2 vol dir que estan fets de materials no porosos que estan lliures de productes qu\u00edmics potencialment perjudicials. Els materials porosos com la gelatina o el cautx\u00fa poden acollir bacteris i fongs i causar infeccions recurrents. En triar una joguina sexual, busca els que siguin de silicona, metall o vidre, ja que no s\u00f3n porosos i s\u00f3n segurs.<\/p>\n<\/div>\n<h1><strong>Pot\u00e8ncia<\/strong><\/h1>\n<div>\n<p>Un altre punt a comentar \u00e9s que els productes amb bateries solen ser m\u00e9s barats que els recarregables. Per\u00f2 cal destacar que tamb\u00e9 solen ser menys potents, a m\u00e9s del fet que sempre haurem de tenir un subministrament de bateries a m\u00e0. Aix\u00f2 \u00e9s q\u00fcesti\u00f3 de cadasc\u00fa, nosaltres recomanem l&#8217;\u00fas de productes recarregables per contribuir de manera positiva amb el medi ambient.<\/p>\n<p><strong>M\u00e9s pot\u00e8ncia no \u00e9s igual a m\u00e9s plaer!<\/strong><\/p>\n<p>Quan ens informem sobre cert producte o llegim les ressenyes, podem de vegades deixar-nos portar pels comentaris de quin vibrador tan potent!, i de vegades ens fa la impressi\u00f3 que com m\u00e9s potent, millor ha de ser. Per\u00f2 aquest no \u00e9s sempre el cas, aix\u00ed que no et deixis endur per aix\u00f2.<\/p>\n<p>Hi ha persones que els encanten les vibracions potents i profundes i, d&#8217;altres, els pot agradar una altra mena de sensacions. Si \u00e9s la primera vegada que compres una joguina o, simplement, no saps quina joguina i amb quina manera de pot\u00e8ncia comprar-la, una bona opci\u00f3 seria comprar una joguina sexual que ofereixi moltes configuracions, aix\u00ed com una gran varietat en els modes de vibraci\u00f3.<\/p>\n<p>D&#8217;aquesta manera tindrem m\u00e9s opcions d&#8217;experimentar, con\u00e8ixer-nos i saber que realment ens agrada.<\/p>\n<\/div>\n<p><!--more--><br \/>\n<!-- {\"type\":\"layout\",\"children\":[{\"type\":\"section\",\"props\":{\"image_position\":\"center-center\",\"style\":\"default\",\"title_breakpoint\":\"xl\",\"title_position\":\"top-left\",\"title_rotation\":\"left\",\"vertical_align\":\"middle\",\"width\":\"default\"},\"children\":[{\"type\":\"row\",\"children\":[{\"type\":\"column\",\"props\":{\"image_position\":\"center-center\",\"position_sticky_breakpoint\":\"m\"},\"children\":[{\"type\":\"headline\",\"props\":{\"content\":\"<strong>Quina joguina he de comprar?<\\\/strong>\",\"text_align\":\"center\",\"title_element\":\"h1\"}},{\"type\":\"text\",\"props\":{\"column_breakpoint\":\"m\",\"content\":\"\n\n<p>Si est\\u00e0s llegint aix\\u00f2 \\u00e9s perqu\\u00e8 has decidit comprar una joguina per primera vegada i aqu\\u00ed estem per ajudar-te perqu\\u00e8 normalment quan comences a buscar per internet la quantitat de productes i botigues er\\u00f2tiques \\u00e9s exageradament llarga. Amb tantes opcions hem volgut facilitar-te la cerca de la joguina ideal per a tu amb aquest bloc.<\\\/p>\",\"margin\":\"default\",\"text_style\":\"large\"}}]}]}],\"name\":\"Introducci\\u00f3\"},{\"type\":\"section\",\"props\":{\"image_position\":\"center-center\",\"padding_remove_top\":true,\"style\":\"default\",\"title_breakpoint\":\"xl\",\"title_position\":\"top-left\",\"title_rotation\":\"left\",\"vertical_align\":\"middle\",\"width\":\"default\"},\"children\":[{\"type\":\"row\",\"children\":[{\"type\":\"column\",\"props\":{\"image_position\":\"center-center\",\"position_sticky_breakpoint\":\"m\"},\"children\":[{\"type\":\"headline\",\"props\":{\"content\":\"<strong>Pas a pas<\\\/strong>\",\"title_element\":\"h1\",\"title_style\":\"h3\"}},{\"type\":\"text\",\"props\":{\"column_breakpoint\":\"m\",\"content\":\"\n\n<p>La primera pregunta que t'hauries de respondre \\u00e9s:<\\\/p>\\n\n\n<ol>\\n\n\n<li><strong>Qu\\u00e8 vols que t'ofereixi la joguina en q\\u00fcesti\\u00f3?<\\\/strong><\\\/li>\\n\n\n<li><strong>Suposem que vols excitaci\\u00f3 per\\u00f2, de quina manera?<\\\/strong><\\\/li>\\n\n\n<li><strong>En solitari o alguna cosa per compartir amb les teves parelles?<\\\/strong><\\\/li>\\n\n\n<li><strong>Has tingut dificultats per arribar a l'orgasme i vols alguna cosa que t'ajudi a millorar?<\\\/strong><\\\/li>\\n<\\\/ol>\\n\n\n<p>El nostre consell \\u00e9s que et prenguis el temps necessari per respondre't aquestes preguntes i aix\\u00ed anir\\u00e0s descartant opcions.<\\\/p>\\n\n\n<p>Tot i fer-te aquestes preguntes, tindr\\u00e0s milers de productes i opcions davant teu, aix\\u00ed que hem seleccionat les 4 maneres m\\u00e9s comunes de trobar l'excitaci\\u00f3.<\\\/p>\\n\n\n<ol>\\n\n\n<li>\\n\n\n<p>Si ets <strong>dona<\\\/strong> i no vols rebre penetraci\\u00f3 pots fer servir succionadors, vibradors punt g, ous i bales vibradores. Aquestes joguines estan principalment dissenyades per usar-les al cl\\u00edtoris, fregant-lo i\\\/o succionant-lo. Tamb\\u00e9 es poden fer servir per a qualsevol part del cos com penis, mugrons, coll, etc. Aquesta opci\\u00f3 \\u00e9s ideal si vols fer-lo servir com a primer vibrador durant el sexe amb una parella. Hem incorporat la secci\\u00f3 de <strong>Nines i Ninos Sexuals Realistes<\\\/strong> per si vols provar noves experi\\u00e8ncies.<\\\/p>\\n<\\\/li>\\n\n\n<li>\\n\n\n<p>Si ets <strong>home<\\\/strong> i no vols rebre penetraci\\u00f3 pots fer servir anells o anells amb vibrador per al penis o masturbadors. A m\\u00e9s, tenim la nostra l\\u00ednia de <strong>Nines i Ninos Sexuals Realistes<\\\/strong> d'\\u00faltima generaci\\u00f3 que us faran gaudir d'una experi\\u00e8ncia fora del com\\u00fa.<\\\/p>\\n<\\\/li>\\n\n\n<li>\\n\n\n<p>Si sou una <strong>parella<\\\/strong> o simplement vols <strong>autoexcitar-te<\\\/strong> amb penetraci\\u00f3, pots fer servir joguines per al punt G en el cas que siguis una dona o joguines per al punt P en el cas que siguis home. Aquests estan especialment per poder estimular amb m\\u00e9s facilitat el punt G (part superior de la vagina) i el Punt P o Perineu (ubicat a la pr\\u00f2stata). Si vols triar la teva pr\\u00f2pia forma i mida pots explorar qualsevol dilde dels que oferim. I per descomptat, pots provar una nova experi\\u00e8ncia en parella amb les nostres <strong>Nines o Ninos Sexuals Realistes<\\\/strong>.<\\\/p>\\n<\\\/li>\\n<\\\/ol>\",\"margin\":\"default\"}}]}]}],\"name\":\"Pas a pas\"},{\"type\":\"section\",\"props\":{\"image_position\":\"center-center\",\"padding_remove_top\":true,\"style\":\"default\",\"title_breakpoint\":\"xl\",\"title_position\":\"top-left\",\"title_rotation\":\"left\",\"vertical_align\":\"middle\",\"width\":\"default\"},\"children\":[{\"type\":\"row\",\"children\":[{\"type\":\"column\",\"props\":{\"image_position\":\"center-center\",\"position_sticky_breakpoint\":\"m\"},\"children\":[{\"type\":\"headline\",\"props\":{\"content\":\"<strong>Preu<\\\/strong>\",\"title_element\":\"h1\",\"title_style\":\"h3\"}},{\"type\":\"text\",\"props\":{\"column_breakpoint\":\"m\",\"content\":\"\n\n<p>Podem trobar infinitat de rangs de preus, per\\u00f2 \\u00e9s important fixar-se en la qualitat d'un producte. Valorem la qualitat dels materials per sobre de la resta i nom\\u00e9s venem joguines sexuals segures per al cos. Tenim rangs de preus diferenciats tamb\\u00e9, per\\u00f2 sempre ens ajustem a uns est\\u00e0ndards de qualitat i usem silicona com el principal material. La silicona sol ser molt m\\u00e9s cara que productes de pl\\u00e0stic com el PVC, per\\u00f2, per altra banda, ens assegurem que \\u00e9s un producte segur per al cos hum\\u00e0, a m\\u00e9s que la durabilitat \\u00e9s m\\u00e9s alta.<\\\/p>\\n\n\n<p>Per tant, si compr\\u00e9ssim un producte a la llarga, ens valdr\\u00e0 m\\u00e9s la pena invertir en productes d'alta qualitat i assegurances per al cos. Aix\\u00f2 vol dir que estan fets de materials no porosos que estan lliures de productes qu\\u00edmics potencialment perjudicials. Els materials porosos com la gelatina o el cautx\\u00fa poden acollir bacteris i fongs i causar infeccions recurrents. En triar una joguina sexual, busca els que siguin de silicona, metall o vidre, ja que no s\\u00f3n porosos i s\\u00f3n segurs.<\\\/p>\",\"margin\":\"default\"}}]}]}],\"name\":\"Preu\"},{\"type\":\"section\",\"props\":{\"image_position\":\"center-center\",\"padding_remove_top\":true,\"style\":\"default\",\"title_breakpoint\":\"xl\",\"title_position\":\"top-left\",\"title_rotation\":\"left\",\"vertical_align\":\"middle\",\"width\":\"default\"},\"children\":[{\"type\":\"row\",\"children\":[{\"type\":\"column\",\"props\":{\"image_position\":\"center-center\",\"position_sticky_breakpoint\":\"m\"},\"children\":[{\"type\":\"headline\",\"props\":{\"content\":\"<strong>Pot\\u00e8ncia<\\\/strong>\",\"title_element\":\"h1\",\"title_style\":\"h3\"}},{\"type\":\"text\",\"props\":{\"column_breakpoint\":\"m\",\"content\":\"\n\n<p>Un altre punt a comentar \\u00e9s que els productes amb bateries solen ser m\\u00e9s barats que els recarregables. Per\\u00f2 cal destacar que tamb\\u00e9 solen ser menys potents, a m\\u00e9s del fet que sempre haurem de tenir un subministrament de bateries a m\\u00e0. Aix\\u00f2 \\u00e9s q\\u00fcesti\\u00f3 de cadasc\\u00fa, nosaltres recomanem l'\\u00fas de productes recarregables per contribuir de manera positiva amb el medi ambient.<\\\/p>\\n\n\n<p><strong>M\\u00e9s pot\\u00e8ncia no \\u00e9s igual a m\\u00e9s plaer!<\\\/strong><\\\/p>\\n\n\n<p>Quan ens informem sobre cert producte o llegim les ressenyes, podem de vegades deixar-nos portar pels comentaris de quin vibrador tan potent!, i de vegades ens fa la impressi\\u00f3 que com m\\u00e9s potent, millor ha de ser. Per\\u00f2 aquest no \\u00e9s sempre el cas, aix\\u00ed que no et deixis endur per aix\\u00f2.<\\\/p>\\n\n\n<p>Hi ha persones que els encanten les vibracions potents i profundes i, d'altres, els pot agradar una altra mena de sensacions. Si \\u00e9s la primera vegada que compres una joguina o, simplement, no saps quina joguina i amb quina manera de pot\\u00e8ncia comprar-la, una bona opci\\u00f3 seria comprar una joguina sexual que ofereixi moltes configuracions, aix\\u00ed com una gran varietat en els modes de vibraci\\u00f3.<\\\/p>\\n\n\n<p>D'aquesta manera tindrem m\\u00e9s opcions d'experimentar, con\\u00e8ixer-nos i saber que realment ens agrada.<\\\/p>\",\"margin\":\"default\"}}]}]}],\"name\":\"Pot\\u00e8ncia\"}],\"version\":\"4.4.20\"} --><\/p>\n","protected":false},"excerpt":{"rendered":"<p>Quina joguina he de comprar? Si est\u00e0s llegint aix\u00f2 \u00e9s perqu\u00e8 has decidit comprar una joguina per primera vegada i aqu\u00ed estem per ajudar-te perqu\u00e8 normalment quan comences a buscar per internet la quantitat de productes i botigues er\u00f2tiques \u00e9s exageradament llarga. Amb tantes opcions hem volgut facilitar-te la cerca de la joguina ideal per [&hellip;]<\/p>\n","protected":false},"author":1,"featured_media":0,"parent":0,"menu_order":0,"comment_status":"closed","ping_status":"closed","template":"","meta":{"footnotes":""},"class_list":["post-1185","page","type-page","status-publish","hentry"],"_links":{"self":[{"href":"https:\/\/tumuneca-sexdoll.com\/ca\/wp-json\/wp\/v2\/pages\/1185","targetHints":{"allow":["GET"]}}],"collection":[{"href":"https:\/\/tumuneca-sexdoll.com\/ca\/wp-json\/wp\/v2\/pages"}],"about":[{"href":"https:\/\/tumuneca-sexdoll.com\/ca\/wp-json\/wp\/v2\/types\/page"}],"author":[{"embeddable":true,"href":"https:\/\/tumuneca-sexdoll.com\/ca\/wp-json\/wp\/v2\/users\/1"}],"replies":[{"embeddable":true,"href":"https:\/\/tumuneca-sexdoll.com\/ca\/wp-json\/wp\/v2\/comments?post=1185"}],"version-history":[{"count":0,"href":"https:\/\/tumuneca-sexdoll.com\/ca\/wp-json\/wp\/v2\/pages\/1185\/revisions"}],"wp:attachment":[{"href":"https:\/\/tumuneca-sexdoll.com\/ca\/wp-json\/wp\/v2\/media?parent=1185"}],"curies":[{"name":"wp","href":"https:\/\/api.w.org\/{rel}","templated":true}]}}