{"id":1203,"date":"2025-01-17T18:00:25","date_gmt":"2025-01-17T17:00:25","guid":{"rendered":"https:\/?page_id=1203"},"modified":"2025-01-31T19:12:48","modified_gmt":"2025-01-31T18:12:48","slug":"quin-perfil-de-client-sol-comprarles","status":"publish","type":"page","link":"https:\/\/tumuneca-sexdoll.com\/ca\/quin-perfil-de-client-sol-comprarles\/","title":{"rendered":"Quin perfil de client sol comprar-les?"},"content":{"rendered":"<h1><strong>Quin perfil de client sol comprar-les?<\/strong><\/h1>\n<div>\n<p>Potser el primer que pensem \u00e9s que les solen comprar homes solters, per\u00f2 no \u00e9s sempre ni majorit\u00e0riament aix\u00ed.<\/p>\n<p>Per a les persones amb alguna dificultat f\u00edsica o menys accessibilitat a la socialitzaci\u00f3 permeten el descobriment d&#8217;una experi\u00e8ncia completament nova, per la qual cosa \u00e9s for\u00e7a com\u00fa.<\/p>\n<p>Les persones amb necessitats especials tamb\u00e9 poden complir les seves fantasies perqu\u00e8 aquestes nines es poden personalitzar per a necessitats concretes.<\/p>\n<p>Tamb\u00e9 \u00e9s com\u00fa que persones casades o que tinguin relacions llargues, vulguin tastar-les. Ja sigui per avivar la flama de la passi\u00f3, evitar la monotonia o, simplement, gaudir de noves experi\u00e8ncies junts.<\/p>\n<p><strong>Noves experi\u00e8ncies que al final ajuden a millorar la vida sexual de les persones!<\/strong><\/p>\n<\/div>\n<p><!--more--><br \/>\n<!-- {\"type\":\"layout\",\"children\":[{\"type\":\"section\",\"props\":{\"image_position\":\"center-center\",\"style\":\"default\",\"title_breakpoint\":\"xl\",\"title_position\":\"top-left\",\"title_rotation\":\"left\",\"vertical_align\":\"middle\",\"width\":\"default\"},\"children\":[{\"type\":\"row\",\"children\":[{\"type\":\"column\",\"props\":{\"image_position\":\"center-center\",\"position_sticky_breakpoint\":\"m\"},\"children\":[{\"type\":\"headline\",\"props\":{\"content\":\"<strong>Quin perfil de client sol comprar-les?<\\\/strong>\",\"text_align\":\"center\",\"title_element\":\"h1\"}},{\"type\":\"text\",\"props\":{\"column_breakpoint\":\"m\",\"content\":\"\n\n<p>Potser el primer que pensem \\u00e9s que les solen comprar homes solters, per\\u00f2 no \\u00e9s sempre ni majorit\\u00e0riament aix\\u00ed.<\\\/p>\\n\n\n<p>Per a les persones amb alguna dificultat f\\u00edsica o menys accessibilitat a la socialitzaci\\u00f3 permeten el descobriment d'una experi\\u00e8ncia completament nova, per la qual cosa \\u00e9s for\\u00e7a com\\u00fa.<\\\/p>\\n\n\n<p>Les persones amb necessitats especials tamb\\u00e9 poden complir les seves fantasies perqu\\u00e8 aquestes nines es poden personalitzar per a necessitats concretes.<\\\/p>\\n\n\n<p>Tamb\\u00e9 \\u00e9s com\\u00fa que persones casades o que tinguin relacions llargues, vulguin tastar-les. Ja sigui per avivar la flama de la passi\\u00f3, evitar la monotonia o, simplement, gaudir de noves experi\\u00e8ncies junts.<\\\/p>\\n\n\n<p><strong>Noves experi\\u00e8ncies que al final ajuden a millorar la vida sexual de les persones!<\\\/strong><\\\/p>\",\"margin\":\"default\"}}]}]}],\"name\":\"Contingut\"}],\"version\":\"4.4.20\"} --><\/p>\n","protected":false},"excerpt":{"rendered":"<p>Quin perfil de client sol comprar-les? Potser el primer que pensem \u00e9s que les solen comprar homes solters, per\u00f2 no \u00e9s sempre ni majorit\u00e0riament aix\u00ed. Per a les persones amb alguna dificultat f\u00edsica o menys accessibilitat a la socialitzaci\u00f3 permeten el descobriment d&#8217;una experi\u00e8ncia completament nova, per la qual cosa \u00e9s for\u00e7a com\u00fa. Les persones [&hellip;]<\/p>\n","protected":false},"author":1,"featured_media":0,"parent":0,"menu_order":0,"comment_status":"closed","ping_status":"closed","template":"","meta":{"footnotes":""},"class_list":["post-1203","page","type-page","status-publish","hentry"],"_links":{"self":[{"href":"https:\/\/tumuneca-sexdoll.com\/ca\/wp-json\/wp\/v2\/pages\/1203","targetHints":{"allow":["GET"]}}],"collection":[{"href":"https:\/\/tumuneca-sexdoll.com\/ca\/wp-json\/wp\/v2\/pages"}],"about":[{"href":"https:\/\/tumuneca-sexdoll.com\/ca\/wp-json\/wp\/v2\/types\/page"}],"author":[{"embeddable":true,"href":"https:\/\/tumuneca-sexdoll.com\/ca\/wp-json\/wp\/v2\/users\/1"}],"replies":[{"embeddable":true,"href":"https:\/\/tumuneca-sexdoll.com\/ca\/wp-json\/wp\/v2\/comments?post=1203"}],"version-history":[{"count":0,"href":"https:\/\/tumuneca-sexdoll.com\/ca\/wp-json\/wp\/v2\/pages\/1203\/revisions"}],"wp:attachment":[{"href":"https:\/\/tumuneca-sexdoll.com\/ca\/wp-json\/wp\/v2\/media?parent=1203"}],"curies":[{"name":"wp","href":"https:\/\/api.w.org\/{rel}","templated":true}]}}