{"id":1209,"date":"2025-01-17T18:03:57","date_gmt":"2025-01-17T17:03:57","guid":{"rendered":"https:\/?page_id=1209"},"modified":"2025-01-31T19:22:19","modified_gmt":"2025-01-31T18:22:19","slug":"que-son-els-ftalats","status":"publish","type":"page","link":"https:\/\/tumuneca-sexdoll.com\/ca\/que-son-els-ftalats\/","title":{"rendered":"Qu\u00e8 s\u00f3n els ftalats?"},"content":{"rendered":"<h1><strong>Qu\u00e8 s\u00f3n els ftalats?<\/strong><\/h1>\n<div>\n<p>Els ftalats s\u00f3n un grup de compostos qu\u00edmics que es troba en molt alta concentraci\u00f3 en les joguines sexuals. <strong>S\u00f3n l&#8217;equivalent a l&#8217;oli de palmell, que fa que tot s\u00e0piga m\u00e9s ric<\/strong>, per\u00f2 a costa de la teva salut. Els ftalats fan que els pl\u00e0stics siguin m\u00e9s suaus i tinguin millor olor.<\/p>\n<\/div>\n<div>\n<p>Aquests perillosos suavitzants t\u00f2xics es feien servir en l&#8217;elaboraci\u00f3 de les joguines infantils i van ser prohibides l&#8217;any passat per la Uni\u00f3 Europea en considerar-les un risc per a la salut dels nens. Tot i aix\u00f2, no han estat retirats en l&#8217;elaboraci\u00f3 dels articles sexuals.<\/p>\n<p>L&#8217;\u00fas continuat d&#8217;aquestes subst\u00e0ncies provoca un ventall de conseq\u00fc\u00e8ncies m\u00e8diques que van des de l&#8217;asma, al\u00b7l\u00e8rgies, dermatitis fins a c\u00e0ncer, malformacions als fetus i anomalies genitals.<\/p>\n<\/div>\n<p><!--more--><br \/>\n<!-- {\"type\":\"layout\",\"children\":[{\"type\":\"section\",\"props\":{\"image_position\":\"center-center\",\"padding_remove_bottom\":true,\"style\":\"default\",\"title_breakpoint\":\"xl\",\"title_position\":\"top-left\",\"title_rotation\":\"left\",\"vertical_align\":\"middle\",\"width\":\"default\"},\"children\":[{\"type\":\"row\",\"children\":[{\"type\":\"column\",\"props\":{\"image_position\":\"center-center\",\"position_sticky_breakpoint\":\"m\"},\"children\":[{\"type\":\"headline\",\"props\":{\"content\":\"<strong>Qu\\u00e8 s\\u00f3n els ftalats?<\\\/strong>\",\"text_align\":\"center\",\"title_element\":\"h1\"}},{\"type\":\"text\",\"props\":{\"column_breakpoint\":\"m\",\"content\":\"\n\n<p>Els ftalats s\\u00f3n un grup de compostos qu\\u00edmics que es troba en molt alta concentraci\\u00f3 en les joguines sexuals. <strong>S\\u00f3n l'equivalent a l'oli de palmell, que fa que tot s\\u00e0piga m\\u00e9s ric<\\\/strong>, per\\u00f2 a costa de la teva salut. Els ftalats fan que els pl\\u00e0stics siguin m\\u00e9s suaus i tinguin millor olor.<\\\/p>\",\"margin\":\"default\",\"text_style\":\"large\"}}]}]}],\"name\":\"Introducci\\u00f3\"},{\"type\":\"section\",\"props\":{\"image_position\":\"center-center\",\"padding\":\"small\",\"padding_remove_top\":false,\"style\":\"default\",\"title_breakpoint\":\"xl\",\"title_position\":\"top-left\",\"title_rotation\":\"left\",\"vertical_align\":\"middle\",\"width\":\"default\"},\"children\":[{\"type\":\"row\",\"children\":[{\"type\":\"column\",\"props\":{\"image_position\":\"center-center\",\"position_sticky_breakpoint\":\"m\"},\"children\":[{\"type\":\"text\",\"props\":{\"column_breakpoint\":\"m\",\"content\":\"\n\n<p>Aquests perillosos suavitzants t\\u00f2xics es feien servir en l'elaboraci\\u00f3 de les joguines infantils i van ser prohibides l'any passat per la Uni\\u00f3 Europea en considerar-les un risc per a la salut dels nens. Tot i aix\\u00f2, no han estat retirats en l'elaboraci\\u00f3 dels articles sexuals.<\\\/p>\\n\n\n<p>L'\\u00fas continuat d'aquestes subst\\u00e0ncies provoca un ventall de conseq\\u00fc\\u00e8ncies m\\u00e8diques que van des de l'asma, al\\u00b7l\\u00e8rgies, dermatitis fins a c\\u00e0ncer, malformacions als fetus i anomalies genitals.<\\\/p>\",\"margin\":\"default\"}}]}]}],\"name\":\"Contingut\"}],\"version\":\"4.4.20\"} --><\/p>\n","protected":false},"excerpt":{"rendered":"<p>Qu\u00e8 s\u00f3n els ftalats? Els ftalats s\u00f3n un grup de compostos qu\u00edmics que es troba en molt alta concentraci\u00f3 en les joguines sexuals. S\u00f3n l&#8217;equivalent a l&#8217;oli de palmell, que fa que tot s\u00e0piga m\u00e9s ric, per\u00f2 a costa de la teva salut. Els ftalats fan que els pl\u00e0stics siguin m\u00e9s suaus i tinguin millor [&hellip;]<\/p>\n","protected":false},"author":1,"featured_media":0,"parent":0,"menu_order":0,"comment_status":"closed","ping_status":"closed","template":"","meta":{"footnotes":""},"class_list":["post-1209","page","type-page","status-publish","hentry"],"_links":{"self":[{"href":"https:\/\/tumuneca-sexdoll.com\/ca\/wp-json\/wp\/v2\/pages\/1209","targetHints":{"allow":["GET"]}}],"collection":[{"href":"https:\/\/tumuneca-sexdoll.com\/ca\/wp-json\/wp\/v2\/pages"}],"about":[{"href":"https:\/\/tumuneca-sexdoll.com\/ca\/wp-json\/wp\/v2\/types\/page"}],"author":[{"embeddable":true,"href":"https:\/\/tumuneca-sexdoll.com\/ca\/wp-json\/wp\/v2\/users\/1"}],"replies":[{"embeddable":true,"href":"https:\/\/tumuneca-sexdoll.com\/ca\/wp-json\/wp\/v2\/comments?post=1209"}],"version-history":[{"count":0,"href":"https:\/\/tumuneca-sexdoll.com\/ca\/wp-json\/wp\/v2\/pages\/1209\/revisions"}],"wp:attachment":[{"href":"https:\/\/tumuneca-sexdoll.com\/ca\/wp-json\/wp\/v2\/media?parent=1209"}],"curies":[{"name":"wp","href":"https:\/\/api.w.org\/{rel}","templated":true}]}}