{"id":1216,"date":"2025-01-17T18:38:34","date_gmt":"2025-01-17T17:38:34","guid":{"rendered":"https:\/?page_id=1216"},"modified":"2025-07-03T19:21:48","modified_gmt":"2025-07-03T17:21:48","slug":"qui-som","status":"publish","type":"page","link":"https:\/\/tumuneca-sexdoll.com\/ca\/qui-som\/","title":{"rendered":"Qui som?"},"content":{"rendered":"<h1><strong>Qui som?<\/strong><\/h1>\n<div><strong>Especialistes en nines sexuals realistes<\/strong><\/div>\n<p><img decoding=\"async\" src=\"\/wp-content\/uploads\/2025\/03\/1_resultado.webp\" alt=\"\"><\/p>\n<h2><strong>Benvinguts a<\/strong> <br \/>Tu Mu\u00f1eca Sex doll \u00b7 Sensotic<\/h2>\n<p><img decoding=\"async\" src=\"\/wp-content\/uploads\/2025\/03\/3_resultado.webp\" alt=\"\"><\/p>\n<div>\n<p>La finalitat de <strong>Tu Mu\u00f1eca Sex Doll \u00b7 Sensotic<\/strong> \u00e9s que les persones desenvolupin la seva sexualitat en el m\u00e9s ampli sentit i sempre oferint el millor servei, seguit de productes d&#8217;alta qualitat, com s\u00f3n les nostres nines sexuals realistes.<\/p>\n<p>Volem ajudar que els nostres clients es coneguin cada vegada m\u00e9s i puguin <strong>EXPLORAR, DESCOBRIR I GAUDIR<\/strong> de tots els aspectes de la seva sexualitat en solitari o en parella, amb les nines per a adults de la nostra empresa especialitzada.<\/p>\n<p>Explorant sentits que encara eren desconeguts.<\/p>\n<\/div>\n<h2><strong>Transparents amb<\/strong><br class=\"uk-visible@s\" \/> els nostres clients<\/h2>\n<h2><strong>Transparentes con<\/strong><br class=\"uk-visible@s\" \/>nuestros clientes<\/h2>\n<p><img decoding=\"async\" src=\"\/wp-content\/uploads\/2025\/03\/2_resultado.webp\" alt=\"\"><\/p>\n<div>\n<p>Tot aquest prop\u00f2sit a trav\u00e9s de brindar una <strong>CORRECTA I CLARA<\/strong>\u00a0informaci\u00f3 de totes les nostres sexdolls i\u00a0productes,\u00a0i\u00a0tamb\u00e9,\u00a0una atenci\u00f3 al client personalitzada.<\/p>\n<p>La <strong>SALUT SEXUAL<\/strong>\u00a0de cada persona \u00e9s el que m\u00e9s\u00a0<strong>VALOREM, i<\/strong>\u00a0per aix\u00f2 volem acompanyar-lo en el cam\u00ed d&#8217;aprenentatge i descobriment. Sent conscients i fent-lo conscient que la salut sexual i mental de cada persona est\u00e0 per sobre de tota la resta, \u00e9s per aix\u00f2 que posem a la teva disposici\u00f3 una comunitat molt extensa de nines per fer l&#8217;amor, entre altres joguines.<\/p>\n<\/div>\n<h2>Canviar el <strong>futur<\/strong><\/h2>\n<p><img decoding=\"async\" src=\"\/wp-content\/uploads\/2025\/03\/4_resultado.webp\" alt=\"\"><\/p>\n<div>\n<p>Enfoquem el valor de <strong>Tu Mu\u00f1eca Sex Doll \u00b7 Sensotic<\/strong> a llarg termini, tot perqu\u00e8 en un futur tothom tingui la llibertat sexual per triar el cam\u00ed a seguir. I sigui quina sigui on sempre quedi una inquietud i un sentit per redescobrir.<\/p>\n<p>Els nostres principis i pol\u00edtiques d&#8217;empresa estan enfocats a <strong>\u00c8TICA I HONESTEDAT<\/strong> cap als nostres clients i usuaris. Creiem que la <strong>TRANSPAR\u00c8NCIA I PASSI\u00d3<\/strong> pel que fem \u00e9s la nostra millor arma per continuar complint objectius i metes.<\/p>\n<\/div>\n<p><!--more--><br \/>\n<!-- {\"type\":\"layout\",\"children\":[{\"type\":\"section\",\"props\":{\"image_position\":\"center-center\",\"padding\":\"small\",\"style\":\"default\",\"title_breakpoint\":\"xl\",\"title_position\":\"top-left\",\"title_rotation\":\"left\",\"vertical_align\":\"middle\",\"width\":\"default\"},\"children\":[{\"type\":\"row\",\"children\":[{\"type\":\"column\",\"props\":{\"image_position\":\"center-center\",\"position_sticky_breakpoint\":\"m\"},\"children\":[{\"type\":\"headline\",\"props\":{\"content\":\"<strong>Qui som?<\\\/strong>\",\"margin\":\"small\",\"margin_remove_top\":false,\"text_align\":\"center\",\"title_element\":\"h1\",\"title_style\":\"heading-small\"}},{\"type\":\"headline\",\"props\":{\"animation\":\"slide-top-small\",\"content\":\"<strong>Especialistes en nines sexuals realistes<\\\/strong>\",\"css\":\".el-element { letter-spacing: 4px; }\",\"margin\":\"default\",\"text_align\":\"center\",\"title_element\":\"div\",\"title_style\":\"h5\"}}]}]}],\"name\":\"Qui som?\"},{\"name\":\"Portada\",\"type\":\"section\",\"props\":{\"animation\":\"slide-bottom-small\",\"height_offset_top\":false,\"height_viewport\":true,\"image_loading\":true,\"image_position\":\"center-center\",\"image_size\":\"cover\",\"image_width\":\"1920\",\"media_background\":\"#fff\",\"media_overlay\":\"rgba(0, 0, 0, 0.14)\",\"padding\":\"small\",\"style\":\"default\",\"text_color\":\"light\",\"title_breakpoint\":\"xl\",\"title_position\":\"top-left\",\"title_rotation\":\"left\",\"vertical_align\":\"middle\",\"width\":\"default\"},\"children\":[{\"type\":\"row\",\"props\":{\"margin\":\"default\"},\"children\":[{\"type\":\"column\",\"props\":{\"image_position\":\"center-center\",\"position_sticky_breakpoint\":\"m\",\"width_medium\":\"1-1\"},\"children\":[{\"type\":\"image\",\"props\":{\"image\":\"wp-content\\\/uploads\\\/2025\\\/03\\\/1_resultado.webp\",\"image_svg_color\":\"emphasis\",\"margin\":\"default\"}}]}]}]},{\"name\":\"Benvinguts\",\"type\":\"section\",\"props\":{\"animation\":\"fade\",\"animation_delay\":false,\"image_position\":\"bottom-right\",\"padding\":\"small\",\"padding_remove_top\":false,\"style\":\"default\",\"title_breakpoint\":\"xl\",\"title_position\":\"top-left\",\"title_rotation\":\"left\",\"vertical_align\":\"\",\"width\":\"default\"},\"children\":[{\"type\":\"row\",\"props\":{\"column_gap\":\"large\",\"layout\":\"1-2,1-2\",\"row_gap\":\"large\"},\"children\":[{\"type\":\"column\",\"props\":{\"image_position\":\"center-center\",\"position_sticky_breakpoint\":\"m\",\"width_medium\":\"1-2\"},\"children\":[{\"type\":\"headline\",\"props\":{\"content\":\"<strong>Benvinguts a<\\\/strong> <br \\\/>Tu Mu\\u00f1eca Sex doll \\u00b7 Sensotic\",\"maxwidth\":\"xlarge\",\"title_element\":\"h2\",\"title_style\":\"h1\"}},{\"type\":\"image\",\"props\":{\"image\":\"wp-content\\\/uploads\\\/2025\\\/03\\\/3_resultado.webp\",\"image_svg_color\":\"emphasis\",\"margin\":\"default\"}}]},{\"type\":\"column\",\"props\":{\"image_position\":\"center-center\",\"position_sticky_breakpoint\":\"m\",\"width_medium\":\"1-2\"},\"children\":[{\"type\":\"text\",\"props\":{\"column_breakpoint\":\"m\",\"content\":\"\n\n<p>La finalitat de <strong>Tu Mu\\u00f1eca Sex Doll \\u00b7 Sensotic<\\\/strong> \\u00e9s que les persones desenvolupin la seva sexualitat en el m\\u00e9s ampli sentit i sempre oferint el millor servei, seguit de productes d'alta qualitat, com s\\u00f3n les nostres nines sexuals realistes.<\\\/p>\\n\n\n<p>Volem ajudar que els nostres clients es coneguin cada vegada m\\u00e9s i puguin <strong>EXPLORAR, DESCOBRIR I GAUDIR<\\\/strong> de tots els aspectes de la seva sexualitat en solitari o en parella, amb les nines per a adults de la nostra empresa especialitzada.<\\\/p>\\n\n\n<p>Explorant sentits que encara eren desconeguts.<\\\/p>\",\"margin\":\"medium\",\"text_style\":\"lead\"}}]}]}]},{\"type\":\"section\",\"props\":{\"image_position\":\"center-center\",\"padding\":\"small\",\"padding_remove_bottom\":true,\"style\":\"default\",\"title_breakpoint\":\"xl\",\"title_position\":\"top-left\",\"title_rotation\":\"left\",\"vertical_align\":\"middle\",\"width\":\"default\"},\"children\":[{\"type\":\"row\",\"children\":[{\"type\":\"column\",\"props\":{\"image_position\":\"center-center\",\"position_sticky_breakpoint\":\"m\"},\"children\":[{\"type\":\"headline\",\"props\":{\"content\":\"<strong>Transparents amb<\\\/strong><br class=\\\"uk-visible@s\\\" \\\/> els nostres clients\",\"maxwidth\":\"xlarge\",\"title_element\":\"h2\",\"title_style\":\"h1\",\"visibility\":\"hidden-l\"}}]}]}],\"name\":\"Transparents\"},{\"name\":\"Contingut\",\"type\":\"section\",\"props\":{\"animation\":\"fade\",\"animation_delay\":false,\"image_position\":\"bottom-right\",\"padding\":\"small\",\"style\":\"default\",\"title_breakpoint\":\"xl\",\"title_position\":\"top-left\",\"title_rotation\":\"left\",\"vertical_align\":\"\",\"width\":\"default\"},\"children\":[{\"type\":\"row\",\"props\":{\"column_gap\":\"large\",\"layout\":\"1-2,1-2\",\"row_gap\":\"large\"},\"children\":[{\"type\":\"column\",\"props\":{\"image_position\":\"center-center\",\"position_sticky_breakpoint\":\"m\",\"width_medium\":\"1-2\"},\"children\":[{\"type\":\"headline\",\"props\":{\"content\":\"<strong>Transparentes con<\\\/strong><br class=\\\"uk-visible@s\\\" \\\/>nuestros clientes\",\"maxwidth\":\"xlarge\",\"title_element\":\"h2\",\"title_style\":\"h1\",\"visibility\":\"l\"}},{\"type\":\"image\",\"props\":{\"image\":\"wp-content\\\/uploads\\\/2025\\\/03\\\/2_resultado.webp\",\"image_svg_color\":\"emphasis\",\"margin\":\"default\"}}]},{\"type\":\"column\",\"props\":{\"image_position\":\"center-center\",\"position_sticky_breakpoint\":\"m\",\"width_medium\":\"1-2\"},\"children\":[{\"type\":\"text\",\"props\":{\"column_breakpoint\":\"m\",\"content\":\"\n\n<p>Tot aquest prop\\u00f2sit a trav\\u00e9s de brindar una <strong>CORRECTA I CLARA<\\\/strong>\\u00a0informaci\\u00f3 de totes les nostres sexdolls i\\u00a0productes,\\u00a0i\\u00a0tamb\\u00e9,\\u00a0una atenci\\u00f3 al client personalitzada.<\\\/p>\\n\n\n<p>La <strong>SALUT SEXUAL<\\\/strong>\\u00a0de cada persona \\u00e9s el que m\\u00e9s\\u00a0<strong>VALOREM, i<\\\/strong>\\u00a0per aix\\u00f2 volem acompanyar-lo en el cam\\u00ed d'aprenentatge i descobriment. Sent conscients i fent-lo conscient que la salut sexual i mental de cada persona est\\u00e0 per sobre de tota la resta, \\u00e9s per aix\\u00f2 que posem a la teva disposici\\u00f3 una comunitat molt extensa de nines per fer l'amor, entre altres joguines.<\\\/p>\",\"margin\":\"medium\",\"text_style\":\"lead\"}}]}]}]},{\"name\":\"Canviar el futur\",\"type\":\"section\",\"props\":{\"animation\":\"fade\",\"animation_delay\":false,\"image_position\":\"bottom-right\",\"padding\":\"small\",\"style\":\"default\",\"title_breakpoint\":\"xl\",\"title_position\":\"top-left\",\"title_rotation\":\"left\",\"vertical_align\":\"\",\"width\":\"default\"},\"children\":[{\"type\":\"row\",\"props\":{\"column_gap\":\"large\",\"layout\":\"1-2,1-2\",\"row_gap\":\"large\"},\"children\":[{\"type\":\"column\",\"props\":{\"image_position\":\"center-center\",\"position_sticky_breakpoint\":\"m\",\"width_medium\":\"1-2\"},\"children\":[{\"type\":\"headline\",\"props\":{\"content\":\"Canviar el <strong>futur<\\\/strong>\",\"maxwidth\":\"xlarge\",\"title_element\":\"h2\",\"title_style\":\"h1\"}},{\"type\":\"image\",\"props\":{\"image\":\"wp-content\\\/uploads\\\/2025\\\/03\\\/4_resultado.webp\",\"image_svg_color\":\"emphasis\",\"margin\":\"default\"}}]},{\"type\":\"column\",\"props\":{\"image_position\":\"center-center\",\"position_sticky_breakpoint\":\"m\",\"width_medium\":\"1-2\"},\"children\":[{\"type\":\"text\",\"props\":{\"column_breakpoint\":\"m\",\"content\":\"\n\n<p>Enfoquem el valor de <strong>Tu Mu\\u00f1eca Sex Doll \\u00b7 Sensotic<\\\/strong> a llarg termini, tot perqu\\u00e8 en un futur tothom tingui la llibertat sexual per triar el cam\\u00ed a seguir. I sigui quina sigui on sempre quedi una inquietud i un sentit per redescobrir.<\\\/p>\\n\n\n<p>Els nostres principis i pol\\u00edtiques d'empresa estan enfocats a <strong>\\u00c8TICA I HONESTEDAT<\\\/strong> cap als nostres clients i usuaris. Creiem que la <strong>TRANSPAR\\u00c8NCIA I PASSI\\u00d3<\\\/strong> pel que fem \\u00e9s la nostra millor arma per continuar complint objectius i metes.<\\\/p>\",\"margin\":\"medium\",\"text_style\":\"lead\"}}]}]}]}],\"version\":\"4.5.21\"} --><\/p>\n","protected":false},"excerpt":{"rendered":"<p>Qui som? Especialistes en nines sexuals realistes Benvinguts a Tu Mu\u00f1eca Sex doll \u00b7 Sensotic La finalitat de Tu Mu\u00f1eca Sex Doll \u00b7 Sensotic \u00e9s que les persones desenvolupin la seva sexualitat en el m\u00e9s ampli sentit i sempre oferint el millor servei, seguit de productes d&#8217;alta qualitat, com s\u00f3n les nostres nines sexuals realistes. [&hellip;]<\/p>\n","protected":false},"author":1,"featured_media":0,"parent":0,"menu_order":0,"comment_status":"closed","ping_status":"closed","template":"","meta":{"footnotes":""},"class_list":["post-1216","page","type-page","status-publish","hentry"],"_links":{"self":[{"href":"https:\/\/tumuneca-sexdoll.com\/ca\/wp-json\/wp\/v2\/pages\/1216","targetHints":{"allow":["GET"]}}],"collection":[{"href":"https:\/\/tumuneca-sexdoll.com\/ca\/wp-json\/wp\/v2\/pages"}],"about":[{"href":"https:\/\/tumuneca-sexdoll.com\/ca\/wp-json\/wp\/v2\/types\/page"}],"author":[{"embeddable":true,"href":"https:\/\/tumuneca-sexdoll.com\/ca\/wp-json\/wp\/v2\/users\/1"}],"replies":[{"embeddable":true,"href":"https:\/\/tumuneca-sexdoll.com\/ca\/wp-json\/wp\/v2\/comments?post=1216"}],"version-history":[{"count":0,"href":"https:\/\/tumuneca-sexdoll.com\/ca\/wp-json\/wp\/v2\/pages\/1216\/revisions"}],"wp:attachment":[{"href":"https:\/\/tumuneca-sexdoll.com\/ca\/wp-json\/wp\/v2\/media?parent=1216"}],"curies":[{"name":"wp","href":"https:\/\/api.w.org\/{rel}","templated":true}]}}