{"id":1235,"date":"2025-01-30T19:19:17","date_gmt":"2025-01-30T18:19:17","guid":{"rendered":"https:\/?page_id=1235"},"modified":"2025-10-17T15:58:56","modified_gmt":"2025-10-17T13:58:56","slug":"avis-legal","status":"publish","type":"page","link":"https:\/\/tumuneca-sexdoll.com\/ca\/avis-legal\/","title":{"rendered":"Av\u00eds legal"},"content":{"rendered":"<h1><strong>Av\u00eds legal<\/strong><\/h1>\n<h1>1. Informaci\u00f3 legal<\/h1>\n<div>\n<p>En compliment de la <em><strong>Llei 34\/2002, d&#8217;11 de juliol, de serveis de la Societat de la Informaci\u00f3 i de Comer\u00e7 Electr\u00f2nic<\/strong><\/em> presentem la informaci\u00f3 seg\u00fcent:<\/p>\n<p><strong>TITULAR:<\/strong> AFG SOLUCIONES Y SISTEMAS, SL<\/p>\n<p><strong>NIF:<\/strong> B63108112<\/p>\n<p><strong>NOM COMERCIAL:<\/strong> TU MU\u00d1ECA SEX DOLL \u00b7 SENSOTIC<\/p>\n<p><strong>ADRE\u00c7A:<\/strong> Carrer Susany, 8; 08554 &#8211; Sant Miquel de Baleny\u00e0 (Barcelona)<\/p>\n<p><strong>CONTACTE: <\/strong><a href=\"tel:+34930485120\">+34 930 485 120<\/a><\/p>\n<p><strong>CORREU ELECTR\u00d2NIC: <\/strong><a href=\"mailto:info@tumuneca-sexdoll.com\">info@tumuneca-sexdoll.com<\/a><\/p>\n<p><strong>P\u00c0GINA WEB OFICIAL: <\/strong><a href=\"https:\/\/tumuneca-sexdoll.com\/ca\/\">https:\/\/tumuneca-sexdoll.com\/ca\/<\/a><\/p>\n<\/div>\n<h1>2. Protecci\u00f3 de dades<\/h1>\n<div>\n<p>Enviant un correu electr\u00f2nic, trucant per tel\u00e8fon o enviant un missatge de WhatsApp, les vostres dades personals passaran a ser responsabilitat de l&#8217;empresa indicada a <strong>\u00abl&#8217;Apartat 1\u00bb<\/strong>.<\/p>\n<p>Aquestes dades s&#8217;utilitzen per respondre a la vostra sol\u00b7licitud o consulta el m\u00e9s r\u00e0pid possible perqu\u00e8 vost\u00e8 ens les proporciona informat i lliurement amb aquesta finalitat. Per a altres tractaments o finalitats relacionades amb la venda de productes, podeu obtenir m\u00e9s informaci\u00f3 a <strong>\u00abEnlla\u00e7os legals\u00bb<\/strong> sol\u00b7licitar-nos-la a la nostra adre\u00e7a de correu electr\u00f2nic que apareix a <strong>\u00abl&#8217;Apartat 1\u00bb<\/strong>.<\/p>\n<\/div>\n<h1>3. Limitacions de responsabilitats<\/h1>\n<div>\n<p>Proporcionem un lloc web corporatiu com a mitj\u00e0 per donar a con\u00e8ixer els nostres productes i permetre el contacte amb els clients.<\/p>\n<p>La informaci\u00f3 de la p\u00e0gina web es presenta de bona fe i totalment certa, per\u00f2 ens reservem el dret de modificar-la sense previ av\u00eds amb la finalitat d&#8217;actualitzar-la, corregir errors i qualsevol altre en inter\u00e8s de l&#8217;empresa o dels nostres clients. Per a la compra de productes de l&#8217;empresa s&#8217;atendran a all\u00f2 que es disposa en les <strong>\u00abCondicions d&#8217;\u00fas\u00bb<\/strong> publicades a la p\u00e0gina web.<\/p>\n<p>L&#8217;empresa no es responsabilitza sobre els possibles danys inform\u00e0tics que pateixi l&#8217;usuari mentre visiteu la nostra p\u00e0gina web, entenent que aquests no puguin ser imputables a l&#8217;empresa.<\/p>\n<p>L&#8217;empresa tampoc no es responsabilitza del contingut dels llocs gestionats per tercers que s&#8217;enllacin des de la p\u00e0gina web del <strong>TU MU\u00d1ECA SEX DOLL \u00b7 SENSOTIC<\/strong>, aix\u00ed mateix aquests enlla\u00e7os no implicaran l&#8217;exist\u00e8ncia d&#8217;algun tipus de relaci\u00f3 per part de l&#8217;empresa amb tercers.<\/p>\n<\/div>\n<h1>4. Propietat intel\u00b7lectual<\/h1>\n<div>\n<p>Tots els continguts d&#8217;aquesta p\u00e0gina web, entenent com a tal, textos, dibuixos, gr\u00e0fics, fotografies, imatges, v\u00eddeos, m\u00fasica, codi, el mateix disseny d&#8217;aquesta i qualsevol altra creaci\u00f3, s\u00f3n propietat del <strong>TU MU\u00d1ECA SEX DOLL \u00b7 SENSOTIC<\/strong> o dels seus respectius titulars mitjan\u00e7ant la corresponent llic\u00e8ncia, autoritzaci\u00f3 o cessi\u00f3 sobre els drets i estan protegits en funci\u00f3 de la legislaci\u00f3 sobre la propietat intel\u00b7lectual i industrial. En cap cas, s&#8217;entendr\u00e0 que la posada en disposici\u00f3 al p\u00fablic de la p\u00e0gina web, constitueix a ren\u00fancia, cessi\u00f3 o llic\u00e8ncia dels drets que <strong>TU MU\u00d1ECA SEX DOLL \u00b7 SENSOTIC<\/strong> t\u00e9 sobre els continguts d&#8217;aquesta. Queda prohibit qualsevol \u00fas dels continguts de la nostra p\u00e0gina web, inclosa la modificaci\u00f3, la c\u00f2pia, la reproducci\u00f3, la transmissi\u00f3, entre d&#8217;altres, sense el perm\u00eds previ per escrit de l&#8217;empresa.<\/p>\n<\/div>\n<p><!--more--><br \/>\n<!-- {\"type\":\"layout\",\"children\":[{\"type\":\"section\",\"props\":{\"image_position\":\"center-center\",\"padding\":\"small\",\"style\":\"default\",\"title_breakpoint\":\"xl\",\"title_position\":\"top-left\",\"title_rotation\":\"left\",\"vertical_align\":\"middle\",\"width\":\"default\"},\"children\":[{\"type\":\"row\",\"children\":[{\"type\":\"column\",\"props\":{\"image_position\":\"center-center\",\"position_sticky_breakpoint\":\"m\"},\"children\":[{\"type\":\"headline\",\"props\":{\"content\":\"<strong>Av\\u00eds legal<\\\/strong>\",\"text_align\":\"center\",\"title_element\":\"h1\",\"title_style\":\"h1\"}}]}]}],\"name\":\"Portada\"},{\"type\":\"section\",\"props\":{\"image_position\":\"center-center\",\"padding\":\"small\",\"style\":\"default\",\"title_breakpoint\":\"xl\",\"title_position\":\"top-left\",\"title_rotation\":\"left\",\"vertical_align\":\"middle\",\"width\":\"default\"},\"children\":[{\"type\":\"row\",\"children\":[{\"type\":\"column\",\"props\":{\"image_position\":\"center-center\",\"position_sticky_breakpoint\":\"m\"},\"children\":[{\"type\":\"headline\",\"props\":{\"content\":\"1. Informaci\\u00f3 legal\",\"title_element\":\"h1\",\"title_style\":\"h2\"}},{\"type\":\"text\",\"props\":{\"column_breakpoint\":\"m\",\"content\":\"\n\n<p>En compliment de la <em><strong>Llei 34\\\/2002, d'11 de juliol, de serveis de la Societat de la Informaci\\u00f3 i de Comer\\u00e7 Electr\\u00f2nic<\\\/strong><\\\/em> presentem la informaci\\u00f3 seg\\u00fcent:<\\\/p>\\n\n\n<p><strong>TITULAR:<\\\/strong> AFG SOLUCIONES Y SISTEMAS, SL<\\\/p>\\n\n\n<p><strong>NIF:<\\\/strong> B63108112<\\\/p>\\n\n\n<p><strong>NOM COMERCIAL:<\\\/strong> TU MU\\u00d1ECA SEX DOLL \\u00b7 SENSOTIC<\\\/p>\\n\n\n<p><strong>ADRE\\u00c7A:<\\\/strong> Carrer Susany, 8; 08554 - Sant Miquel de Baleny\\u00e0 (Barcelona)<\\\/p>\\n\n\n<p><strong>CONTACTE: <\\\/strong><a href=\\\"tel:+34930485120\\\">+34 930 485 120<\\\/a><\\\/p>\\n\n\n<p><strong>CORREU ELECTR\\u00d2NIC: <\\\/strong><a href=\\\"mailto:info@tumuneca-sexdoll.com\\\">info@tumuneca-sexdoll.com<\\\/a><\\\/p>\\n\n\n<p><strong>P\\u00c0GINA WEB OFICIAL: <\\\/strong><a href=\\\"https:\\\/\\\/tumuneca-sexdoll.com\\\/ca\\\/\\\">https:\\\/\\\/tumuneca-sexdoll.com\\\/ca\\\/<\\\/a><\\\/p>\",\"margin\":\"default\",\"text_color\":\"primary\"}}]}]}],\"name\":\"1. Informaci\\u00f3 legal\"},{\"type\":\"section\",\"props\":{\"image_position\":\"center-center\",\"padding\":\"small\",\"style\":\"default\",\"title_breakpoint\":\"xl\",\"title_position\":\"top-left\",\"title_rotation\":\"left\",\"vertical_align\":\"middle\",\"width\":\"default\"},\"children\":[{\"type\":\"row\",\"children\":[{\"type\":\"column\",\"props\":{\"image_position\":\"center-center\",\"position_sticky_breakpoint\":\"m\"},\"children\":[{\"type\":\"headline\",\"props\":{\"content\":\"2. Protecci\\u00f3 de dades\",\"title_element\":\"h1\",\"title_style\":\"h2\"}},{\"type\":\"text\",\"props\":{\"column_breakpoint\":\"m\",\"content\":\"\n\n<p>Enviant un correu electr\\u00f2nic, trucant per tel\\u00e8fon o enviant un missatge de WhatsApp, les vostres dades personals passaran a ser responsabilitat de l'empresa indicada a <strong>\\u00abl'Apartat 1\\u00bb<\\\/strong>.<\\\/p>\\n\n\n<p>Aquestes dades s'utilitzen per respondre a la vostra sol\\u00b7licitud o consulta el m\\u00e9s r\\u00e0pid possible perqu\\u00e8 vost\\u00e8 ens les proporciona informat i lliurement amb aquesta finalitat. Per a altres tractaments o finalitats relacionades amb la venda de productes, podeu obtenir m\\u00e9s informaci\\u00f3 a <strong>\\u00abEnlla\\u00e7os legals\\u00bb<\\\/strong> sol\\u00b7licitar-nos-la a la nostra adre\\u00e7a de correu electr\\u00f2nic que apareix a <strong>\\u00abl'Apartat 1\\u00bb<\\\/strong>.<\\\/p>\",\"margin\":\"default\",\"text_color\":\"primary\"}}]}]}],\"name\":\"2. Protecci\\u00f3 de dades\"},{\"type\":\"section\",\"props\":{\"image_position\":\"center-center\",\"padding\":\"small\",\"style\":\"default\",\"title_breakpoint\":\"xl\",\"title_position\":\"top-left\",\"title_rotation\":\"left\",\"vertical_align\":\"middle\",\"width\":\"default\"},\"children\":[{\"type\":\"row\",\"children\":[{\"type\":\"column\",\"props\":{\"image_position\":\"center-center\",\"position_sticky_breakpoint\":\"m\"},\"children\":[{\"type\":\"headline\",\"props\":{\"content\":\"3. Limitacions de responsabilitats\",\"title_element\":\"h1\",\"title_style\":\"h2\"}},{\"type\":\"text\",\"props\":{\"column_breakpoint\":\"m\",\"content\":\"\n\n<p>Proporcionem un lloc web corporatiu com a mitj\\u00e0 per donar a con\\u00e8ixer els nostres productes i permetre el contacte amb els clients.<\\\/p>\\n\n\n<p>La informaci\\u00f3 de la p\\u00e0gina web es presenta de bona fe i totalment certa, per\\u00f2 ens reservem el dret de modificar-la sense previ av\\u00eds amb la finalitat d'actualitzar-la, corregir errors i qualsevol altre en inter\\u00e8s de l'empresa o dels nostres clients. Per a la compra de productes de l'empresa s'atendran a all\\u00f2 que es disposa en les <strong>\\u00abCondicions d'\\u00fas\\u00bb<\\\/strong> publicades a la p\\u00e0gina web.<\\\/p>\\n\n\n<p>L'empresa no es responsabilitza sobre els possibles danys inform\\u00e0tics que pateixi l'usuari mentre visiteu la nostra p\\u00e0gina web, entenent que aquests no puguin ser imputables a l'empresa.<\\\/p>\\n\n\n<p>L'empresa tampoc no es responsabilitza del contingut dels llocs gestionats per tercers que s'enllacin des de la p\\u00e0gina web del <strong>TU MU\\u00d1ECA SEX DOLL \\u00b7 SENSOTIC<\\\/strong>, aix\\u00ed mateix aquests enlla\\u00e7os no implicaran l'exist\\u00e8ncia d'algun tipus de relaci\\u00f3 per part de l'empresa amb tercers.<\\\/p>\",\"margin\":\"default\",\"text_color\":\"primary\"}}]}]}],\"name\":\"3. Limitacions de responsabilitats\"},{\"type\":\"section\",\"props\":{\"image_position\":\"center-center\",\"padding\":\"small\",\"style\":\"default\",\"title_breakpoint\":\"xl\",\"title_position\":\"top-left\",\"title_rotation\":\"left\",\"vertical_align\":\"middle\",\"width\":\"default\"},\"children\":[{\"type\":\"row\",\"children\":[{\"type\":\"column\",\"props\":{\"image_position\":\"center-center\",\"position_sticky_breakpoint\":\"m\"},\"children\":[{\"type\":\"headline\",\"props\":{\"content\":\"4. Propietat intel\\u00b7lectual\",\"title_element\":\"h1\",\"title_style\":\"h2\"}},{\"type\":\"text\",\"props\":{\"column_breakpoint\":\"m\",\"content\":\"\n\n<p>Tots els continguts d'aquesta p\\u00e0gina web, entenent com a tal, textos, dibuixos, gr\\u00e0fics, fotografies, imatges, v\\u00eddeos, m\\u00fasica, codi, el mateix disseny d'aquesta i qualsevol altra creaci\\u00f3, s\\u00f3n propietat del <strong>TU MU\\u00d1ECA SEX DOLL \\u00b7 SENSOTIC<\\\/strong> o dels seus respectius titulars mitjan\\u00e7ant la corresponent llic\\u00e8ncia, autoritzaci\\u00f3 o cessi\\u00f3 sobre els drets i estan protegits en funci\\u00f3 de la legislaci\\u00f3 sobre la propietat intel\\u00b7lectual i industrial. En cap cas, s'entendr\\u00e0 que la posada en disposici\\u00f3 al p\\u00fablic de la p\\u00e0gina web, constitueix a ren\\u00fancia, cessi\\u00f3 o llic\\u00e8ncia dels drets que <strong>TU MU\\u00d1ECA SEX DOLL \\u00b7 SENSOTIC<\\\/strong> t\\u00e9 sobre els continguts d'aquesta. Queda prohibit qualsevol \\u00fas dels continguts de la nostra p\\u00e0gina web, inclosa la modificaci\\u00f3, la c\\u00f2pia, la reproducci\\u00f3, la transmissi\\u00f3, entre d'altres, sense el perm\\u00eds previ per escrit de l'empresa.<\\\/p>\",\"margin\":\"default\",\"text_color\":\"primary\"}}]}]}],\"name\":\"4. Propietat intel\\u00b7lectual\"}],\"version\":\"4.5.31\"} --><\/p>\n","protected":false},"excerpt":{"rendered":"<p>Av\u00eds legal 1. Informaci\u00f3 legal En compliment de la Llei 34\/2002, d&#8217;11 de juliol, de serveis de la Societat de la Informaci\u00f3 i de Comer\u00e7 Electr\u00f2nic presentem la informaci\u00f3 seg\u00fcent: TITULAR: AFG SOLUCIONES Y SISTEMAS, SL NIF: B63108112 NOM COMERCIAL: TU MU\u00d1ECA SEX DOLL \u00b7 SENSOTIC ADRE\u00c7A: Carrer Susany, 8; 08554 &#8211; Sant Miquel de [&hellip;]<\/p>\n","protected":false},"author":1,"featured_media":0,"parent":0,"menu_order":0,"comment_status":"closed","ping_status":"closed","template":"","meta":{"footnotes":""},"class_list":["post-1235","page","type-page","status-publish","hentry"],"_links":{"self":[{"href":"https:\/\/tumuneca-sexdoll.com\/ca\/wp-json\/wp\/v2\/pages\/1235","targetHints":{"allow":["GET"]}}],"collection":[{"href":"https:\/\/tumuneca-sexdoll.com\/ca\/wp-json\/wp\/v2\/pages"}],"about":[{"href":"https:\/\/tumuneca-sexdoll.com\/ca\/wp-json\/wp\/v2\/types\/page"}],"author":[{"embeddable":true,"href":"https:\/\/tumuneca-sexdoll.com\/ca\/wp-json\/wp\/v2\/users\/1"}],"replies":[{"embeddable":true,"href":"https:\/\/tumuneca-sexdoll.com\/ca\/wp-json\/wp\/v2\/comments?post=1235"}],"version-history":[{"count":0,"href":"https:\/\/tumuneca-sexdoll.com\/ca\/wp-json\/wp\/v2\/pages\/1235\/revisions"}],"wp:attachment":[{"href":"https:\/\/tumuneca-sexdoll.com\/ca\/wp-json\/wp\/v2\/media?parent=1235"}],"curies":[{"name":"wp","href":"https:\/\/api.w.org\/{rel}","templated":true}]}}