{"id":1256,"date":"2025-01-30T19:32:41","date_gmt":"2025-01-30T18:32:41","guid":{"rendered":"https:\/?page_id=1256"},"modified":"2025-07-03T19:20:50","modified_gmt":"2025-07-03T17:20:50","slug":"blog","status":"publish","type":"page","link":"https:\/\/tumuneca-sexdoll.com\/ca\/blog\/","title":{"rendered":"Blog"},"content":{"rendered":"<h1><strong>El nostre blog<\/strong><\/h1>\n<ul>\n<li>\n<h2>Quina joguina he de comprar?<\/h2>\n<p><time datetime=\"2016-11-06T10:01:55+00:00\">9 de gener de 2024<\/time><\/p>\n<div>\n<p style=\"text-align: left;\">Si est\u00e0s llegint aix\u00f2 \u00e9s perqu\u00e8 has decidit comprar una joguina per primera vegada i aqu\u00ed estem per ajudar-te perqu\u00e8 normalment quan comences a buscar per internet la quantitat de productes i botigues er\u00f2tiques \u00e9s exageradament llarga.<\/p>\n<\/div>\n<p><a href=\"#\">Llegir m\u00e9s<\/a><\/p>\n<\/li>\n<li>\n<h2>Com netejar les teves joguines sexuals?<\/h2>\n<p><time datetime=\"2016-11-14T10:03:53+00:00\">17 de gener de 2024<\/time><\/p>\n<div>\n<p style=\"text-align: left;\">Per molta higiene i cura personal que tinguem hem d&#8217;assegurar-nos de netejar a fons les joguines sexuals despr\u00e9s de fer-les servir per a eliminar qualsevol rastre de lubricants i fluids corporals.<\/p>\n<\/div>\n<p><a href=\"https:\/\/tumuneca-sexdoll.com\/ca\/com-netejar-les-teves-joguines-sexuals\/\">Llegir m\u00e9s<\/a><\/p>\n<\/li>\n<li>\n<h2>Materials de fabricaci\u00f3 per a articles er\u00f2tics<\/h2>\n<p><time datetime=\"2016-10-19T10:04:38+00:00\">3 de febrer de 2024<\/time><\/p>\n<div>\n<p><strong>Qu\u00e8 passa amb la salut i seguretat de les persones?<\/strong><\/p>\n<p>Ens posem a la pell dels clients. Creiem que agradaria que l&#8217;empresa a la qual volem comprar per internet ens ofereixi una gran varietat de productes i uns preus assequibles, per\u00f2 que tamb\u00e9 tingui aquest tacte a l&#8217;hora de vendre els seus productes, \u00e9s a dir, tacte en la qualitat de les joguines que est\u00e0 venent, aix\u00f2 \u00e9s sin\u00f2nim de salut i seguretat.<\/p>\n<\/div>\n<p><a href=\"https:\/\/tumuneca-sexdoll.com\/ca\/materials-de-fabricacio\/\">Llegir m\u00e9s<\/a><\/p>\n<\/li>\n<li>\n<h2>Qu\u00e8 s\u00f3n els ftalats?<\/h2>\n<p><time datetime=\"2016-10-06T10:02:18+00:00\">26 de febrer de 2024<\/time><\/p>\n<div>\n<p style=\"text-align: left;\">Els ftalats s\u00f3n un grup de compostos qu\u00edmics que es troba en molt alta concentraci\u00f3 en les joguines sexuals. <strong>S\u00f3n l&#8217;equivalent a l&#8217;oli de palmell, que fa que tot s\u00e0piga m\u00e9s ric<\/strong>, per\u00f2 a costa de la teva salut. Els ftalats fan que els pl\u00e0stics siguin m\u00e9s suaus i tinguin millor olor.<\/p>\n<\/div>\n<p><a href=\"https:\/\/tumuneca-sexdoll.com\/ca\/que-son-els-ftalats\/\">Llegir m\u00e9s<\/a><\/p>\n<\/li>\n<li>\n<h2>Guia r\u00e0pida dels materials de fabricaci\u00f3 de joguines<\/h2>\n<p><time datetime=\"2016-09-14T10:07:31+00:00\">11 de mar\u00e7 de 2024<\/time><\/p>\n<div>\n<p><strong>LA M\u00c9S ALTA QUALITAT<\/strong><\/p>\n<p><strong>Silicona de grau m\u00e8dic:<\/strong><\/p>\n<p>No por\u00f3s, f\u00e0cil de netejar, hipoal\u00b7l\u00e8rgica. Netejar amb aigua i sab\u00f3. Usar lubricant aqu\u00f3s, de silicona no es pot.<\/p>\n<p><strong>Vidre, metall i fusta:<\/strong><\/p>\n<p>Assegurances, f\u00e0cils de netejar.<\/p>\n<\/div>\n<p><a href=\"https:\/\/tumuneca-sexdoll.com\/ca\/guia-rapida-de-materials\/\">Llegir m\u00e9s<\/a><\/p>\n<\/li>\n<li>\n<h2>Quan va sorgir la primera nina sexual?<\/h2>\n<p><time datetime=\"2016-07-06T10:02:40+00:00\">18 de mar\u00e7 de 2024<\/time><\/p>\n<div>\n<p style=\"text-align: left;\">Al Jap\u00f3, de vegades anomenen les nines sexuals <strong>\u00abDutch Wives\u00bb<\/strong>, perqu\u00e8 la nina sexual m\u00e9s antiga s&#8217;atribueix als mariners holandesos del segle XVII que ja feien servir nines de tela per alleujar el desig sexual durant els llargs viatges per mar.<\/p>\n<\/div>\n<p><a href=\"https:\/\/tumuneca-sexdoll.com\/ca\/quan-va-sorgir-la-primera-nina-sexual\/\">Llegir m\u00e9s<\/a><\/p>\n<\/li>\n<li>\n<h2>Quin perfil de client sol comprar?<\/h2>\n<p><time datetime=\"2016-07-06T10:02:40+00:00\">29 de mar\u00e7 de 2024<\/time><\/p>\n<div>\n<p style=\"text-align: left;\">Potser el primer que pensem \u00e9s que les solen comprar homes solters, per\u00f2 no \u00e9s sempre ni majorit\u00e0riament aix\u00ed.<\/p>\n<\/div>\n<p><a href=\"https:\/\/tumuneca-sexdoll.com\/ca\/quin-perfil-de-client-sol-comprarles\/\">Llegir m\u00e9s<\/a><\/p>\n<\/li>\n<li>\n<h2>En quins materials solen fabricar-se les nines?<\/h2>\n<p><time datetime=\"2016-07-06T10:02:40+00:00\">7 de maig de 2024<\/time><\/p>\n<div>\n<p style=\"text-align: left;\">La majoria de les nines estan fetes a TPE i Silicona. TPE t\u00e9 molt bona elasticitat, es pot estirar 6 a 10 vegades i encara pot tornar a la mida original.<\/p>\n<\/div>\n<p><a href=\"https:\/\/tumuneca-sexdoll.com\/ca\/en-quins-materials-solen-fabricar-se-les-nines\/\">Llegir m\u00e9s<\/a><\/p>\n<\/li>\n<\/ul>\n<p><!--more--><br \/>\n<!-- {\"type\":\"layout\",\"children\":[{\"type\":\"section\",\"props\":{\"image_position\":\"center-center\",\"padding\":\"small\",\"style\":\"default\",\"title_breakpoint\":\"xl\",\"title_position\":\"top-left\",\"title_rotation\":\"left\",\"vertical_align\":\"middle\",\"width\":\"default\"},\"children\":[{\"type\":\"row\",\"children\":[{\"type\":\"column\",\"props\":{\"image_position\":\"center-center\",\"position_sticky_breakpoint\":\"m\"},\"children\":[{\"type\":\"headline\",\"props\":{\"content\":\"<strong>El nostre blog<\\\/strong>\",\"text_align\":\"center\",\"title_element\":\"h1\",\"title_style\":\"heading-small\"}}]}]}],\"name\":\"Portada\"},{\"type\":\"section\",\"props\":{\"image_position\":\"center-center\",\"padding\":\"small\",\"padding_remove_top\":false,\"style\":\"default\",\"title_breakpoint\":\"xl\",\"title_position\":\"top-left\",\"title_rotation\":\"left\",\"vertical_align\":\"\",\"width\":\"default\"},\"children\":[{\"type\":\"row\",\"children\":[{\"type\":\"column\",\"props\":{\"image_position\":\"center-center\",\"position_sticky_breakpoint\":\"m\",\"width_medium\":\"1-1\"},\"children\":[{\"type\":\"grid\",\"props\":{\"content_align\":true,\"content_column_breakpoint\":\"m\",\"filter\":true,\"filter_align\":\"center\",\"filter_all\":true,\"filter_all_label\":\"Veure tot\",\"filter_grid_breakpoint\":\"m\",\"filter_grid_width\":\"auto\",\"filter_position\":\"top\",\"filter_style\":\"subnav-pill\",\"grid_default\":\"1\",\"grid_medium\":\"\",\"grid_row_gap\":\"large\",\"grid_small\":\"2\",\"icon_width\":80,\"image_align\":\"top\",\"image_grid_breakpoint\":\"m\",\"image_grid_width\":\"1-2\",\"image_height\":\"410\",\"image_link\":true,\"image_svg_color\":\"emphasis\",\"image_transition_border\":false,\"image_width\":\"610\",\"item_animation\":true,\"lightbox_bg_close\":true,\"link_margin\":\"medium\",\"link_style\":\"default\",\"link_text\":\"Llegir m\\u00e9s\",\"margin\":\"default\",\"meta_align\":\"below-title\",\"meta_element\":\"div\",\"meta_style\":\"\",\"panel_expand\":\"content\",\"panel_image_no_padding\":true,\"panel_link\":true,\"panel_link_hover\":\"true\",\"panel_padding\":\"large\",\"panel_style\":\"card-default\",\"parallax_easing\":\"1\",\"show_content\":true,\"show_hover_image\":true,\"show_hover_video\":true,\"show_image\":true,\"show_link\":true,\"show_meta\":true,\"show_title\":true,\"show_video\":true,\"text_align\":\"center\",\"title_align\":\"top\",\"title_element\":\"h2\",\"title_grid_breakpoint\":\"m\",\"title_grid_width\":\"1-2\",\"title_hover_style\":\"reset\",\"title_margin\":\"medium\",\"title_style\":\"h3\"},\"children\":[{\"type\":\"grid_item\",\"props\":{\"content\":\"\n\n<p style=\\\"text-align: left;\\\">Si est\\u00e0s llegint aix\\u00f2 \\u00e9s perqu\\u00e8 has decidit comprar una joguina per primera vegada i aqu\\u00ed estem per ajudar-te perqu\\u00e8 normalment quan comences a buscar per internet la quantitat de productes i botigues er\\u00f2tiques \\u00e9s exageradament llarga.<\\\/p>\",\"image\":\"\",\"item_element\":\"article\",\"link\":\"#\",\"meta\":\"<time datetime=\\\"2016-11-06T10:01:55+00:00\\\">9 de gener de 2024<\\\/time>\",\"tags\":\"Joguines\",\"title\":\"Quina joguina he de comprar?\"}},{\"type\":\"grid_item\",\"props\":{\"content\":\"\n\n<p style=\\\"text-align: left;\\\">Per molta higiene i cura personal que tinguem hem d'assegurar-nos de netejar a fons les joguines sexuals despr\\u00e9s de fer-les servir per a eliminar qualsevol rastre de lubricants i fluids corporals.<\\\/p>\",\"image\":\"\",\"item_element\":\"article\",\"link\":\"como-limpiar-tus-juguetes-sexuales\\\/\",\"meta\":\"<time datetime=\\\"2016-11-14T10:03:53+00:00\\\">17 de gener de 2024<\\\/time>\",\"tags\":\"Joguines\",\"title\":\"Com netejar les teves joguines sexuals?\"}},{\"type\":\"grid_item\",\"props\":{\"content\":\"\n\n<p><strong>Qu\\u00e8 passa amb la salut i seguretat de les persones?<\\\/strong><\\\/p>\\n\n\n<p>Ens posem a la pell dels clients. Creiem que agradaria que l'empresa a la qual volem comprar per internet ens ofereixi una gran varietat de productes i uns preus assequibles, per\\u00f2 que tamb\\u00e9 tingui aquest tacte a l'hora de vendre els seus productes, \\u00e9s a dir, tacte en la qualitat de les joguines que est\\u00e0 venent, aix\\u00f2 \\u00e9s sin\\u00f2nim de salut i seguretat.<\\\/p>\",\"image\":\"\",\"item_element\":\"article\",\"link\":\"materiales-de-fabricacion\\\/\",\"meta\":\"<time datetime=\\\"2016-10-19T10:04:38+00:00\\\">3 de febrer de 2024<\\\/time>\",\"tags\":\"Joguines, nines\",\"title\":\"Materials de fabricaci\\u00f3 per a articles er\\u00f2tics\"}},{\"type\":\"grid_item\",\"props\":{\"content\":\"\n\n<p style=\\\"text-align: left;\\\">Els ftalats s\\u00f3n un grup de compostos qu\\u00edmics que es troba en molt alta concentraci\\u00f3 en les joguines sexuals. <strong>S\\u00f3n l'equivalent a l'oli de palmell, que fa que tot s\\u00e0piga m\\u00e9s ric<\\\/strong>, per\\u00f2 a costa de la teva salut. Els ftalats fan que els pl\\u00e0stics siguin m\\u00e9s suaus i tinguin millor olor.<\\\/p>\",\"image\":\"\",\"item_element\":\"article\",\"link\":\"que-son-los-ftalatos\\\/\",\"meta\":\"<time datetime=\\\"2016-10-06T10:02:18+00:00\\\">26 de febrer de 2024<\\\/time>\",\"tags\":\"Joguines\",\"title\":\"Qu\\u00e8 s\\u00f3n els ftalats?\"}},{\"type\":\"grid_item\",\"props\":{\"content\":\"\n\n<p><strong>LA M\\u00c9S ALTA QUALITAT<\\\/strong><\\\/p>\\n\n\n<p><strong>Silicona de grau m\\u00e8dic:<\\\/strong><\\\/p>\\n\n\n<p>No por\\u00f3s, f\\u00e0cil de netejar, hipoal\\u00b7l\\u00e8rgica. Netejar amb aigua i sab\\u00f3. Usar lubricant aqu\\u00f3s, de silicona no es pot.<\\\/p>\\n\n\n<p><strong>Vidre, metall i fusta:<\\\/strong><\\\/p>\\n\n\n<p>Assegurances, f\\u00e0cils de netejar.<\\\/p>\",\"image\":\"\",\"item_element\":\"article\",\"link\":\"guia-rapida-de-materiales\\\/\",\"meta\":\"<time datetime=\\\"2016-09-14T10:07:31+00:00\\\">11 de mar\\u00e7 de 2024<\\\/time>\",\"tags\":\"Joguines, nines\",\"title\":\"Guia r\\u00e0pida dels materials de fabricaci\\u00f3 de joguines\"}},{\"type\":\"grid_item\",\"props\":{\"content\":\"\n\n<p style=\\\"text-align: left;\\\">Al Jap\\u00f3, de vegades anomenen les nines sexuals <strong>\\u00abDutch Wives\\u00bb<\\\/strong>, perqu\\u00e8 la nina sexual m\\u00e9s antiga s'atribueix als mariners holandesos del segle XVII que ja feien servir nines de tela per alleujar el desig sexual durant els llargs viatges per mar.<\\\/p>\",\"image\":\"\",\"item_element\":\"article\",\"link\":\"cuando-surgio-la-primera-muneca-sexual\\\/\",\"meta\":\"<time datetime=\\\"2016-07-06T10:02:40+00:00\\\">18 de mar\\u00e7 de 2024<\\\/time>\",\"tags\":\"nines\",\"title\":\"Quan va sorgir la primera nina sexual?\"}},{\"type\":\"grid_item\",\"props\":{\"content\":\"\n\n<p style=\\\"text-align: left;\\\">Potser el primer que pensem \\u00e9s que les solen comprar homes solters, per\\u00f2 no \\u00e9s sempre ni majorit\\u00e0riament aix\\u00ed.<\\\/p>\",\"image\":\"\",\"item_element\":\"article\",\"link\":\"que-perfil-de-cliente-suele-comprarlas\\\/\",\"meta\":\"<time datetime=\\\"2016-07-06T10:02:40+00:00\\\">29 de mar\\u00e7 de 2024<\\\/time>\",\"tags\":\"nines\",\"title\":\"Quin perfil de client sol comprar?\"}},{\"type\":\"grid_item\",\"props\":{\"content\":\"\n\n<p style=\\\"text-align: left;\\\">La majoria de les nines estan fetes a TPE i Silicona. TPE t\\u00e9 molt bona elasticitat, es pot estirar 6 a 10 vegades i encara pot tornar a la mida original.<\\\/p>\",\"image\":\"\",\"item_element\":\"article\",\"link\":\"en-que-materiales-suelen-fabricarse-las-munecas\\\/\",\"meta\":\"<time datetime=\\\"2016-07-06T10:02:40+00:00\\\">7 de maig de 2024<\\\/time>\",\"tags\":\"nines\",\"title\":\"En quins materials solen fabricar-se les nines?\"}}]}]}]}],\"name\":\"Posts\"}],\"version\":\"4.5.21\"} --><\/p>\n","protected":false},"excerpt":{"rendered":"<p>El nostre blog Quina joguina he de comprar? 9 de gener de 2024 Si est\u00e0s llegint aix\u00f2 \u00e9s perqu\u00e8 has decidit comprar una joguina per primera vegada i aqu\u00ed estem per ajudar-te perqu\u00e8 normalment quan comences a buscar per internet la quantitat de productes i botigues er\u00f2tiques \u00e9s exageradament llarga. Llegir m\u00e9s Com netejar les [&hellip;]<\/p>\n","protected":false},"author":1,"featured_media":0,"parent":0,"menu_order":0,"comment_status":"closed","ping_status":"closed","template":"","meta":{"footnotes":""},"class_list":["post-1256","page","type-page","status-publish","hentry"],"_links":{"self":[{"href":"https:\/\/tumuneca-sexdoll.com\/ca\/wp-json\/wp\/v2\/pages\/1256","targetHints":{"allow":["GET"]}}],"collection":[{"href":"https:\/\/tumuneca-sexdoll.com\/ca\/wp-json\/wp\/v2\/pages"}],"about":[{"href":"https:\/\/tumuneca-sexdoll.com\/ca\/wp-json\/wp\/v2\/types\/page"}],"author":[{"embeddable":true,"href":"https:\/\/tumuneca-sexdoll.com\/ca\/wp-json\/wp\/v2\/users\/1"}],"replies":[{"embeddable":true,"href":"https:\/\/tumuneca-sexdoll.com\/ca\/wp-json\/wp\/v2\/comments?post=1256"}],"version-history":[{"count":0,"href":"https:\/\/tumuneca-sexdoll.com\/ca\/wp-json\/wp\/v2\/pages\/1256\/revisions"}],"wp:attachment":[{"href":"https:\/\/tumuneca-sexdoll.com\/ca\/wp-json\/wp\/v2\/media?parent=1256"}],"curies":[{"name":"wp","href":"https:\/\/api.w.org\/{rel}","templated":true}]}}