{"id":1288,"date":"2025-01-30T20:01:38","date_gmt":"2025-01-30T19:01:38","guid":{"rendered":"https:\/?page_id=1288"},"modified":"2025-07-03T19:19:05","modified_gmt":"2025-07-03T17:19:05","slug":"condicions-dus","status":"publish","type":"page","link":"https:\/\/tumuneca-sexdoll.com\/ca\/condicions-dus\/","title":{"rendered":"Condicions d&#8217;\u00fas"},"content":{"rendered":"<h1><strong>Condicions d&#8217;\u00fas<\/strong><\/h1>\n<h1>1. Responsabilitats<\/h1>\n<div>\n<p>El nostre lloc estar\u00e0 exempt de tota responsabilitat amb refer\u00e8ncia a la qualitat, velocitat i perman\u00e8ncia de la p\u00e0gina web, aix\u00ed com de la informaci\u00f3 facilitada per part dels usuaris i persones alienes a la web.<\/p>\n<p>Tampoc no es far\u00e0 responsable de les opinions aportades dins de la plataforma. D&#8217;altra banda, el client assumeix con\u00e8ixer la informaci\u00f3 i les caracter\u00edstiques dels productes adquirits i estar\u00e0 d&#8217;acord amb la informaci\u00f3 que apareix a tota la plataforma.<\/p>\n<p><strong>Declara, a m\u00e9s, que es tracta d&#8217;una persona major d&#8217;edat (18 anys) conforme a la legislaci\u00f3 vigent, que est\u00e0 autoritzat per a l&#8217;\u00fas del compte i mitj\u00e0 de pagament que hagi facilitat, que les dades que s&#8217;hagin subministrat durant el proc\u00e9s s\u00f3n correctes, aix\u00ed com que sap i consent la recepci\u00f3 del producte al lloc on hagi indicat durant el proc\u00e9s de compra.<\/strong><\/p>\n<p>Els nostres usuaris poden fer les comandes a trav\u00e9s de la nostra <strong>p\u00e0gina web<\/strong>, <strong>WhatsApp o trucant per tel\u00e8fon<\/strong> i els ajudarem a processar la seva comanda.<\/p>\n<p>El preu dels productes apareixer\u00e0 sempre a \u00ab\u20ac euros\u00bb i inclou els impostos d&#8217;IVA, per\u00f2 no inclouran el preu del transport. Es calcularan posteriorment abans de realitzar la comanda i es comunicar\u00e0 al client. A m\u00e9s, ens reservem el dret a modificar els preus dels productes sense av\u00eds previ. Els serveis de lliurament es facturaran sobre la base de les tarifes en vigor en el moment del registre de la comanda.<\/p>\n<p>El client haur\u00e0 d&#8217;estar conforme i declarar\u00e0 haver llegit i ent\u00e8s tota la informaci\u00f3 relativa als productes adquirits.<\/p>\n<p>Les despeses d&#8217;enviament s&#8217;inclouran en el preu final. Tots els costos es desglossaran durant el proc\u00e9s de compra.<\/p>\n<p>Es podr\u00e0 utilitzar el m\u00e8tode de pagament: <strong>Targeta banc\u00e0ria de d\u00e8bit o cr\u00e8dit<\/strong>, <strong>Transfer\u00e8ncia banc\u00e0ria, Bizum o Efectiu<\/strong>. Alguns m\u00e8todes de pagament poden no estar disponibles temporalment.<\/p>\n<p>Enviarem una confirmaci\u00f3 de la comanda per WhatsApp o correu electr\u00f2nic un cop el client ho hagi efectuat.<\/p>\n<\/div>\n<h1>2. Disponibilitat<\/h1>\n<div>\n<p>Informarem el client a trav\u00e9s de WhatsApp o correu electr\u00f2nic en el cas de la indisponibilitat d&#8217;un producte despr\u00e9s d&#8217;haver realitzat la comanda i es procedir\u00e0 a anul\u00b7lar-la. La rapidesa de la devoluci\u00f3 dependr\u00e0 del tipus de m\u00e8tode de pagament utilitzat pel client i de les seves condicions.<\/p>\n<\/div>\n<h1>3. Descomptes i cupons<\/h1>\n<div>\n<p>Els cupons de descompte no seran acumulables, m\u00e0xim d&#8217;un per comanda realitzada. S&#8217;oferiran cupons de descompte cada cop que es faci una comanda. Cada cup\u00f3 tindr\u00e0 les mateixes normes d&#8217;\u00fas i condicions.<\/p>\n<\/div>\n<h1>4. Obligacions<\/h1>\n<div>\n<p>Els usuaris de la plataforma es comprometen amb car\u00e0cter general al compliment de les presents condicions. Tenim el dret reservat a actualitzar o modificar aquestes condicions de car\u00e0cter immediat, sense la necessitat d&#8217;avisar pr\u00e8viament ni havent d&#8217;aportar terminis per justificar la vig\u00e8ncia.<\/p>\n<\/div>\n<h1>5. Seguretat<\/h1>\n<div>\n<p>La nostra web \u00e9s una plataforma online de venda de productes. Treballem amb passarel\u00b7les de pagament totalment segures, en aquest cas, utilitzem Stripe.<\/p>\n<p>Nosaltres nom\u00e9s tindrem acc\u00e9s a les dades que el client ens proporcioni \u00fanicament per efectuar la comanda, no tindrem acc\u00e9s a les dades banc\u00e0ries en cap moment.<\/p>\n<\/div>\n<p><!--more--><br \/>\n<!-- {\"type\":\"layout\",\"children\":[{\"type\":\"section\",\"props\":{\"image_position\":\"center-center\",\"padding\":\"small\",\"style\":\"default\",\"title_breakpoint\":\"xl\",\"title_position\":\"top-left\",\"title_rotation\":\"left\",\"vertical_align\":\"middle\",\"width\":\"default\"},\"children\":[{\"type\":\"row\",\"children\":[{\"type\":\"column\",\"props\":{\"image_position\":\"center-center\",\"position_sticky_breakpoint\":\"m\"},\"children\":[{\"type\":\"headline\",\"props\":{\"content\":\"<strong>Condicions d'\\u00fas<\\\/strong>\",\"text_align\":\"center\",\"title_element\":\"h1\",\"title_style\":\"h1\"}}]}]}],\"name\":\"Portada\"},{\"type\":\"section\",\"props\":{\"image_position\":\"center-center\",\"padding\":\"small\",\"style\":\"default\",\"title_breakpoint\":\"xl\",\"title_position\":\"top-left\",\"title_rotation\":\"left\",\"vertical_align\":\"middle\",\"width\":\"default\"},\"children\":[{\"type\":\"row\",\"children\":[{\"type\":\"column\",\"props\":{\"image_position\":\"center-center\",\"position_sticky_breakpoint\":\"m\"},\"children\":[{\"type\":\"headline\",\"props\":{\"content\":\"1. Responsabilitats\",\"title_element\":\"h1\",\"title_style\":\"h2\"}},{\"type\":\"text\",\"props\":{\"column_breakpoint\":\"m\",\"content\":\"\n\n<p>El nostre lloc estar\\u00e0 exempt de tota responsabilitat amb refer\\u00e8ncia a la qualitat, velocitat i perman\\u00e8ncia de la p\\u00e0gina web, aix\\u00ed com de la informaci\\u00f3 facilitada per part dels usuaris i persones alienes a la web.<\\\/p>\\n\n\n<p>Tampoc no es far\\u00e0 responsable de les opinions aportades dins de la plataforma. D'altra banda, el client assumeix con\\u00e8ixer la informaci\\u00f3 i les caracter\\u00edstiques dels productes adquirits i estar\\u00e0 d'acord amb la informaci\\u00f3 que apareix a tota la plataforma.<\\\/p>\\n\n\n<p><strong>Declara, a m\\u00e9s, que es tracta d'una persona major d'edat (18 anys) conforme a la legislaci\\u00f3 vigent, que est\\u00e0 autoritzat per a l'\\u00fas del compte i mitj\\u00e0 de pagament que hagi facilitat, que les dades que s'hagin subministrat durant el proc\\u00e9s s\\u00f3n correctes, aix\\u00ed com que sap i consent la recepci\\u00f3 del producte al lloc on hagi indicat durant el proc\\u00e9s de compra.<\\\/strong><\\\/p>\\n\n\n<p>Els nostres usuaris poden fer les comandes a trav\\u00e9s de la nostra <strong>p\\u00e0gina web<\\\/strong>, <strong>WhatsApp o trucant per tel\\u00e8fon<\\\/strong> i els ajudarem a processar la seva comanda.<\\\/p>\\n\n\n<p>El preu dels productes apareixer\\u00e0 sempre a \\u00ab\\u20ac euros\\u00bb i inclou els impostos d'IVA, per\\u00f2 no inclouran el preu del transport. Es calcularan posteriorment abans de realitzar la comanda i es comunicar\\u00e0 al client. A m\\u00e9s, ens reservem el dret a modificar els preus dels productes sense av\\u00eds previ. Els serveis de lliurament es facturaran sobre la base de les tarifes en vigor en el moment del registre de la comanda.<\\\/p>\\n\n\n<p>El client haur\\u00e0 d'estar conforme i declarar\\u00e0 haver llegit i ent\\u00e8s tota la informaci\\u00f3 relativa als productes adquirits.<\\\/p>\\n\n\n<p>Les despeses d'enviament s'inclouran en el preu final. Tots els costos es desglossaran durant el proc\\u00e9s de compra.<\\\/p>\\n\n\n<p>Es podr\\u00e0 utilitzar el m\\u00e8tode de pagament: <strong>Targeta banc\\u00e0ria de d\\u00e8bit o cr\\u00e8dit<\\\/strong>, <strong>Transfer\\u00e8ncia banc\\u00e0ria, Bizum o Efectiu<\\\/strong>. Alguns m\\u00e8todes de pagament poden no estar disponibles temporalment.<\\\/p>\\n\n\n<p>Enviarem una confirmaci\\u00f3 de la comanda per WhatsApp o correu electr\\u00f2nic un cop el client ho hagi efectuat.<\\\/p>\",\"margin\":\"default\",\"text_color\":\"primary\"}}]}]}],\"name\":\"1. Responsabilitats\"},{\"type\":\"section\",\"props\":{\"image_position\":\"center-center\",\"padding\":\"small\",\"style\":\"default\",\"title_breakpoint\":\"xl\",\"title_position\":\"top-left\",\"title_rotation\":\"left\",\"vertical_align\":\"middle\",\"width\":\"default\"},\"children\":[{\"type\":\"row\",\"children\":[{\"type\":\"column\",\"props\":{\"image_position\":\"center-center\",\"position_sticky_breakpoint\":\"m\"},\"children\":[{\"type\":\"headline\",\"props\":{\"content\":\"2. Disponibilitat\",\"title_element\":\"h1\",\"title_style\":\"h2\"}},{\"type\":\"text\",\"props\":{\"column_breakpoint\":\"m\",\"content\":\"\n\n<p>Informarem el client a trav\\u00e9s de WhatsApp o correu electr\\u00f2nic en el cas de la indisponibilitat d'un producte despr\\u00e9s d'haver realitzat la comanda i es procedir\\u00e0 a anul\\u00b7lar-la. La rapidesa de la devoluci\\u00f3 dependr\\u00e0 del tipus de m\\u00e8tode de pagament utilitzat pel client i de les seves condicions.<\\\/p>\",\"margin\":\"default\",\"text_color\":\"primary\"}}]}]}],\"name\":\"2. Disponibilitat\"},{\"type\":\"section\",\"props\":{\"image_position\":\"center-center\",\"padding\":\"xsmall\",\"style\":\"default\",\"title_breakpoint\":\"xl\",\"title_position\":\"top-left\",\"title_rotation\":\"left\",\"vertical_align\":\"middle\",\"width\":\"default\"},\"children\":[{\"type\":\"row\",\"children\":[{\"type\":\"column\",\"props\":{\"image_position\":\"center-center\",\"position_sticky_breakpoint\":\"m\"},\"children\":[{\"type\":\"headline\",\"props\":{\"content\":\"3. Descomptes i cupons\",\"title_element\":\"h1\",\"title_style\":\"h2\"}},{\"type\":\"text\",\"props\":{\"column_breakpoint\":\"m\",\"content\":\"\n\n<p>Els cupons de descompte no seran acumulables, m\\u00e0xim d'un per comanda realitzada. S'oferiran cupons de descompte cada cop que es faci una comanda. Cada cup\\u00f3 tindr\\u00e0 les mateixes normes d'\\u00fas i condicions.<\\\/p>\",\"margin\":\"default\",\"text_color\":\"primary\"}}]}]}],\"name\":\"3. Descomptes i cupons\"},{\"type\":\"section\",\"props\":{\"image_position\":\"center-center\",\"padding\":\"small\",\"style\":\"default\",\"title_breakpoint\":\"xl\",\"title_position\":\"top-left\",\"title_rotation\":\"left\",\"vertical_align\":\"middle\",\"width\":\"default\"},\"children\":[{\"type\":\"row\",\"children\":[{\"type\":\"column\",\"props\":{\"image_position\":\"center-center\",\"position_sticky_breakpoint\":\"m\"},\"children\":[{\"type\":\"headline\",\"props\":{\"content\":\"4. Obligacions\",\"title_element\":\"h1\",\"title_style\":\"h2\"}},{\"type\":\"text\",\"props\":{\"column_breakpoint\":\"m\",\"content\":\"\n\n<p>Els usuaris de la plataforma es comprometen amb car\\u00e0cter general al compliment de les presents condicions. Tenim el dret reservat a actualitzar o modificar aquestes condicions de car\\u00e0cter immediat, sense la necessitat d'avisar pr\\u00e8viament ni havent d'aportar terminis per justificar la vig\\u00e8ncia.<\\\/p>\",\"margin\":\"default\",\"text_color\":\"primary\"}}]}]}],\"name\":\"4. Obligacions\"},{\"type\":\"section\",\"props\":{\"image_position\":\"center-center\",\"padding\":\"small\",\"style\":\"default\",\"title_breakpoint\":\"xl\",\"title_position\":\"top-left\",\"title_rotation\":\"left\",\"vertical_align\":\"middle\",\"width\":\"default\"},\"children\":[{\"type\":\"row\",\"children\":[{\"type\":\"column\",\"props\":{\"image_position\":\"center-center\",\"position_sticky_breakpoint\":\"m\"},\"children\":[{\"type\":\"headline\",\"props\":{\"content\":\"5. Seguretat\",\"title_element\":\"h1\",\"title_style\":\"h2\"}},{\"type\":\"text\",\"props\":{\"column_breakpoint\":\"m\",\"content\":\"\n\n<p>La nostra web \\u00e9s una plataforma online de venda de productes. Treballem amb passarel\\u00b7les de pagament totalment segures, en aquest cas, utilitzem Stripe.<\\\/p>\\n\n\n<p>Nosaltres nom\\u00e9s tindrem acc\\u00e9s a les dades que el client ens proporcioni \\u00fanicament per efectuar la comanda, no tindrem acc\\u00e9s a les dades banc\\u00e0ries en cap moment.<\\\/p>\",\"margin\":\"default\",\"text_color\":\"primary\"}}]}]}],\"name\":\"5. Seguretat\"}],\"version\":\"4.5.21\"} --><\/p>\n","protected":false},"excerpt":{"rendered":"<p>Condicions d&#8217;\u00fas 1. Responsabilitats El nostre lloc estar\u00e0 exempt de tota responsabilitat amb refer\u00e8ncia a la qualitat, velocitat i perman\u00e8ncia de la p\u00e0gina web, aix\u00ed com de la informaci\u00f3 facilitada per part dels usuaris i persones alienes a la web. Tampoc no es far\u00e0 responsable de les opinions aportades dins de la plataforma. D&#8217;altra banda, [&hellip;]<\/p>\n","protected":false},"author":1,"featured_media":0,"parent":0,"menu_order":0,"comment_status":"closed","ping_status":"closed","template":"","meta":{"footnotes":""},"class_list":["post-1288","page","type-page","status-publish","hentry"],"_links":{"self":[{"href":"https:\/\/tumuneca-sexdoll.com\/ca\/wp-json\/wp\/v2\/pages\/1288","targetHints":{"allow":["GET"]}}],"collection":[{"href":"https:\/\/tumuneca-sexdoll.com\/ca\/wp-json\/wp\/v2\/pages"}],"about":[{"href":"https:\/\/tumuneca-sexdoll.com\/ca\/wp-json\/wp\/v2\/types\/page"}],"author":[{"embeddable":true,"href":"https:\/\/tumuneca-sexdoll.com\/ca\/wp-json\/wp\/v2\/users\/1"}],"replies":[{"embeddable":true,"href":"https:\/\/tumuneca-sexdoll.com\/ca\/wp-json\/wp\/v2\/comments?post=1288"}],"version-history":[{"count":0,"href":"https:\/\/tumuneca-sexdoll.com\/ca\/wp-json\/wp\/v2\/pages\/1288\/revisions"}],"wp:attachment":[{"href":"https:\/\/tumuneca-sexdoll.com\/ca\/wp-json\/wp\/v2\/media?parent=1288"}],"curies":[{"name":"wp","href":"https:\/\/api.w.org\/{rel}","templated":true}]}}