{"id":1318,"date":"2025-01-30T20:30:26","date_gmt":"2025-01-30T19:30:26","guid":{"rendered":"https:\/?page_id=1318"},"modified":"2025-01-30T20:34:01","modified_gmt":"2025-01-30T19:34:01","slug":"guia-rapida-de-materials","status":"publish","type":"page","link":"https:\/\/tumuneca-sexdoll.com\/ca\/guia-rapida-de-materials\/","title":{"rendered":"Guia r\u00e0pida de materials"},"content":{"rendered":"<h1><strong>Guia r\u00e0pida de materials de fabricaci\u00f3 de joguines<\/strong><\/h1>\n<div>\n<p><strong>LA M\u00c9S ALTA QUALITAT<\/strong><\/p>\n<p><strong>Silicona de grau m\u00e8dic:<\/strong><\/p>\n<p>No por\u00f3s, f\u00e0cil de netejar, hipoal\u00b7l\u00e8rgica. Netejar amb aigua i sab\u00f3. Usar lubricant aqu\u00f3s, de silicona no es pot.<\/p>\n<p><strong>Vidre, metall i fusta:<\/strong><\/p>\n<p>Assegurances, f\u00e0cils de netejar.<\/p>\n<p><strong>QUALITAT MITJANA<\/strong><\/p>\n<p><strong>Pl\u00e0stic tou TPE i TPR:<\/strong><\/p>\n<p>Compost d&#8217;elast\u00f2mer i cautx\u00fa termopl\u00e0stic. M\u00e9s suaus, per\u00f2 m\u00e9s dif\u00edcils de netejar. Usar qualsevol lubricant excepte si t\u00e9 alguna cosa de silicona. Neteja amb aigua i sab\u00f3. En parella millor fer servir amb preservatius. Comprovar que estiguin lliures de flats i l\u00e0tex. Exemple: cyberskin i fantaflesh.<\/p>\n<p><strong>Pl\u00e0stic dur ABS:<\/strong><\/p>\n<p>D&#8217;alta resist\u00e8ncia. Inodor i lleuger. Normalment en vibradors. No \u00e9s por\u00f3s. Netejar amb aigua i sab\u00f3 si no t\u00e9 bateria o piles. Qualsevol classe de lubricant. Millor que no tingui ABS a la part que s&#8217;introdueix. Aquesta part \u00e9s millor que estigui feta de TPE\/TPR. Vigilar si cont\u00e9 poliuret\u00e0 (PU).<\/p>\n<p><strong>NO RECOMANABLE<\/strong><\/p>\n<p><strong>Gelatina:<\/strong><\/p>\n<p>\u00c9s por\u00f3s, no es pot esterilitzar. Nom\u00e9s serien v\u00e0lids si estiguessin lliures de ftlats.<\/p>\n<p><strong>PVC:<\/strong><\/p>\n<p>Qu\u00edmic t\u00f2xic. Ple de Ftlats. Qualsevol tipus de lubricant.<\/p>\n<p><strong>L\u00e0tex:<\/strong><\/p>\n<p>Recomanem no fer servir a l&#8217;interior del cos.<\/p>\n<\/div>\n<p><!--more--><br \/>\n<!-- {\"type\":\"layout\",\"children\":[{\"type\":\"section\",\"props\":{\"image_position\":\"center-center\",\"style\":\"default\",\"title_breakpoint\":\"xl\",\"title_position\":\"top-left\",\"title_rotation\":\"left\",\"vertical_align\":\"middle\",\"width\":\"default\"},\"children\":[{\"type\":\"row\",\"children\":[{\"type\":\"column\",\"props\":{\"image_position\":\"center-center\",\"position_sticky_breakpoint\":\"m\"},\"children\":[{\"type\":\"headline\",\"props\":{\"content\":\"<strong>Guia r\\u00e0pida de materials de fabricaci\\u00f3 de joguines<\\\/strong>\",\"text_align\":\"center\",\"title_element\":\"h1\"}},{\"type\":\"text\",\"props\":{\"column_breakpoint\":\"m\",\"content\":\"\n\n<p><strong>LA M\\u00c9S ALTA QUALITAT<\\\/strong><\\\/p>\\n\n\n<p><strong>Silicona de grau m\\u00e8dic:<\\\/strong><\\\/p>\\n\n\n<p>No por\\u00f3s, f\\u00e0cil de netejar, hipoal\\u00b7l\\u00e8rgica. Netejar amb aigua i sab\\u00f3. Usar lubricant aqu\\u00f3s, de silicona no es pot.<\\\/p>\\n\n\n<p><strong>Vidre, metall i fusta:<\\\/strong><\\\/p>\\n\n\n<p>Assegurances, f\\u00e0cils de netejar.<\\\/p>\\n\n\n<p><strong>QUALITAT MITJANA<\\\/strong><\\\/p>\\n\n\n<p><strong>Pl\\u00e0stic tou TPE i TPR:<\\\/strong><\\\/p>\\n\n\n<p>Compost d'elast\\u00f2mer i cautx\\u00fa termopl\\u00e0stic. M\\u00e9s suaus, per\\u00f2 m\\u00e9s dif\\u00edcils de netejar. Usar qualsevol lubricant excepte si t\\u00e9 alguna cosa de silicona. Neteja amb aigua i sab\\u00f3. En parella millor fer servir amb preservatius. Comprovar que estiguin lliures de flats i l\\u00e0tex. Exemple: cyberskin i fantaflesh.<\\\/p>\\n\n\n<p><strong>Pl\\u00e0stic dur ABS:<\\\/strong><\\\/p>\\n\n\n<p>D'alta resist\\u00e8ncia. Inodor i lleuger. Normalment en vibradors. No \\u00e9s por\\u00f3s. Netejar amb aigua i sab\\u00f3 si no t\\u00e9 bateria o piles. Qualsevol classe de lubricant. Millor que no tingui ABS a la part que s'introdueix. Aquesta part \\u00e9s millor que estigui feta de TPE\\\/TPR. Vigilar si cont\\u00e9 poliuret\\u00e0 (PU).<\\\/p>\\n\n\n<p><strong>NO RECOMANABLE<\\\/strong><\\\/p>\\n\n\n<p><strong>Gelatina:<\\\/strong><\\\/p>\\n\n\n<p>\\u00c9s por\\u00f3s, no es pot esterilitzar. Nom\\u00e9s serien v\\u00e0lids si estiguessin lliures de ftlats.<\\\/p>\\n\n\n<p><strong>PVC:<\\\/strong><\\\/p>\\n\n\n<p>Qu\\u00edmic t\\u00f2xic. Ple de Ftlats. Qualsevol tipus de lubricant.<\\\/p>\\n\n\n<p><strong>L\\u00e0tex:<\\\/strong><\\\/p>\\n\n\n<p>Recomanem no fer servir a l'interior del cos.<\\\/p>\",\"margin\":\"default\"}}]}]}],\"name\":\"Contingut\"}],\"version\":\"4.4.20\"} --><\/p>\n","protected":false},"excerpt":{"rendered":"<p>Guia r\u00e0pida de materials de fabricaci\u00f3 de joguines LA M\u00c9S ALTA QUALITAT Silicona de grau m\u00e8dic: No por\u00f3s, f\u00e0cil de netejar, hipoal\u00b7l\u00e8rgica. Netejar amb aigua i sab\u00f3. Usar lubricant aqu\u00f3s, de silicona no es pot. Vidre, metall i fusta: Assegurances, f\u00e0cils de netejar. QUALITAT MITJANA Pl\u00e0stic tou TPE i TPR: Compost d&#8217;elast\u00f2mer i cautx\u00fa termopl\u00e0stic. [&hellip;]<\/p>\n","protected":false},"author":1,"featured_media":0,"parent":0,"menu_order":0,"comment_status":"closed","ping_status":"closed","template":"","meta":{"footnotes":""},"class_list":["post-1318","page","type-page","status-publish","hentry"],"_links":{"self":[{"href":"https:\/\/tumuneca-sexdoll.com\/ca\/wp-json\/wp\/v2\/pages\/1318","targetHints":{"allow":["GET"]}}],"collection":[{"href":"https:\/\/tumuneca-sexdoll.com\/ca\/wp-json\/wp\/v2\/pages"}],"about":[{"href":"https:\/\/tumuneca-sexdoll.com\/ca\/wp-json\/wp\/v2\/types\/page"}],"author":[{"embeddable":true,"href":"https:\/\/tumuneca-sexdoll.com\/ca\/wp-json\/wp\/v2\/users\/1"}],"replies":[{"embeddable":true,"href":"https:\/\/tumuneca-sexdoll.com\/ca\/wp-json\/wp\/v2\/comments?post=1318"}],"version-history":[{"count":0,"href":"https:\/\/tumuneca-sexdoll.com\/ca\/wp-json\/wp\/v2\/pages\/1318\/revisions"}],"wp:attachment":[{"href":"https:\/\/tumuneca-sexdoll.com\/ca\/wp-json\/wp\/v2\/media?parent=1318"}],"curies":[{"name":"wp","href":"https:\/\/api.w.org\/{rel}","templated":true}]}}