{"id":1339,"date":"2025-01-30T20:55:32","date_gmt":"2025-01-30T19:55:32","guid":{"rendered":"https:\/?page_id=1339"},"modified":"2025-01-31T20:28:36","modified_gmt":"2025-01-31T19:28:36","slug":"materials-de-fabricacio","status":"publish","type":"page","link":"https:\/\/tumuneca-sexdoll.com\/ca\/materials-de-fabricacio\/","title":{"rendered":"Materials de fabricaci\u00f3"},"content":{"rendered":"<h1><strong>Materials de fabricaci\u00f3 de les joguines sexuals<\/strong><\/h1>\n<div>\n<p><strong>Qu\u00e8 passa amb la salut i seguretat de les persones?<\/strong><\/p>\n<p>Ens posem a la pell dels clients. Creiem que agradaria que l&#8217;empresa a la qual volem comprar per internet ens ofereixi una gran varietat de productes i uns preus assequibles, per\u00f2 que tamb\u00e9 tingui aquest tacte a l&#8217;hora de vendre els seus productes, \u00e9s a dir, tacte en la qualitat de les joguines que est\u00e0 venent, aix\u00f2 \u00e9s sin\u00f2nim de salut i seguretat. Per a la nostra empresa el m\u00e9s important \u00e9s la satisfacci\u00f3 del client i ho demostrarem!<\/p>\n<\/div>\n<h1><strong>La m\u00e9s alta qualitat<\/strong><\/h1>\n<div>\n<p><strong>Silicona de grau m\u00e8dic:<\/strong><\/p>\n<p>El millor material per a la fabricaci\u00f3 d&#8217;algunes joguines sexuals \u00e9s la <strong>silicona de grau m\u00e8dic<\/strong>. Analitzarem per qu\u00e8, qu\u00e8 \u00e9s i qu\u00e8 la fa tan segura.<\/p>\n<p>La silicona de grau m\u00e8dic s&#8217;ha obert pas al llarg dels anys, va comen\u00e7ar a ser comercialitzada l&#8217;any 1930 i ara va trepitjant fort en moltes de les cares pel que fa a la seva utilitzaci\u00f3, en aquest cas, ens centrarem en les joguines sexuals per a adults.<\/p>\n<p>Est\u00e0 compost per cadenes de mol\u00e8cules de silici i es pot presentar tant en forma l\u00edquida com s\u00f2lida. La silicona utilitzada en les joguines er\u00f2tiques \u00e9s variada, dep\u00e8n del fabricant i de les seves pr\u00f2pies f\u00f3rmules. Normalment, empren silicona, grau m\u00e8dic de grau <strong>pr\u00e8mium o Elast\u00f2mer<\/strong>.<\/p>\n<p>Els elast\u00f2mers s\u00f3n silicones que no tenen metalls a la seva composici\u00f3 i \u00e9s un material m\u00e9s el\u00e0stic.<\/p>\n<p>Hi ha molts tipus d&#8217;elast\u00f2mers que s&#8217;utilitzen per a la fabricaci\u00f3 de <strong>dildos, consoladors o vibradors i boles xineses<\/strong>, aquests s\u00f3n tractats d&#8217;una manera que els fa indeformables, el tacte \u00e9s molt agradable i ultra lliscant. Aquestes propietats fan que aquest material sigui preferit a l&#8217;hora de fabricar productes er\u00f2tics.<\/p>\n<p>Es cataloga de grau m\u00e8dic per la seva nul\u00b7la porositat, compatibilitat amb la pell i l&#8217;exempci\u00f3 d&#8217;al\u00b7lerg\u00f2gens o materials met\u00e0l\u00b7lics dins de la seva composici\u00f3. \u00c9s provada i aprovada per un \u00f2rgan competent americ\u00e0 denominat <strong><em>FDA (Food and Drug Administration)<\/em><\/strong>, el qual acredita que aquest material \u00e9s hipoal\u00b7l\u00e8rgic i segur per al cos hum\u00e0.<\/p>\n<p>Per saber amb seguretat si la teva joguina sexual \u00e9s de silicona de grau m\u00e8dic, t&#8217;has de fixar en la car\u00e8ncia d&#8217;olor, \u00e9s important que el producte tingui una olor neutra, aix\u00f2 et garanteix que \u00e9s segur per al teu cos. Si, per altra banda, en treure&#8217;l del paquet despr\u00e8n una forta olor de pl\u00e0stic, aleshores pots detectar que es tracta d&#8217;una joguina intrusa no apte per al cos i no l&#8217;hauries de fer servir.<\/p>\n<p>Les joguines er\u00f2tiques tenen uns colors molt vius i cridaners i perduren durant molt de temps, ja que la seva fabricaci\u00f3 \u00e9s d&#8217;alta qualitat. No obstant aix\u00f2, es recomana no exposar-los a la llum solar perqu\u00e8 es podrien fer malb\u00e9 m\u00e9s r\u00e0pidament del normal.<\/p>\n<p>Les joguines que no tinguin instal\u00b7lada electr\u00f2nica a l&#8217;interior, es poden netejar amb aigua i sab\u00f3 neutre, i les joguines que tenen instal\u00b7lada electr\u00f2nica pots fer servir un <strong>netejador de joguines sexuals<\/strong> per no submergir-les a l&#8217;aigua i danyar-les.<\/p>\n<p><strong>Cristall:<\/strong><\/p>\n<p><strong>Qu\u00e8 s\u00f3n i per qu\u00e8 preferir-los?<\/strong><\/p>\n<p>Les joguines sexuals de vidre tamb\u00e9 s\u00f3n una bona opci\u00f3, t&#8217;explicarem per qu\u00e8.<\/p>\n<p>Estan fabricats de vidre borosilicat. Encara que a simple vista pugui semblar que \u00e9s fr\u00e0gil o dur al tacte, en realitat no \u00e9s aix\u00ed. S\u00f3n resistents a les caigudes i alhora igual de lleugers que els que es fabriquen en altres materials.<\/p>\n<p>El vidre \u00e9s hipoal\u00b7l\u00e8rgic, condueix molt b\u00e9 la temperatura, tant freda com calenta, aix\u00f2 et permet ampliar les teves sensacions jugant amb la temperatura, escalfant-lo amb aigua t\u00e8bia o refredar-lo a la nevera.<\/p>\n<p>La durabilitat d&#8217;una joguina sexual de vidre \u00e9s molt m\u00e9s gran que la de qualsevol altra per la seva alta resist\u00e8ncia.<\/p>\n<p>I no menys important, aquestes joguines tenen preus que s\u00f3n, generalment, assolibles per a moltes persones amb ingressos mitjans sense gastar gaires diners.<\/p>\n<p>El vidre \u00e9s un material que per si mateix repel\u00b7leix la brut\u00edcia, per aix\u00f2 la neteja \u00e9s molt m\u00e9s senzilla que en joguines tradicionals, i es pot fer nom\u00e9s amb aigua t\u00e8bia, encara que recomanem aplicar sab\u00f3 neutre per assegurar-nos que la seva desinfecci\u00f3 \u00e9s correcta.<\/p>\n<p><strong>Metall i acer inoxidable:<\/strong><\/p>\n<p>S\u00f3n materials termo conductors, igual que el vidre, pots jugar amb les temperatures, escalfar amb aigua t\u00e8bia o refredar-lo a la nevera.<\/p>\n<p>\u00c9s hipoal\u00b7l\u00e8rgic, no \u00e9s por\u00f3s i \u00e9s de llarga durada. Pots utilitzar qualsevol tipus de lubricant.<\/p>\n<p>Per mantenir-lo en condicions, neteja&#8217;l amb aigua t\u00e8bia i sab\u00f3 neutre, o si ho prefereixes, un producte exclusiu de neteja per a joguines sexuals.<\/p>\n<\/div>\n<h1><strong>Qualitat mitjana<\/strong><\/h1>\n<div>\n<p><strong>Pl\u00e0stic tou TPE I TPR:<\/strong><\/p>\n<p><strong>TPE<\/strong><\/p>\n<p>L&#8217;elast\u00f2mer termopl\u00e0stic (TPE) i el cautx\u00fa termopl\u00e0stic (TPR) s\u00f3n materials segurs per al cos. A primera vista no s&#8217;aprecia, per\u00f2 \u00e9s un material por\u00f3s i \u00e9s dif\u00edcil de desinfectar. Per aquest motiu, recomanem que sigui d&#8217;\u00fas personal nom\u00e9s, per\u00f2 si vols fer-lo servir amb una altra persona pren precaucions per evitar possibles malalties de transmissi\u00f3 sexual. La part bona \u00e9s que no contenen ftalats, \u00e9s durador en el temps i t\u00e9 una textura suau i agradable. Si en la seva fabricaci\u00f3 no est\u00e0 barrejat amb silicona es pot utilitzar amb qualsevol tipus de lubricant, per\u00f2 si cont\u00e9 algun percentatge d&#8217;aquesta, has de fer servir sempre lubricant de base aquosa.<\/p>\n<p><strong>Pl\u00e0stic dur ABS:<\/strong><\/p>\n<p><strong>ABS<\/strong><\/p>\n<p>El pl\u00e0stic ABS \u00e9s un altre material molt com\u00fa a l&#8217;hora de fabricar joguines sexuals. Es tracta d&#8217;un pl\u00e0stic d&#8217;alta resist\u00e8ncia, per\u00f2 \u00e9s considerat un material cancerigen. Recomanem no comprar articles er\u00f2tics fets amb ABS a la part que t\u00e9 vibrador o que s&#8217;insereix al cos.<\/p>\n<p>Si veieu que a la caixa s&#8217;especifica que est\u00e0 fabricat amb TPR la part que toca el cos i d&#8217;ABS les ordres de la joguina no hi ha cap risc per al cos. Molts fabricants utilitzen aquest material per a joguines sexuals, tot i aix\u00ed, nosaltres no recomanem el seu \u00fas.<\/p>\n<\/div>\n<h1><strong>No recomanables<\/strong><\/h1>\n<div>\n<p><strong>Jelly o gelatina:<\/strong><\/p>\n<p>Aquest material tamb\u00e9 es fa servir molt en la fabricaci\u00f3 d&#8217;articles er\u00f2tics perqu\u00e8 \u00e9s molt emmotllable i t\u00e9 uns costos molt redu\u00efts. Aquest tipus de joguines nom\u00e9s serien una opci\u00f3 per provar quin tipus de joguina t&#8217;agrada m\u00e9s o per experimentar al principi.<\/p>\n<p>Quan ja hagis experimentat una mica i s\u00e0pigues que \u00e9s el que m\u00e9s t&#8217;agrada fer, et recomanem que tri\u00efs una joguina de m\u00e9s qualitat, m\u00e9s duradora en el temps i sobretot molt m\u00e9s sa pel teu cos.<\/p>\n<p>Sempre s&#8217;ha d&#8217;usar amb lubricants de base aquosa perqu\u00e8 no es facin malb\u00e9. En tractar-se d&#8217;un material que cont\u00e9 PVC aquest porta ftalats, \u00e9s a dir, no \u00e9s bo utilitzar aquest material a llarg termini. \u00c9s el\u00e0stic i manejable.<\/p>\n<p>Aquest tipus de joguines fan olor de pl\u00e0stic, algunes presenten les marques dels motlles de fabricaci\u00f3 i algunes bombolles a l&#8217;interior.<\/p>\n<p>Has de netejar-lo amb aigua t\u00e8bia i sab\u00f3 neutre o antibacteri\u00e0 o tamb\u00e9 pots utilitzar un netejador de productes sexuals que sigui espec\u00edfic per fer-ho.<\/p>\n<p>S&#8217;ha d&#8217;assecar b\u00e9 i despr\u00e9s pots deixar-lo a l&#8217;aire lliure que s&#8217;acabi d&#8217;assecar i guardar-lo en una funda de forma individual, mai barrejar-lo amb altres joguines, ja que podria danyar-se o danyar les altres joguines que tinguis.<\/p>\n<p><strong>PVC:<\/strong><\/p>\n<p>Com altres materials, el PVC tamb\u00e9 \u00e9s molt utilitzat a la ind\u00fastria er\u00f2tica. \u00c9s un tipus de material molt bon conductor de les vibracions.<\/p>\n<p>S\u00f3n de textura m\u00e9s r\u00edgida que altres materials.<\/p>\n<p>Es pot fer servir amb lubricants de base aquosa o de silicona.<\/p>\n<p>Per netejar-lo, \u00e9s molt f\u00e0cil de netejar, fins i tot pots fer servir una mica d&#8217;alcohol per desinfectar-lo i despr\u00e9s esbandir-lo molt b\u00e9 amb aigua. Si ho prefereixes, pots rentar-ho amb aigua t\u00e8bia i amb sab\u00f3 neutre o antibacteri\u00e0. Igualment, amb un netejador de joguines sexuals especial per fer-ho.<\/p>\n<p><strong>L\u00e0tex:<\/strong><\/p>\n<p>Es tracta d&#8217;un material molt econ\u00f2mic per a la fabricaci\u00f3 de joguines er\u00f2tiques i preservatives. \u00c9s molt f\u00e0cil d&#8217;emmotllar i sempre ha estat un dels materials m\u00e9s utilitzats a la ind\u00fastria de joguines sexuals.<\/p>\n<p>Les joguines de l\u00e0tex es poden fer servir amb lubricants de base aquosa i de silicona, per\u00f2 \u00e9s un material molt por\u00f3s, aix\u00f2 significa que \u00e9s f\u00e0cil que absorbeixi bacteris i olors. Nosaltres no recomanem que es comparteixi amb altres persones per aquest motiu.<\/p>\n<p>Si vols conservar en bon estat i que et duri molt de temps has d&#8217;usar sempre un preservatiu.<\/p>\n<p>Pel que fa a les cures, la millor manera \u00e9s amb aigua t\u00e8bia i sab\u00f3 neutre o antibacteri\u00e0. Pots utilitzar tamb\u00e9, si ho prefereixes, un netejador espec\u00edfic per a joguines er\u00f2tiques.<\/p>\n<p>S&#8217;ha de deixar assecar a l&#8217;aire i un cop totalment sec, guardar-lo en una funda per conservar-lo \u00f2ptimament. No ho barregis amb altres joguines, guarda&#8217;l de manera individual, ja que, podria deteriorar-se amb molta facilitat.<\/p>\n<\/div>\n<p><!--more--><br \/>\n<!-- {\"type\":\"layout\",\"children\":[{\"type\":\"section\",\"props\":{\"image_position\":\"center-center\",\"style\":\"default\",\"title_breakpoint\":\"xl\",\"title_position\":\"top-left\",\"title_rotation\":\"left\",\"vertical_align\":\"middle\",\"width\":\"default\"},\"children\":[{\"type\":\"row\",\"children\":[{\"type\":\"column\",\"props\":{\"image_position\":\"center-center\",\"position_sticky_breakpoint\":\"m\"},\"children\":[{\"type\":\"headline\",\"props\":{\"content\":\"<strong>Materials de fabricaci\\u00f3 de les joguines sexuals<\\\/strong>\",\"text_align\":\"center\",\"title_element\":\"h1\"}},{\"type\":\"text\",\"props\":{\"column_breakpoint\":\"m\",\"content\":\"\n\n<p><strong>Qu\\u00e8 passa amb la salut i seguretat de les persones?<\\\/strong><\\\/p>\\n\n\n<p>Ens posem a la pell dels clients. Creiem que agradaria que l'empresa a la qual volem comprar per internet ens ofereixi una gran varietat de productes i uns preus assequibles, per\\u00f2 que tamb\\u00e9 tingui aquest tacte a l'hora de vendre els seus productes, \\u00e9s a dir, tacte en la qualitat de les joguines que est\\u00e0 venent, aix\\u00f2 \\u00e9s sin\\u00f2nim de salut i seguretat. Per a la nostra empresa el m\\u00e9s important \\u00e9s la satisfacci\\u00f3 del client i ho demostrarem!<\\\/p>\",\"margin\":\"default\",\"text_style\":\"large\"}}]}]}],\"name\":\"Introducci\\u00f3\"},{\"type\":\"section\",\"props\":{\"image_position\":\"center-center\",\"padding_remove_top\":true,\"style\":\"default\",\"title_breakpoint\":\"xl\",\"title_position\":\"top-left\",\"title_rotation\":\"left\",\"vertical_align\":\"middle\",\"width\":\"default\"},\"children\":[{\"type\":\"row\",\"children\":[{\"type\":\"column\",\"props\":{\"image_position\":\"center-center\",\"position_sticky_breakpoint\":\"m\"},\"children\":[{\"type\":\"headline\",\"props\":{\"content\":\"<strong>La m\\u00e9s alta qualitat<\\\/strong>\",\"title_element\":\"h1\",\"title_style\":\"h3\"}},{\"type\":\"text\",\"props\":{\"column_breakpoint\":\"m\",\"content\":\"\n\n<p><strong>Silicona de grau m\\u00e8dic:<\\\/strong><\\\/p>\\n\n\n<p>El millor material per a la fabricaci\\u00f3 d'algunes joguines sexuals \\u00e9s la <strong>silicona de grau m\\u00e8dic<\\\/strong>. Analitzarem per qu\\u00e8, qu\\u00e8 \\u00e9s i qu\\u00e8 la fa tan segura.<\\\/p>\\n\n\n<p>La silicona de grau m\\u00e8dic s'ha obert pas al llarg dels anys, va comen\\u00e7ar a ser comercialitzada l'any 1930 i ara va trepitjant fort en moltes de les cares pel que fa a la seva utilitzaci\\u00f3, en aquest cas, ens centrarem en les joguines sexuals per a adults.<\\\/p>\\n\n\n<p>Est\\u00e0 compost per cadenes de mol\\u00e8cules de silici i es pot presentar tant en forma l\\u00edquida com s\\u00f2lida. La silicona utilitzada en les joguines er\\u00f2tiques \\u00e9s variada, dep\\u00e8n del fabricant i de les seves pr\\u00f2pies f\\u00f3rmules. Normalment, empren silicona, grau m\\u00e8dic de grau <strong>pr\\u00e8mium o Elast\\u00f2mer<\\\/strong>.<\\\/p>\\n\n\n<p>Els elast\\u00f2mers s\\u00f3n silicones que no tenen metalls a la seva composici\\u00f3 i \\u00e9s un material m\\u00e9s el\\u00e0stic.<\\\/p>\\n\n\n<p>Hi ha molts tipus d'elast\\u00f2mers que s'utilitzen per a la fabricaci\\u00f3 de <strong>dildos, consoladors o vibradors i boles xineses<\\\/strong>, aquests s\\u00f3n tractats d'una manera que els fa indeformables, el tacte \\u00e9s molt agradable i ultra lliscant. Aquestes propietats fan que aquest material sigui preferit a l'hora de fabricar productes er\\u00f2tics.<\\\/p>\\n\n\n<p>Es cataloga de grau m\\u00e8dic per la seva nul\\u00b7la porositat, compatibilitat amb la pell i l'exempci\\u00f3 d'al\\u00b7lerg\\u00f2gens o materials met\\u00e0l\\u00b7lics dins de la seva composici\\u00f3. \\u00c9s provada i aprovada per un \\u00f2rgan competent americ\\u00e0 denominat <strong><em>FDA (Food and Drug Administration)<\\\/em><\\\/strong>, el qual acredita que aquest material \\u00e9s hipoal\\u00b7l\\u00e8rgic i segur per al cos hum\\u00e0.<\\\/p>\\n\n\n<p>Per saber amb seguretat si la teva joguina sexual \\u00e9s de silicona de grau m\\u00e8dic, t'has de fixar en la car\\u00e8ncia d'olor, \\u00e9s important que el producte tingui una olor neutra, aix\\u00f2 et garanteix que \\u00e9s segur per al teu cos. Si, per altra banda, en treure'l del paquet despr\\u00e8n una forta olor de pl\\u00e0stic, aleshores pots detectar que es tracta d'una joguina intrusa no apte per al cos i no l'hauries de fer servir.<\\\/p>\\n\n\n<p>Les joguines er\\u00f2tiques tenen uns colors molt vius i cridaners i perduren durant molt de temps, ja que la seva fabricaci\\u00f3 \\u00e9s d'alta qualitat. No obstant aix\\u00f2, es recomana no exposar-los a la llum solar perqu\\u00e8 es podrien fer malb\\u00e9 m\\u00e9s r\\u00e0pidament del normal.<\\\/p>\\n\n\n<p>Les joguines que no tinguin instal\\u00b7lada electr\\u00f2nica a l'interior, es poden netejar amb aigua i sab\\u00f3 neutre, i les joguines que tenen instal\\u00b7lada electr\\u00f2nica pots fer servir un <strong>netejador de joguines sexuals<\\\/strong> per no submergir-les a l'aigua i danyar-les.<\\\/p>\\n\n\n<p><strong>Cristall:<\\\/strong><\\\/p>\\n\n\n<p><strong>Qu\\u00e8 s\\u00f3n i per qu\\u00e8 preferir-los?<\\\/strong><\\\/p>\\n\n\n<p>Les joguines sexuals de vidre tamb\\u00e9 s\\u00f3n una bona opci\\u00f3, t'explicarem per qu\\u00e8.<\\\/p>\\n\n\n<p>Estan fabricats de vidre borosilicat. Encara que a simple vista pugui semblar que \\u00e9s fr\\u00e0gil o dur al tacte, en realitat no \\u00e9s aix\\u00ed. S\\u00f3n resistents a les caigudes i alhora igual de lleugers que els que es fabriquen en altres materials.<\\\/p>\\n\n\n<p>El vidre \\u00e9s hipoal\\u00b7l\\u00e8rgic, condueix molt b\\u00e9 la temperatura, tant freda com calenta, aix\\u00f2 et permet ampliar les teves sensacions jugant amb la temperatura, escalfant-lo amb aigua t\\u00e8bia o refredar-lo a la nevera.<\\\/p>\\n\n\n<p>La durabilitat d'una joguina sexual de vidre \\u00e9s molt m\\u00e9s gran que la de qualsevol altra per la seva alta resist\\u00e8ncia.<\\\/p>\\n\n\n<p>I no menys important, aquestes joguines tenen preus que s\\u00f3n, generalment, assolibles per a moltes persones amb ingressos mitjans sense gastar gaires diners.<\\\/p>\\n\n\n<p>El vidre \\u00e9s un material que per si mateix repel\\u00b7leix la brut\\u00edcia, per aix\\u00f2 la neteja \\u00e9s molt m\\u00e9s senzilla que en joguines tradicionals, i es pot fer nom\\u00e9s amb aigua t\\u00e8bia, encara que recomanem aplicar sab\\u00f3 neutre per assegurar-nos que la seva desinfecci\\u00f3 \\u00e9s correcta.<\\\/p>\\n\n\n<p><strong>Metall i acer inoxidable:<\\\/strong><\\\/p>\\n\n\n<p>S\\u00f3n materials termo conductors, igual que el vidre, pots jugar amb les temperatures, escalfar amb aigua t\\u00e8bia o refredar-lo a la nevera.<\\\/p>\\n\n\n<p>\\u00c9s hipoal\\u00b7l\\u00e8rgic, no \\u00e9s por\\u00f3s i \\u00e9s de llarga durada. Pots utilitzar qualsevol tipus de lubricant.<\\\/p>\\n\n\n<p>Per mantenir-lo en condicions, neteja'l amb aigua t\\u00e8bia i sab\\u00f3 neutre, o si ho prefereixes, un producte exclusiu de neteja per a joguines sexuals.<\\\/p>\",\"margin\":\"default\"}}]}]}],\"name\":\"La m\\u00e9s alta qualitat\"},{\"type\":\"section\",\"props\":{\"image_position\":\"center-center\",\"padding_remove_top\":true,\"style\":\"default\",\"title_breakpoint\":\"xl\",\"title_position\":\"top-left\",\"title_rotation\":\"left\",\"vertical_align\":\"middle\",\"width\":\"default\"},\"children\":[{\"type\":\"row\",\"children\":[{\"type\":\"column\",\"props\":{\"image_position\":\"center-center\",\"position_sticky_breakpoint\":\"m\"},\"children\":[{\"type\":\"headline\",\"props\":{\"content\":\"<strong>Qualitat mitjana<\\\/strong>\",\"title_element\":\"h1\",\"title_style\":\"h3\"}},{\"type\":\"text\",\"props\":{\"column_breakpoint\":\"m\",\"content\":\"\n\n<p><strong>Pl\\u00e0stic tou TPE I TPR:<\\\/strong><\\\/p>\\n\n\n<p><strong>TPE<\\\/strong><\\\/p>\\n\n\n<p>L'elast\\u00f2mer termopl\\u00e0stic (TPE) i el cautx\\u00fa termopl\\u00e0stic (TPR) s\\u00f3n materials segurs per al cos. A primera vista no s'aprecia, per\\u00f2 \\u00e9s un material por\\u00f3s i \\u00e9s dif\\u00edcil de desinfectar. Per aquest motiu, recomanem que sigui d'\\u00fas personal nom\\u00e9s, per\\u00f2 si vols fer-lo servir amb una altra persona pren precaucions per evitar possibles malalties de transmissi\\u00f3 sexual. La part bona \\u00e9s que no contenen ftalats, \\u00e9s durador en el temps i t\\u00e9 una textura suau i agradable. Si en la seva fabricaci\\u00f3 no est\\u00e0 barrejat amb silicona es pot utilitzar amb qualsevol tipus de lubricant, per\\u00f2 si cont\\u00e9 algun percentatge d'aquesta, has de fer servir sempre lubricant de base aquosa.<\\\/p>\\n\n\n<p><strong>Pl\\u00e0stic dur ABS:<\\\/strong><\\\/p>\\n\n\n<p><strong>ABS<\\\/strong><\\\/p>\\n\n\n<p>El pl\\u00e0stic ABS \\u00e9s un altre material molt com\\u00fa a l'hora de fabricar joguines sexuals. Es tracta d'un pl\\u00e0stic d'alta resist\\u00e8ncia, per\\u00f2 \\u00e9s considerat un material cancerigen. Recomanem no comprar articles er\\u00f2tics fets amb ABS a la part que t\\u00e9 vibrador o que s'insereix al cos.<\\\/p>\\n\n\n<p>Si veieu que a la caixa s'especifica que est\\u00e0 fabricat amb TPR la part que toca el cos i d'ABS les ordres de la joguina no hi ha cap risc per al cos. Molts fabricants utilitzen aquest material per a joguines sexuals, tot i aix\\u00ed, nosaltres no recomanem el seu \\u00fas.<\\\/p>\",\"margin\":\"default\"}}]}]}],\"name\":\"Qualitat mitjana\"},{\"type\":\"section\",\"props\":{\"image_position\":\"center-center\",\"padding_remove_top\":true,\"style\":\"default\",\"title_breakpoint\":\"xl\",\"title_position\":\"top-left\",\"title_rotation\":\"left\",\"vertical_align\":\"middle\",\"width\":\"default\"},\"children\":[{\"type\":\"row\",\"children\":[{\"type\":\"column\",\"props\":{\"image_position\":\"center-center\",\"position_sticky_breakpoint\":\"m\"},\"children\":[{\"type\":\"headline\",\"props\":{\"content\":\"<strong>No recomanables<\\\/strong>\",\"title_element\":\"h1\",\"title_style\":\"h3\"}},{\"type\":\"text\",\"props\":{\"column_breakpoint\":\"m\",\"content\":\"\n\n<p><strong>Jelly o gelatina:<\\\/strong><\\\/p>\\n\n\n<p>Aquest material tamb\\u00e9 es fa servir molt en la fabricaci\\u00f3 d'articles er\\u00f2tics perqu\\u00e8 \\u00e9s molt emmotllable i t\\u00e9 uns costos molt redu\\u00efts. Aquest tipus de joguines nom\\u00e9s serien una opci\\u00f3 per provar quin tipus de joguina t'agrada m\\u00e9s o per experimentar al principi.<\\\/p>\\n\n\n<p>Quan ja hagis experimentat una mica i s\\u00e0pigues que \\u00e9s el que m\\u00e9s t'agrada fer, et recomanem que tri\\u00efs una joguina de m\\u00e9s qualitat, m\\u00e9s duradora en el temps i sobretot molt m\\u00e9s sa pel teu cos.<\\\/p>\\n\n\n<p>Sempre s'ha d'usar amb lubricants de base aquosa perqu\\u00e8 no es facin malb\\u00e9. En tractar-se d'un material que cont\\u00e9 PVC aquest porta ftalats, \\u00e9s a dir, no \\u00e9s bo utilitzar aquest material a llarg termini. \\u00c9s el\\u00e0stic i manejable.<\\\/p>\\n\n\n<p>Aquest tipus de joguines fan olor de pl\\u00e0stic, algunes presenten les marques dels motlles de fabricaci\\u00f3 i algunes bombolles a l'interior.<\\\/p>\\n\n\n<p>Has de netejar-lo amb aigua t\\u00e8bia i sab\\u00f3 neutre o antibacteri\\u00e0 o tamb\\u00e9 pots utilitzar un netejador de productes sexuals que sigui espec\\u00edfic per fer-ho.<\\\/p>\\n\n\n<p>S'ha d'assecar b\\u00e9 i despr\\u00e9s pots deixar-lo a l'aire lliure que s'acabi d'assecar i guardar-lo en una funda de forma individual, mai barrejar-lo amb altres joguines, ja que podria danyar-se o danyar les altres joguines que tinguis.<\\\/p>\\n\n\n<p><strong>PVC:<\\\/strong><\\\/p>\\n\n\n<p>Com altres materials, el PVC tamb\\u00e9 \\u00e9s molt utilitzat a la ind\\u00fastria er\\u00f2tica. \\u00c9s un tipus de material molt bon conductor de les vibracions.<\\\/p>\\n\n\n<p>S\\u00f3n de textura m\\u00e9s r\\u00edgida que altres materials.<\\\/p>\\n\n\n<p>Es pot fer servir amb lubricants de base aquosa o de silicona.<\\\/p>\\n\n\n<p>Per netejar-lo, \\u00e9s molt f\\u00e0cil de netejar, fins i tot pots fer servir una mica d'alcohol per desinfectar-lo i despr\\u00e9s esbandir-lo molt b\\u00e9 amb aigua. Si ho prefereixes, pots rentar-ho amb aigua t\\u00e8bia i amb sab\\u00f3 neutre o antibacteri\\u00e0. Igualment, amb un netejador de joguines sexuals especial per fer-ho.<\\\/p>\\n\n\n<p><strong>L\\u00e0tex:<\\\/strong><\\\/p>\\n\n\n<p>Es tracta d'un material molt econ\\u00f2mic per a la fabricaci\\u00f3 de joguines er\\u00f2tiques i preservatives. \\u00c9s molt f\\u00e0cil d'emmotllar i sempre ha estat un dels materials m\\u00e9s utilitzats a la ind\\u00fastria de joguines sexuals.<\\\/p>\\n\n\n<p>Les joguines de l\\u00e0tex es poden fer servir amb lubricants de base aquosa i de silicona, per\\u00f2 \\u00e9s un material molt por\\u00f3s, aix\\u00f2 significa que \\u00e9s f\\u00e0cil que absorbeixi bacteris i olors. Nosaltres no recomanem que es comparteixi amb altres persones per aquest motiu.<\\\/p>\\n\n\n<p>Si vols conservar en bon estat i que et duri molt de temps has d'usar sempre un preservatiu.<\\\/p>\\n\n\n<p>Pel que fa a les cures, la millor manera \\u00e9s amb aigua t\\u00e8bia i sab\\u00f3 neutre o antibacteri\\u00e0. Pots utilitzar tamb\\u00e9, si ho prefereixes, un netejador espec\\u00edfic per a joguines er\\u00f2tiques.<\\\/p>\\n\n\n<p>S'ha de deixar assecar a l'aire i un cop totalment sec, guardar-lo en una funda per conservar-lo \\u00f2ptimament. No ho barregis amb altres joguines, guarda'l de manera individual, ja que, podria deteriorar-se amb molta facilitat.<\\\/p>\",\"margin\":\"default\"}}]}]}],\"name\":\"No recomanables\"}],\"version\":\"4.4.20\"} --><\/p>\n","protected":false},"excerpt":{"rendered":"<p>Materials de fabricaci\u00f3 de les joguines sexuals Qu\u00e8 passa amb la salut i seguretat de les persones? Ens posem a la pell dels clients. Creiem que agradaria que l&#8217;empresa a la qual volem comprar per internet ens ofereixi una gran varietat de productes i uns preus assequibles, per\u00f2 que tamb\u00e9 tingui aquest tacte a l&#8217;hora [&hellip;]<\/p>\n","protected":false},"author":1,"featured_media":0,"parent":0,"menu_order":0,"comment_status":"closed","ping_status":"closed","template":"","meta":{"footnotes":""},"class_list":["post-1339","page","type-page","status-publish","hentry"],"_links":{"self":[{"href":"https:\/\/tumuneca-sexdoll.com\/ca\/wp-json\/wp\/v2\/pages\/1339","targetHints":{"allow":["GET"]}}],"collection":[{"href":"https:\/\/tumuneca-sexdoll.com\/ca\/wp-json\/wp\/v2\/pages"}],"about":[{"href":"https:\/\/tumuneca-sexdoll.com\/ca\/wp-json\/wp\/v2\/types\/page"}],"author":[{"embeddable":true,"href":"https:\/\/tumuneca-sexdoll.com\/ca\/wp-json\/wp\/v2\/users\/1"}],"replies":[{"embeddable":true,"href":"https:\/\/tumuneca-sexdoll.com\/ca\/wp-json\/wp\/v2\/comments?post=1339"}],"version-history":[{"count":0,"href":"https:\/\/tumuneca-sexdoll.com\/ca\/wp-json\/wp\/v2\/pages\/1339\/revisions"}],"wp:attachment":[{"href":"https:\/\/tumuneca-sexdoll.com\/ca\/wp-json\/wp\/v2\/media?parent=1339"}],"curies":[{"name":"wp","href":"https:\/\/api.w.org\/{rel}","templated":true}]}}