{"id":1356,"date":"2025-01-30T21:08:21","date_gmt":"2025-01-30T20:08:21","guid":{"rendered":"https:\/?page_id=1356"},"modified":"2025-07-03T19:21:25","modified_gmt":"2025-07-03T17:21:25","slug":"nines-sexuals-realistes-de-tpe","status":"publish","type":"page","link":"https:\/\/tumuneca-sexdoll.com\/ca\/nines-sexuals-realistes-de-tpe\/","title":{"rendered":"Nines sexuals realistes de tpe"},"content":{"rendered":"<h1><strong>Nines de tpe<\/strong><\/h1>\n<p><img decoding=\"async\" src=\"\/wp-content\/uploads\/2024\/06\/samantha-3-1000x666-1.webp\" alt=\"\"><\/p>\n<h1><strong>Nines sexuals realistes de tpe<\/strong><\/h1>\n<div>\n<p>S\u00f3n m\u00e9s assequibles que altres tipus de nines realistes perqu\u00e8 el proc\u00e9s de fabricaci\u00f3 \u00e9s diferent i el cost del material TPE \u00e9s inferior al de la silicona. La nostra empresa es compromet sempre a oferir-vos la millor experi\u00e8ncia possible. Si busques una <strong>botiga f\u00edsica a Barcelona<\/strong>, \u200b\u200bsom aqu\u00ed per oferir-te la millor selecci\u00f3 de <strong>sexdoll<\/strong>. Tenen bona elasticitat i es poden estirar 6 a 10 cops. Estan fetes de materials de qualitat m\u00e8dica i estan dissenyades per satisfer els nostres clients m\u00e9s exigents amb els seus preciosos cossos exultants. Retenen molt b\u00e9 la calor, per la qual cosa podr\u00e0s augmentar encara m\u00e9s la teva experi\u00e8ncia amb el teu sexdoll com si fos una dona de veritat.<\/p>\n<\/div>\n<p><p>\n        <a href=\"\/ca\/botiga\/\">Botiga<\/a>\n    <\/p>\n<\/p>\n<p><img decoding=\"async\" src=\"\/wp-content\/uploads\/2024\/06\/samantha-3-1000x666-1.webp\" alt=\"\"><br \/>\n<img decoding=\"async\" src=\"\/wp-content\/uploads\/2024\/06\/mireia-2-1000x666-1.webp\" alt=\"\"><\/p>\n<h1><strong>Sexdolls hiperrealistes de TPE<\/strong><\/h1>\n<div>\n<p>Tenen un tacte suau i el\u00e0stic i semblen dones de carn i ossos. Encara que sembli mentida, els pits i les natges trontollaran quan moguis el cos cap endavant i cap enrere. Si busques una <strong>nina realista a Barcelona<\/strong>, \u200b\u200btenim les millors opcions per a tu. El material de TPE \u00e9s hipoalerg\u00e8nic i compatible amb lubricants org\u00e0nics, a base daigua i silicona.<\/p>\n<p>Cadascuna de les nostres nines per a sexe posseeix un cos intern de metall que li permet moure&#8217;s i col\u00b7locar-se en la posici\u00f3 que m\u00e9s t&#8217;agradi. Si mantens correctament la teva nina, usant els lubrificants adequats, aplicant-li p\u00f3lvores de talc per a la cura de la seva pell, protegint-la correctament quan no la fas servir i tractant-la amb tacte, et durar\u00e0 molt m\u00e9s temps. El material \u00e9s reciclable i respectu\u00f3s amb el medi ambient.<\/p>\n<\/div>\n<p><p>\n        <a href=\"\/ca\/botiga\/\">Botiga<\/a>\n    <\/p>\n<\/p>\n<p><!--more--><br \/>\n<!-- {\"type\":\"layout\",\"children\":[{\"type\":\"section\",\"props\":{\"image_position\":\"center-center\",\"padding\":\"small\",\"style\":\"default\",\"title_breakpoint\":\"xl\",\"title_position\":\"top-left\",\"title_rotation\":\"left\",\"vertical_align\":\"middle\",\"width\":\"default\"},\"children\":[{\"type\":\"row\",\"children\":[{\"type\":\"column\",\"props\":{\"image_position\":\"center-center\",\"position_sticky_breakpoint\":\"m\"},\"children\":[{\"type\":\"headline\",\"props\":{\"content\":\"<strong>Nines de tpe<\\\/strong>\",\"text_align\":\"center\",\"title_element\":\"h1\"}}]}]}],\"name\":\"Nines de tpe\"},{\"type\":\"section\",\"props\":{\"image_position\":\"center-center\",\"padding_remove_bottom\":true,\"style\":\"default\",\"title_breakpoint\":\"xl\",\"title_position\":\"top-left\",\"title_rotation\":\"left\",\"vertical_align\":\"middle\",\"width\":\"default\"},\"children\":[{\"type\":\"row\",\"children\":[{\"type\":\"column\",\"props\":{\"image_position\":\"center-center\",\"position_sticky_breakpoint\":\"m\"},\"children\":[{\"type\":\"image\",\"props\":{\"image\":\"wp-content\\\/uploads\\\/2024\\\/06\\\/samantha-3-1000x666-1.webp\",\"image_svg_color\":\"emphasis\",\"margin\":\"default\",\"visibility\":\"hidden-l\"}}]}]}],\"name\":\"Foto tpe m\\u00f2bil\"},{\"type\":\"section\",\"props\":{\"image_position\":\"center-center\",\"padding\":\"small\",\"style\":\"default\",\"title_breakpoint\":\"xl\",\"title_position\":\"top-left\",\"title_rotation\":\"left\",\"vertical_align\":\"middle\",\"width\":\"default\"},\"children\":[{\"type\":\"row\",\"children\":[{\"type\":\"column\",\"props\":{\"image_position\":\"center-center\",\"position_sticky_breakpoint\":\"m\",\"vertical_align\":\"middle\",\"width_medium\":\"1-2\"},\"children\":[{\"type\":\"headline\",\"props\":{\"content\":\"<strong>Nines sexuals realistes de tpe<\\\/strong>\",\"text_align\":\"center\",\"title_element\":\"h1\",\"title_style\":\"h1\"}},{\"type\":\"text\",\"props\":{\"column_breakpoint\":\"m\",\"content\":\"\n\n<p>S\\u00f3n m\\u00e9s assequibles que altres tipus de nines realistes perqu\\u00e8 el proc\\u00e9s de fabricaci\\u00f3 \\u00e9s diferent i el cost del material TPE \\u00e9s inferior al de la silicona. La nostra empresa es compromet sempre a oferir-vos la millor experi\\u00e8ncia possible. Si busques una <strong>botiga f\\u00edsica a Barcelona<\\\/strong>, \\u200b\\u200bsom aqu\\u00ed per oferir-te la millor selecci\\u00f3 de <strong>sexdoll<\\\/strong>. Tenen bona elasticitat i es poden estirar 6 a 10 cops. Estan fetes de materials de qualitat m\\u00e8dica i estan dissenyades per satisfer els nostres clients m\\u00e9s exigents amb els seus preciosos cossos exultants. Retenen molt b\\u00e9 la calor, per la qual cosa podr\\u00e0s augmentar encara m\\u00e9s la teva experi\\u00e8ncia amb el teu sexdoll com si fos una dona de veritat.<\\\/p>\",\"margin\":\"default\",\"text_align\":\"center\",\"text_color\":\"primary\"}},{\"name\":\"Button Style Secondary\",\"type\":\"button\",\"children\":[{\"type\":\"button_item\",\"props\":{\"button_style\":\"default\",\"content\":\"Botiga\",\"dialog_layout\":\"modal\",\"dialog_offcanvas_flip\":true,\"icon\":\"cart\",\"icon_align\":\"left\",\"link\":\"ca\\\/botiga\\\/\",\"link_title\":\"Botiga\"}}],\"props\":{\"grid_column_gap\":\"small\",\"grid_row_gap\":\"small\",\"margin\":\"default\",\"margin_remove_top\":false,\"text_align\":\"center\"}}]},{\"type\":\"column\",\"props\":{\"image_position\":\"center-center\",\"position_sticky_breakpoint\":\"m\",\"vertical_align\":\"middle\",\"width_medium\":\"1-2\"},\"children\":[{\"type\":\"image\",\"props\":{\"image\":\"wp-content\\\/uploads\\\/2024\\\/06\\\/samantha-3-1000x666-1.webp\",\"image_svg_color\":\"emphasis\",\"margin\":\"default\",\"visibility\":\"l\"}}]}],\"props\":{\"layout\":\"1-2,1-2\"}}],\"name\":\"tpe dolls 1\"},{\"type\":\"section\",\"props\":{\"image_position\":\"center-center\",\"padding_remove_top\":true,\"style\":\"default\",\"title_breakpoint\":\"xl\",\"title_position\":\"top-left\",\"title_rotation\":\"left\",\"vertical_align\":\"middle\",\"width\":\"default\"},\"children\":[{\"type\":\"row\",\"children\":[{\"type\":\"column\",\"props\":{\"image_position\":\"center-center\",\"position_sticky_breakpoint\":\"m\",\"vertical_align\":\"middle\",\"width_medium\":\"1-2\"},\"children\":[{\"type\":\"image\",\"props\":{\"image\":\"wp-content\\\/uploads\\\/2024\\\/06\\\/mireia-2-1000x666-1.webp\",\"image_svg_color\":\"emphasis\",\"margin\":\"default\"}}]},{\"type\":\"column\",\"props\":{\"image_position\":\"center-center\",\"position_sticky_breakpoint\":\"m\",\"vertical_align\":\"middle\",\"width_medium\":\"1-2\"},\"children\":[{\"type\":\"headline\",\"props\":{\"content\":\"<strong>Sexdolls hiperrealistes de TPE<\\\/strong>\",\"text_align\":\"center\",\"title_element\":\"h1\",\"title_style\":\"h1\"}},{\"type\":\"text\",\"props\":{\"column_breakpoint\":\"m\",\"content\":\"\n\n<p>Tenen un tacte suau i el\\u00e0stic i semblen dones de carn i ossos. Encara que sembli mentida, els pits i les natges trontollaran quan moguis el cos cap endavant i cap enrere. Si busques una <strong>nina realista a Barcelona<\\\/strong>, \\u200b\\u200btenim les millors opcions per a tu. El material de TPE \\u00e9s hipoalerg\\u00e8nic i compatible amb lubricants org\\u00e0nics, a base daigua i silicona.<\\\/p>\\n\n\n<p>Cadascuna de les nostres nines per a sexe posseeix un cos intern de metall que li permet moure's i col\\u00b7locar-se en la posici\\u00f3 que m\\u00e9s t'agradi. Si mantens correctament la teva nina, usant els lubrificants adequats, aplicant-li p\\u00f3lvores de talc per a la cura de la seva pell, protegint-la correctament quan no la fas servir i tractant-la amb tacte, et durar\\u00e0 molt m\\u00e9s temps. El material \\u00e9s reciclable i respectu\\u00f3s amb el medi ambient.<\\\/p>\",\"margin\":\"default\",\"text_align\":\"center\",\"text_color\":\"primary\"}},{\"name\":\"Button Style Secondary\",\"type\":\"button\",\"children\":[{\"type\":\"button_item\",\"props\":{\"button_style\":\"default\",\"content\":\"Botiga\",\"dialog_layout\":\"modal\",\"dialog_offcanvas_flip\":true,\"icon\":\"cart\",\"icon_align\":\"left\",\"link\":\"ca\\\/botiga\\\/\",\"link_title\":\"Botiga\"}}],\"props\":{\"grid_column_gap\":\"small\",\"grid_row_gap\":\"small\",\"margin\":\"default\",\"margin_remove_top\":false,\"text_align\":\"center\"}}]}],\"props\":{\"layout\":\"1-2,1-2\"}}],\"name\":\"tpe dolls 2\"}],\"version\":\"4.5.21\"} --><\/p>\n","protected":false},"excerpt":{"rendered":"<p>Nines de tpe Nines sexuals realistes de tpe S\u00f3n m\u00e9s assequibles que altres tipus de nines realistes perqu\u00e8 el proc\u00e9s de fabricaci\u00f3 \u00e9s diferent i el cost del material TPE \u00e9s inferior al de la silicona. La nostra empresa es compromet sempre a oferir-vos la millor experi\u00e8ncia possible. Si busques una botiga f\u00edsica a Barcelona, [&hellip;]<\/p>\n","protected":false},"author":1,"featured_media":0,"parent":0,"menu_order":0,"comment_status":"closed","ping_status":"closed","template":"","meta":{"footnotes":""},"class_list":["post-1356","page","type-page","status-publish","hentry"],"_links":{"self":[{"href":"https:\/\/tumuneca-sexdoll.com\/ca\/wp-json\/wp\/v2\/pages\/1356","targetHints":{"allow":["GET"]}}],"collection":[{"href":"https:\/\/tumuneca-sexdoll.com\/ca\/wp-json\/wp\/v2\/pages"}],"about":[{"href":"https:\/\/tumuneca-sexdoll.com\/ca\/wp-json\/wp\/v2\/types\/page"}],"author":[{"embeddable":true,"href":"https:\/\/tumuneca-sexdoll.com\/ca\/wp-json\/wp\/v2\/users\/1"}],"replies":[{"embeddable":true,"href":"https:\/\/tumuneca-sexdoll.com\/ca\/wp-json\/wp\/v2\/comments?post=1356"}],"version-history":[{"count":0,"href":"https:\/\/tumuneca-sexdoll.com\/ca\/wp-json\/wp\/v2\/pages\/1356\/revisions"}],"wp:attachment":[{"href":"https:\/\/tumuneca-sexdoll.com\/ca\/wp-json\/wp\/v2\/media?parent=1356"}],"curies":[{"name":"wp","href":"https:\/\/api.w.org\/{rel}","templated":true}]}}