{"id":1365,"date":"2025-01-30T21:18:34","date_gmt":"2025-01-30T20:18:34","guid":{"rendered":"https:\/?page_id=1365"},"modified":"2025-07-03T19:18:28","modified_gmt":"2025-07-03T17:18:28","slug":"nines-per-a-adults-hibrides","status":"publish","type":"page","link":"https:\/\/tumuneca-sexdoll.com\/ca\/nines-per-a-adults-hibrides\/","title":{"rendered":"Nines per a adults h\u00edbrides"},"content":{"rendered":"<h1><strong>Nines h\u00edbrides<\/strong><\/h1>\n<p><img decoding=\"async\" src=\"\/wp-content\/uploads\/2024\/06\/cloe-5-722x1000-1.webp\" alt=\"\"><\/p>\n<h1><strong>Nines per a adults h\u00edbrides<\/strong><\/h1>\n<div>\n<p>La millor combinaci\u00f3. La durabilitat i el realisme dels seus caps personalitzables s\u00f3n excel\u00b7lents. Amb un cap de silicona, podeu gaudir d&#8217;una cara i un maquillatge molt m\u00e9s realista que si fos tamb\u00e9 de TPE. Teniu disponible el servei personalitzat d&#8217;implants de cabells, celles i p\u00e8l de vagina. \u00c9s el sistema m\u00e9s triat en la compra de nines sexuals.<\/p>\n<p>Si busques una <strong>sexdoll a Barcelona<\/strong>, a la nostra <strong>botiga f\u00edsica<\/strong> trobar\u00e0s una \u00e0mplia varietat de models <strong>econ\u00f2mics<\/strong> i d&#8217;alta qualitat.<\/p>\n<p>Tenim 2 opcions pel cap de la teva nina:<\/p>\n<p><strong>Cap de silicona amb tacte suau amb obertura oral, o cap de silicona amb tacte dur sense obertura oral.<\/strong><\/p>\n<p>Igual que en els altres dos models de sexdolls, \u00e9s molt important oferir-vos les millors cures perqu\u00e8 la seva durabilitat sigui prolongada en el temps. Aconsellem que quan acabi d&#8217;usar la nina, separeu el cap del cos i els netegeu i desinfecteu per separat. Despr\u00e9s, per emmagatzemar-la, fes-ho igual per separat fins que la torni a fer servir.<\/p>\n<p>Una exposici\u00f3 perllongada entre el cap de silicona dura i el cos de TPE pot fer que el TPE es torni greix\u00f3s i canvi\u00ef la seva textura. Si passa aix\u00f2, separeu r\u00e0pidament el cap del cos i netegeu l&#8217;oli greix\u00f3s amb aigua t\u00e8bia i sab\u00f3 neutre o antibacteri\u00e0. Assegura&#8217;t d&#8217;assecar b\u00e9 i despr\u00e9s guarda-la igual per separat fins que vulguis tornar a usar-la.<\/p>\n<\/div>\n<p><p>\n        <a href=\"\/ca\/botiga\/\">Botiga<\/a>\n    <\/p>\n<\/p>\n<p><img decoding=\"async\" src=\"\/wp-content\/uploads\/2024\/06\/cloe-5-722x1000-1.webp\" alt=\"\"><\/p>\n<p><!--more--><br \/>\n<!-- {\"type\":\"layout\",\"children\":[{\"type\":\"section\",\"props\":{\"image_position\":\"center-center\",\"padding\":\"small\",\"style\":\"default\",\"title_breakpoint\":\"xl\",\"title_position\":\"top-left\",\"title_rotation\":\"left\",\"vertical_align\":\"middle\",\"width\":\"default\"},\"children\":[{\"type\":\"row\",\"children\":[{\"type\":\"column\",\"props\":{\"image_position\":\"center-center\",\"position_sticky_breakpoint\":\"m\"},\"children\":[{\"type\":\"headline\",\"props\":{\"content\":\"<strong>Nines h\\u00edbrides<\\\/strong>\",\"text_align\":\"center\",\"title_element\":\"h1\"}}]}]}],\"name\":\"Nines h\\u00edbrides\"},{\"type\":\"section\",\"props\":{\"image_position\":\"center-center\",\"style\":\"default\",\"title_breakpoint\":\"xl\",\"title_position\":\"top-left\",\"title_rotation\":\"left\",\"vertical_align\":\"middle\",\"width\":\"default\"},\"children\":[{\"type\":\"row\",\"children\":[{\"type\":\"column\",\"props\":{\"image_position\":\"center-center\",\"position_sticky_breakpoint\":\"m\"},\"children\":[{\"type\":\"image\",\"props\":{\"image\":\"wp-content\\\/uploads\\\/2024\\\/06\\\/cloe-5-722x1000-1.webp\",\"image_svg_color\":\"emphasis\",\"margin\":\"default\",\"visibility\":\"hidden-l\"}}]}]}]},{\"type\":\"section\",\"props\":{\"image_position\":\"center-center\",\"style\":\"default\",\"title_breakpoint\":\"xl\",\"title_position\":\"top-left\",\"title_rotation\":\"left\",\"vertical_align\":\"middle\",\"width\":\"default\"},\"children\":[{\"type\":\"row\",\"children\":[{\"type\":\"column\",\"props\":{\"image_position\":\"center-center\",\"position_sticky_breakpoint\":\"m\",\"vertical_align\":\"middle\",\"width_medium\":\"1-2\"},\"children\":[{\"type\":\"headline\",\"props\":{\"content\":\"<strong>Nines per a adults h\\u00edbrides<\\\/strong>\",\"text_align\":\"center\",\"title_element\":\"h1\",\"title_style\":\"h1\"}},{\"type\":\"text\",\"props\":{\"column_breakpoint\":\"m\",\"content\":\"\n\n<p>La millor combinaci\\u00f3. La durabilitat i el realisme dels seus caps personalitzables s\\u00f3n excel\\u00b7lents. Amb un cap de silicona, podeu gaudir d'una cara i un maquillatge molt m\\u00e9s realista que si fos tamb\\u00e9 de TPE. Teniu disponible el servei personalitzat d'implants de cabells, celles i p\\u00e8l de vagina. \\u00c9s el sistema m\\u00e9s triat en la compra de nines sexuals.<\\\/p>\\n\n\n<p>Si busques una <strong>sexdoll a Barcelona<\\\/strong>, a la nostra <strong>botiga f\\u00edsica<\\\/strong> trobar\\u00e0s una \\u00e0mplia varietat de models <strong>econ\\u00f2mics<\\\/strong> i d'alta qualitat.<\\\/p>\\n\n\n<p>Tenim 2 opcions pel cap de la teva nina:<\\\/p>\\n\n\n<p><strong>Cap de silicona amb tacte suau amb obertura oral, o cap de silicona amb tacte dur sense obertura oral.<\\\/strong><\\\/p>\\n\n\n<p>Igual que en els altres dos models de sexdolls, \\u00e9s molt important oferir-vos les millors cures perqu\\u00e8 la seva durabilitat sigui prolongada en el temps. Aconsellem que quan acabi d'usar la nina, separeu el cap del cos i els netegeu i desinfecteu per separat. Despr\\u00e9s, per emmagatzemar-la, fes-ho igual per separat fins que la torni a fer servir.<\\\/p>\\n\n\n<p>Una exposici\\u00f3 perllongada entre el cap de silicona dura i el cos de TPE pot fer que el TPE es torni greix\\u00f3s i canvi\\u00ef la seva textura. Si passa aix\\u00f2, separeu r\\u00e0pidament el cap del cos i netegeu l'oli greix\\u00f3s amb aigua t\\u00e8bia i sab\\u00f3 neutre o antibacteri\\u00e0. Assegura't d'assecar b\\u00e9 i despr\\u00e9s guarda-la igual per separat fins que vulguis tornar a usar-la.<\\\/p>\",\"margin\":\"default\",\"text_align\":\"center\",\"text_color\":\"primary\"}},{\"name\":\"Button Style Secondary\",\"type\":\"button\",\"children\":[{\"type\":\"button_item\",\"props\":{\"button_style\":\"default\",\"content\":\"Botiga\",\"dialog_layout\":\"modal\",\"dialog_offcanvas_flip\":true,\"icon\":\"cart\",\"icon_align\":\"left\",\"link\":\"ca\\\/botiga\\\/\",\"link_title\":\"Botiga\"}}],\"props\":{\"grid_column_gap\":\"small\",\"grid_row_gap\":\"small\",\"margin\":\"default\",\"margin_remove_top\":false,\"text_align\":\"center\"}}]},{\"type\":\"column\",\"props\":{\"image_position\":\"center-center\",\"position_sticky_breakpoint\":\"m\",\"vertical_align\":\"middle\",\"width_medium\":\"1-2\"},\"children\":[{\"type\":\"image\",\"props\":{\"image\":\"wp-content\\\/uploads\\\/2024\\\/06\\\/cloe-5-722x1000-1.webp\",\"image_svg_color\":\"emphasis\",\"margin\":\"default\",\"visibility\":\"l\"}}]}],\"props\":{\"layout\":\"1-2,1-2\"}}],\"name\":\"Nines per a adults h\\u00edbrides\"}],\"version\":\"4.5.21\"} --><\/p>\n","protected":false},"excerpt":{"rendered":"<p>Nines h\u00edbrides Nines per a adults h\u00edbrides La millor combinaci\u00f3. La durabilitat i el realisme dels seus caps personalitzables s\u00f3n excel\u00b7lents. Amb un cap de silicona, podeu gaudir d&#8217;una cara i un maquillatge molt m\u00e9s realista que si fos tamb\u00e9 de TPE. Teniu disponible el servei personalitzat d&#8217;implants de cabells, celles i p\u00e8l de vagina. [&hellip;]<\/p>\n","protected":false},"author":1,"featured_media":0,"parent":0,"menu_order":0,"comment_status":"closed","ping_status":"closed","template":"","meta":{"footnotes":""},"class_list":["post-1365","page","type-page","status-publish","hentry"],"_links":{"self":[{"href":"https:\/\/tumuneca-sexdoll.com\/ca\/wp-json\/wp\/v2\/pages\/1365","targetHints":{"allow":["GET"]}}],"collection":[{"href":"https:\/\/tumuneca-sexdoll.com\/ca\/wp-json\/wp\/v2\/pages"}],"about":[{"href":"https:\/\/tumuneca-sexdoll.com\/ca\/wp-json\/wp\/v2\/types\/page"}],"author":[{"embeddable":true,"href":"https:\/\/tumuneca-sexdoll.com\/ca\/wp-json\/wp\/v2\/users\/1"}],"replies":[{"embeddable":true,"href":"https:\/\/tumuneca-sexdoll.com\/ca\/wp-json\/wp\/v2\/comments?post=1365"}],"version-history":[{"count":0,"href":"https:\/\/tumuneca-sexdoll.com\/ca\/wp-json\/wp\/v2\/pages\/1365\/revisions"}],"wp:attachment":[{"href":"https:\/\/tumuneca-sexdoll.com\/ca\/wp-json\/wp\/v2\/media?parent=1365"}],"curies":[{"name":"wp","href":"https:\/\/api.w.org\/{rel}","templated":true}]}}