{"id":1373,"date":"2025-01-30T21:26:20","date_gmt":"2025-01-30T20:26:20","guid":{"rendered":"https:\/?page_id=1373"},"modified":"2025-07-03T19:20:27","modified_gmt":"2025-07-03T17:20:27","slug":"pagaments-i-enviaments-joguines","status":"publish","type":"page","link":"https:\/\/tumuneca-sexdoll.com\/ca\/pagaments-i-enviaments-joguines\/","title":{"rendered":"Pagaments i enviaments joguines"},"content":{"rendered":"<h1><strong>Pagaments i enviaments joguines<\/strong><\/h1>\n<div>\n<p>Acceptem com a m\u00e8tode de pagament: <strong>targeta banc\u00e0ria de d\u00e8bit o cr\u00e8dit<\/strong>, <strong>transfer\u00e8ncia banc\u00e0ria, Bizum o Efectiu<\/strong>.<\/p>\n<p>Quan el pagament s&#8217;ha efectuat correctament, s&#8217;enviar\u00e0 un WhatsApp o correu electr\u00f2nic de confirmaci\u00f3 al client.<\/p>\n<p>El preu del transport es calcula depenent de la poblaci\u00f3 de resid\u00e8ncia del client. Els enviaments es faran en territori espanyol.<\/p>\n<p>Els ports seran gratu\u00efts amb una compra igual o superior a 60 \u20ac, nom\u00e9s per a la Pen\u00ednsula i les Illes Balears. Per a enviament gratu\u00eft a les Illes Can\u00e0ries, Ceuta o Melilla, la compra m\u00ednima haur\u00e0 de ser de 90\u202f\u20ac.<\/p>\n<p>Les demores derivades per retards en Ag\u00e8ncies de Transport alienes a nosaltres s\u00f3n responsabilitat de l&#8217;empresa que presta el servei log\u00edstic. Els despatxos de duanes no estan inclosos en el temps de lliurament descrit.<\/p>\n<p>Les comandes s\u00f3n expedides el mateix dia, sempre que es cursin abans de les 15:00 hores de la tarda.<\/p>\n<\/div>\n<h1>1. Garanties<\/h1>\n<div>\n<p>Tots els nostres productes compleixen els est\u00e0ndards de qualitat i nom\u00e9s treballem amb fabricants que compleixin aquests requisits. Per\u00f2 en el cas que algun producte tingui algun defecte en la fabricaci\u00f3, li canviarem per un altre o li tornarem l&#8217;import sense cap cost.<\/p>\n<p>Per llei, disposar\u00e0 de 3 anys per tornar qualsevol producte que no funcioni o tingui algun desperfecte de fabricaci\u00f3.<\/p>\n<p>El cost d&#8217;enviament per fer \u00fas de la garantia de 3 anys \u00e9s a c\u00e0rrec nostre si no se supera el termini de 15 dies naturals des de la data de lliurament. Un cop transcorregut aquest termini, els ports aniran a c\u00e0rrec del client.<\/p>\n<p>No tramitarem la garantia en productes que s&#8217;han devaluat pel mal \u00fas o l&#8217;\u00fas indegut. Tampoc no estaria incl\u00f2s dins de la garantia les defici\u00e8ncies per neglig\u00e8ncies, cops, tensi\u00f3 no id\u00f2nia, instal\u00b7laci\u00f3 incorrecta, ni materials que s&#8217;han desgastat per l&#8217;\u00fas normal. La garantia tampoc no cobrir\u00e0 el decrement del temps en la durada de les bateries a partir dels 6 mesos des de la compra del producte. Tampoc cobrir\u00e0 errors als botons passats els 6 mesos des de la compra.<\/p>\n<p>Per tramitar l&#8217;\u00fas de la garantia d&#8217;un producte, el client haur\u00e0 d&#8217;enviar un correu electr\u00f2nic, especificant el motiu de voler fer \u00fas de la garantia, aix\u00ed com el n\u00famero de comanda. Rebreu un correu electr\u00f2nic per acabar de tramitar l&#8217;\u00fas de la garantia.<\/p>\n<p>S&#8217;haur\u00e0 d&#8217;embalar correctament per procedir-ne a la devoluci\u00f3. No es far\u00e0 efectiva la devoluci\u00f3 de productes als embalatges dels quals s&#8217;hagi enganxat preus, adhesius, paper adhesiu o similar per part del client.<\/p>\n<p>Un cop rebut el producte als nostres magatzems i despr\u00e9s d&#8217;una comprovaci\u00f3 pr\u00e8via de l&#8217;estat del producte i una correcta justificaci\u00f3 de l&#8217;\u00fas de la garantia, es procedir\u00e0 al reintegrament del seu import o canvi per un d&#8217;igual.<\/p>\n<p>No es faran canvis per altres articles, ni canvi de talles o colors. Tampoc no es faran vals de descompte ni xecs.<\/p>\n<\/div>\n<h1>2. Devolucions<\/h1>\n<div>\n<p>Les devolucions en el cas de no agradar-li el producte o que simplement no ho vulgui, vost\u00e8 disposa de 15 dies naturals des del lliurament del seu producte per fer una devoluci\u00f3, sempre que el producte no sigui considerat un article d&#8217;higiene personal, \u00edntim o llenceria i no s&#8217;hagi obert la capsa.<\/p>\n<p>La legislaci\u00f3 vigent ens impedeix fer devolucions perqu\u00e8 els productes que venem estan catalogats com a productes \u00edntims i d&#8217;\u00fas personal. Tampoc no es faran devolucions per canvi de talla ni colors. Les despeses d&#8217;enviament de la devoluci\u00f3 per motius aliens a desperfectes de fabricaci\u00f3 aniran a c\u00e0rrec del client.<\/p>\n<p><em>El producte haur\u00e0 de conservar el seu embalatge intacte i estar precintat com d&#8217;origen. Igual que haur\u00e0 d&#8217;estar en perfectes condicions i sense signes aparents que hagi estat utilitzat.<\/em><\/p>\n<p>Volem garantir que la cadena d&#8217;higiene es respecti a cada moment. Per tramitar una devoluci\u00f3, el client haur\u00e0 d&#8217;enviar un correu electr\u00f2nic especificant el motiu de la seva devoluci\u00f3, aix\u00ed com el n\u00famero de comanda. Rebreu un correu electr\u00f2nic per acabar de tramitar la vostra devoluci\u00f3.<\/p>\n<p><em>S&#8217;haur\u00e0 d&#8217;embalar correctament per a la devoluci\u00f3 per desistiment. No es far\u00e0 efectiva la devoluci\u00f3 de productes en els embalatges dels quals s&#8217;hagin enganxat preus, adhesius, paper adhesiu o similar per part del comprador.<\/em><\/p>\n<p>Un cop rebut el producte als nostres magatzems i despr\u00e9s d&#8217;una comprovaci\u00f3 pr\u00e8via de l&#8217;estat del producte, es procedir\u00e0 al reintegrament del seu import.<\/p>\n<\/div>\n<p><!--more--><br \/>\n<!-- {\"type\":\"layout\",\"children\":[{\"type\":\"section\",\"props\":{\"image_position\":\"center-center\",\"padding\":\"small\",\"style\":\"default\",\"title_breakpoint\":\"xl\",\"title_position\":\"top-left\",\"title_rotation\":\"left\",\"vertical_align\":\"middle\",\"width\":\"default\"},\"children\":[{\"type\":\"row\",\"children\":[{\"type\":\"column\",\"props\":{\"image_position\":\"center-center\",\"position_sticky_breakpoint\":\"m\"},\"children\":[{\"type\":\"headline\",\"props\":{\"content\":\"<strong>Pagaments i enviaments joguines<\\\/strong>\",\"text_align\":\"center\",\"title_element\":\"h1\",\"title_style\":\"h1\"}}]}]}],\"name\":\"Pagaments i enviaments joguines\"},{\"type\":\"section\",\"props\":{\"image_position\":\"center-center\",\"padding\":\"small\",\"style\":\"default\",\"title_breakpoint\":\"xl\",\"title_position\":\"top-left\",\"title_rotation\":\"left\",\"vertical_align\":\"middle\",\"width\":\"default\"},\"children\":[{\"type\":\"row\",\"children\":[{\"type\":\"column\",\"props\":{\"image_position\":\"center-center\",\"position_sticky_breakpoint\":\"m\"},\"children\":[{\"type\":\"text\",\"props\":{\"column_breakpoint\":\"m\",\"content\":\"\n\n<p>Acceptem com a m\\u00e8tode de pagament: <strong>targeta banc\\u00e0ria de d\\u00e8bit o cr\\u00e8dit<\\\/strong>, <strong>transfer\\u00e8ncia banc\\u00e0ria, Bizum o Efectiu<\\\/strong>.<\\\/p>\\n\n\n<p>Quan el pagament s'ha efectuat correctament, s'enviar\\u00e0 un WhatsApp o correu electr\\u00f2nic de confirmaci\\u00f3 al client.<\\\/p>\\n\n\n<p>El preu del transport es calcula depenent de la poblaci\\u00f3 de resid\\u00e8ncia del client. Els enviaments es faran en territori espanyol.<\\\/p>\\n\n\n<p>Els ports seran gratu\\u00efts amb una compra igual o superior a 60 \\u20ac, nom\\u00e9s per a la Pen\\u00ednsula i les Illes Balears. Per a enviament gratu\\u00eft a les Illes Can\\u00e0ries, Ceuta o Melilla, la compra m\\u00ednima haur\\u00e0 de ser de 90\\u202f\\u20ac.<\\\/p>\\n\n\n<p>Les demores derivades per retards en Ag\\u00e8ncies de Transport alienes a nosaltres s\\u00f3n responsabilitat de l'empresa que presta el servei log\\u00edstic. Els despatxos de duanes no estan inclosos en el temps de lliurament descrit.<\\\/p>\\n\n\n<p>Les comandes s\\u00f3n expedides el mateix dia, sempre que es cursin abans de les 15:00 hores de la tarda.<\\\/p>\",\"margin\":\"default\",\"text_color\":\"primary\"}}]}]}],\"name\":\"Introducci\\u00f3\"},{\"type\":\"section\",\"props\":{\"image_position\":\"center-center\",\"padding\":\"xsmall\",\"style\":\"default\",\"title_breakpoint\":\"xl\",\"title_position\":\"top-left\",\"title_rotation\":\"left\",\"vertical_align\":\"middle\",\"width\":\"default\"},\"children\":[{\"type\":\"row\",\"children\":[{\"type\":\"column\",\"props\":{\"image_position\":\"center-center\",\"position_sticky_breakpoint\":\"m\"},\"children\":[{\"type\":\"headline\",\"props\":{\"content\":\"1. Garanties\",\"title_element\":\"h1\",\"title_style\":\"h2\"}},{\"type\":\"text\",\"props\":{\"column_breakpoint\":\"m\",\"content\":\"\n\n<p>Tots els nostres productes compleixen els est\\u00e0ndards de qualitat i nom\\u00e9s treballem amb fabricants que compleixin aquests requisits. Per\\u00f2 en el cas que algun producte tingui algun defecte en la fabricaci\\u00f3, li canviarem per un altre o li tornarem l'import sense cap cost.<\\\/p>\\n\n\n<p>Per llei, disposar\\u00e0 de 3 anys per tornar qualsevol producte que no funcioni o tingui algun desperfecte de fabricaci\\u00f3.<\\\/p>\\n\n\n<p>El cost d'enviament per fer \\u00fas de la garantia de 3 anys \\u00e9s a c\\u00e0rrec nostre si no se supera el termini de 15 dies naturals des de la data de lliurament. Un cop transcorregut aquest termini, els ports aniran a c\\u00e0rrec del client.<\\\/p>\\n\n\n<p>No tramitarem la garantia en productes que s'han devaluat pel mal \\u00fas o l'\\u00fas indegut. Tampoc no estaria incl\\u00f2s dins de la garantia les defici\\u00e8ncies per neglig\\u00e8ncies, cops, tensi\\u00f3 no id\\u00f2nia, instal\\u00b7laci\\u00f3 incorrecta, ni materials que s'han desgastat per l'\\u00fas normal. La garantia tampoc no cobrir\\u00e0 el decrement del temps en la durada de les bateries a partir dels 6 mesos des de la compra del producte. Tampoc cobrir\\u00e0 errors als botons passats els 6 mesos des de la compra.<\\\/p>\\n\n\n<p>Per tramitar l'\\u00fas de la garantia d'un producte, el client haur\\u00e0 d'enviar un correu electr\\u00f2nic, especificant el motiu de voler fer \\u00fas de la garantia, aix\\u00ed com el n\\u00famero de comanda. Rebreu un correu electr\\u00f2nic per acabar de tramitar l'\\u00fas de la garantia.<\\\/p>\\n\n\n<p>S'haur\\u00e0 d'embalar correctament per procedir-ne a la devoluci\\u00f3. No es far\\u00e0 efectiva la devoluci\\u00f3 de productes als embalatges dels quals s'hagi enganxat preus, adhesius, paper adhesiu o similar per part del client.<\\\/p>\\n\n\n<p>Un cop rebut el producte als nostres magatzems i despr\\u00e9s d'una comprovaci\\u00f3 pr\\u00e8via de l'estat del producte i una correcta justificaci\\u00f3 de l'\\u00fas de la garantia, es procedir\\u00e0 al reintegrament del seu import o canvi per un d'igual.<\\\/p>\\n\n\n<p>No es faran canvis per altres articles, ni canvi de talles o colors. Tampoc no es faran vals de descompte ni xecs.<\\\/p>\",\"margin\":\"default\",\"text_color\":\"primary\"}}]}]}],\"name\":\"1. Garanties\"},{\"type\":\"section\",\"props\":{\"image_position\":\"center-center\",\"padding\":\"small\",\"style\":\"default\",\"title_breakpoint\":\"xl\",\"title_position\":\"top-left\",\"title_rotation\":\"left\",\"vertical_align\":\"middle\",\"width\":\"default\"},\"children\":[{\"type\":\"row\",\"children\":[{\"type\":\"column\",\"props\":{\"image_position\":\"center-center\",\"position_sticky_breakpoint\":\"m\"},\"children\":[{\"type\":\"headline\",\"props\":{\"content\":\"2. Devolucions\",\"title_element\":\"h1\",\"title_style\":\"h2\"}},{\"type\":\"text\",\"props\":{\"column_breakpoint\":\"m\",\"content\":\"\n\n<p>Les devolucions en el cas de no agradar-li el producte o que simplement no ho vulgui, vost\\u00e8 disposa de 15 dies naturals des del lliurament del seu producte per fer una devoluci\\u00f3, sempre que el producte no sigui considerat un article d'higiene personal, \\u00edntim o llenceria i no s'hagi obert la capsa.<\\\/p>\\n\n\n<p>La legislaci\\u00f3 vigent ens impedeix fer devolucions perqu\\u00e8 els productes que venem estan catalogats com a productes \\u00edntims i d'\\u00fas personal. Tampoc no es faran devolucions per canvi de talla ni colors. Les despeses d'enviament de la devoluci\\u00f3 per motius aliens a desperfectes de fabricaci\\u00f3 aniran a c\\u00e0rrec del client.<\\\/p>\\n\n\n<p><em>El producte haur\\u00e0 de conservar el seu embalatge intacte i estar precintat com d'origen. Igual que haur\\u00e0 d'estar en perfectes condicions i sense signes aparents que hagi estat utilitzat.<\\\/em><\\\/p>\\n\n\n<p>Volem garantir que la cadena d'higiene es respecti a cada moment. Per tramitar una devoluci\\u00f3, el client haur\\u00e0 d'enviar un correu electr\\u00f2nic especificant el motiu de la seva devoluci\\u00f3, aix\\u00ed com el n\\u00famero de comanda. Rebreu un correu electr\\u00f2nic per acabar de tramitar la vostra devoluci\\u00f3.<\\\/p>\\n\n\n<p><em>S'haur\\u00e0 d'embalar correctament per a la devoluci\\u00f3 per desistiment. No es far\\u00e0 efectiva la devoluci\\u00f3 de productes en els embalatges dels quals s'hagin enganxat preus, adhesius, paper adhesiu o similar per part del comprador.<\\\/em><\\\/p>\\n\n\n<p>Un cop rebut el producte als nostres magatzems i despr\\u00e9s d'una comprovaci\\u00f3 pr\\u00e8via de l'estat del producte, es procedir\\u00e0 al reintegrament del seu import.<\\\/p>\",\"margin\":\"default\",\"text_color\":\"primary\"}}]}]}],\"name\":\"2. Devolucions\"}],\"version\":\"4.5.21\"} --><\/p>\n","protected":false},"excerpt":{"rendered":"<p>Pagaments i enviaments joguines Acceptem com a m\u00e8tode de pagament: targeta banc\u00e0ria de d\u00e8bit o cr\u00e8dit, transfer\u00e8ncia banc\u00e0ria, Bizum o Efectiu. Quan el pagament s&#8217;ha efectuat correctament, s&#8217;enviar\u00e0 un WhatsApp o correu electr\u00f2nic de confirmaci\u00f3 al client. El preu del transport es calcula depenent de la poblaci\u00f3 de resid\u00e8ncia del client. Els enviaments es faran [&hellip;]<\/p>\n","protected":false},"author":1,"featured_media":0,"parent":0,"menu_order":0,"comment_status":"closed","ping_status":"closed","template":"","meta":{"footnotes":""},"class_list":["post-1373","page","type-page","status-publish","hentry"],"_links":{"self":[{"href":"https:\/\/tumuneca-sexdoll.com\/ca\/wp-json\/wp\/v2\/pages\/1373","targetHints":{"allow":["GET"]}}],"collection":[{"href":"https:\/\/tumuneca-sexdoll.com\/ca\/wp-json\/wp\/v2\/pages"}],"about":[{"href":"https:\/\/tumuneca-sexdoll.com\/ca\/wp-json\/wp\/v2\/types\/page"}],"author":[{"embeddable":true,"href":"https:\/\/tumuneca-sexdoll.com\/ca\/wp-json\/wp\/v2\/users\/1"}],"replies":[{"embeddable":true,"href":"https:\/\/tumuneca-sexdoll.com\/ca\/wp-json\/wp\/v2\/comments?post=1373"}],"version-history":[{"count":0,"href":"https:\/\/tumuneca-sexdoll.com\/ca\/wp-json\/wp\/v2\/pages\/1373\/revisions"}],"wp:attachment":[{"href":"https:\/\/tumuneca-sexdoll.com\/ca\/wp-json\/wp\/v2\/media?parent=1373"}],"curies":[{"name":"wp","href":"https:\/\/api.w.org\/{rel}","templated":true}]}}