{"id":1386,"date":"2025-01-30T21:34:36","date_gmt":"2025-01-30T20:34:36","guid":{"rendered":"https:\/?page_id=1386"},"modified":"2025-07-03T19:20:13","modified_gmt":"2025-07-03T17:20:13","slug":"pagaments-i-enviaments-nines","status":"publish","type":"page","link":"https:\/\/tumuneca-sexdoll.com\/ca\/pagaments-i-enviaments-nines\/","title":{"rendered":"Pagaments i enviaments nines"},"content":{"rendered":"<h1><strong>Pagaments i enviaments nines sexuals<\/strong><\/h1>\n<div>\n<p>Acceptem com a m\u00e8tode de pagament: <strong>targeta banc\u00e0ria de d\u00e8bit o cr\u00e8dit<\/strong>, <strong>transfer\u00e8ncia banc\u00e0ria, Bizum o Efectiu<\/strong>.<\/p>\n<p>En cas de pagar per transfer\u00e8ncia banc\u00e0ria, el client ha de proporcionar una captura o justificant bancari mitjan\u00e7ant WhatsApp o correu electr\u00f2nic, i una vegada l&#8217;import estigui reflectit en el nostre compte bancari, es procedir\u00e0 a l&#8217;enviament de la nina.<\/p>\n<\/div>\n<h1>2. Enviaments a pen\u00ednsula<\/h1>\n<div>\n<p>Rebr\u00e0s la teva nina en un termini de 2 a 5 dies h\u00e0bils des de la confirmaci\u00f3 del pagament. Si volguessis una nina que no tenim en estoc podem tenir-la llesta en 2 o 3 setmanes aproximadament.<\/p>\n<p>Les despeses d&#8217;enviament amb m\u00e8tode de pagament: <strong>targeta banc\u00e0ria de d\u00e8bit o cr\u00e8dit, transfer\u00e8ncia banc\u00e0ria o Bizum<\/strong>, tenen un cost de <strong>65 \u20ac<\/strong>.<\/p>\n<p><strong>En fer una compra amb nosaltres est\u00e0s acceptant els nostres Termes i Condicions.<\/strong><\/p>\n<\/div>\n<h1>3. Enviaments a Illes balears<\/h1>\n<div>\n<p>Per als lliuraments a les Illes Balears hi ha un cost addicional de <strong>150\u202f\u20ac<\/strong> a c\u00e0rrec del client.<\/p>\n<\/div>\n<h1>4. Enviaments a Illes Can\u00e0ries, Ceuta i Melilla<\/h1>\n<div>\n<p>Per als lliuraments a les Illes Can\u00e0ries, Ceuta o Melilla posa&#8217;t en contacte amb el nostre equip per trobar la millor soluci\u00f3. Ens adaptem a qualsevol situaci\u00f3 i suggeriment.<\/p>\n<\/div>\n<h1>5. Devolucions per \u00fas de garantia<\/h1>\n<div>\n<p>Totes les nostres nines compleixen uns est\u00e0ndards de qualitat i nom\u00e9s treballem amb fabricants que compleixin aquests requisits. A m\u00e9s, es comprova l&#8217;estat \u00f2ptim de cada nina abans de qualsevol enviament.<\/p>\n<p>El client haur\u00e0 de comprovar el perfecte estat de la recepci\u00f3 de la nina amb el transportista i una vegada ho confirmi i accepti el lliurament, no tindr\u00e0 dret a devoluci\u00f3 a posteriori. El client es fa responsable del perfecte estat de la recepci\u00f3 i ser\u00e0 responsable de rebutjar la comanda si no \u00e9s aix\u00ed i avisar-nos dins del per\u00edode de 24 hores.<\/p>\n<p>Un cop rebem l&#8217;av\u00eds dins de les primeres 24 hores, us indicarem on haur\u00e0 d&#8217;enviar la comanda per poder avaluar els danys ocasionats a la caixa de la nina. La caixa haur\u00e0 d&#8217;estar tancada com d&#8217;origen i no tenir signes d&#8217;haver obert. En el cas que la devoluci\u00f3 no fos acceptada per nosaltres per entendre que l&#8217;embalatge est\u00e0 en perfecte estat i no t\u00e9 prou danys per poder fer \u00fas de la garantia, la comanda romandr\u00e0 al magatzem de distribuci\u00f3 per ser recollida pel client, per un per\u00edode no superior a 30 dies des de la devoluci\u00f3.<\/p>\n<p>El client es far\u00e0 responsable del pagament de l&#8217;enviament per fer \u00fas de la vostra garantia, i en el cas d&#8217;aquesta no ser aprovada, no es reemborsar\u00e0 el cost d&#8217;enviament.<\/p>\n<p>No tramitarem devolucions per \u00fas de garantia en nines que s&#8217;han devaluat per l&#8217;\u00fas indegut o el mal \u00fas per part del client, per aix\u00f2 incloem un manual de manteniment i \u00fas. Tampoc no estaria incl\u00f2s dins de la garantia les defici\u00e8ncies per neglig\u00e8ncies, cops, instal\u00b7laci\u00f3 incorrecta, ni materials que s&#8217;han desgastat per l&#8217;\u00fas normal.<\/p>\n<\/div>\n<h1>6. Devolucions per desistiment<\/h1>\n<div>\n<p>T&#8217;oferim serveis i productes personalitzats, per la qual cosa s&#8217;enquadra dins de les excepcions estipulades per al dret de desistiment, segons marca <em>l&#8217;<strong>Article 103 del Reial decret legislatiu 1\/2007, de 16 de novembre, pel qual s&#8217;aprova el text ref\u00f3s de la Llei General per a la Defensa dels Consumidors i Usuaris i altres lleis complement\u00e0ries<\/strong><\/em>.<\/p>\n<p>Apartat C: \u00abEl subministrament de b\u00e9ns confeccionats d&#8217;acord amb les especificacions del consumidor i usuari o clarament personalitzats.\u00bb<\/p>\n<p>Per tant, quedem exempts de l&#8217;obligatorietat de disposar de formulari de desistiment com oferir aquesta opci\u00f3 als usuaris a causa del tipus de producte ofert.<\/p>\n<\/div>\n<p><!--more--><br \/>\n<!-- {\"type\":\"layout\",\"children\":[{\"type\":\"section\",\"props\":{\"image_position\":\"center-center\",\"padding\":\"small\",\"style\":\"default\",\"title_breakpoint\":\"xl\",\"title_position\":\"top-left\",\"title_rotation\":\"left\",\"vertical_align\":\"middle\",\"width\":\"default\"},\"children\":[{\"type\":\"row\",\"children\":[{\"type\":\"column\",\"props\":{\"image_position\":\"center-center\",\"position_sticky_breakpoint\":\"m\"},\"children\":[{\"type\":\"headline\",\"props\":{\"content\":\"<strong>Pagaments i enviaments nines sexuals<\\\/strong>\",\"text_align\":\"center\",\"title_element\":\"h1\",\"title_style\":\"h1\"}}]}]}],\"name\":\"Pagaments i enviaments nines\"},{\"type\":\"section\",\"props\":{\"image_position\":\"center-center\",\"padding\":\"small\",\"style\":\"default\",\"title_breakpoint\":\"xl\",\"title_position\":\"top-left\",\"title_rotation\":\"left\",\"vertical_align\":\"middle\",\"width\":\"default\"},\"children\":[{\"type\":\"row\",\"children\":[{\"type\":\"column\",\"props\":{\"image_position\":\"center-center\",\"position_sticky_breakpoint\":\"m\"},\"children\":[{\"type\":\"text\",\"props\":{\"column_breakpoint\":\"m\",\"content\":\"\n\n<p>Acceptem com a m\\u00e8tode de pagament: <strong>targeta banc\\u00e0ria de d\\u00e8bit o cr\\u00e8dit<\\\/strong>, <strong>transfer\\u00e8ncia banc\\u00e0ria, Bizum o Efectiu<\\\/strong>.<\\\/p>\\n\n\n<p>En cas de pagar per transfer\\u00e8ncia banc\\u00e0ria, el client ha de proporcionar una captura o justificant bancari mitjan\\u00e7ant WhatsApp o correu electr\\u00f2nic, i una vegada l'import estigui reflectit en el nostre compte bancari, es procedir\\u00e0 a l'enviament de la nina.<\\\/p>\",\"margin\":\"default\",\"text_color\":\"primary\"}}]}]}],\"name\":\"Introducci\\u00f3n\"},{\"type\":\"section\",\"props\":{\"image_position\":\"center-center\",\"padding\":\"small\",\"style\":\"default\",\"title_breakpoint\":\"xl\",\"title_position\":\"top-left\",\"title_rotation\":\"left\",\"vertical_align\":\"middle\",\"width\":\"default\"},\"children\":[{\"type\":\"row\",\"children\":[{\"type\":\"column\",\"props\":{\"image_position\":\"center-center\",\"position_sticky_breakpoint\":\"m\"},\"children\":[{\"type\":\"headline\",\"props\":{\"content\":\"2. Enviaments a pen\\u00ednsula\",\"title_element\":\"h1\",\"title_style\":\"h2\"}},{\"type\":\"text\",\"props\":{\"column_breakpoint\":\"m\",\"content\":\"\n\n<p>Rebr\\u00e0s la teva nina en un termini de 2 a 5 dies h\\u00e0bils des de la confirmaci\\u00f3 del pagament. Si volguessis una nina que no tenim en estoc podem tenir-la llesta en 2 o 3 setmanes aproximadament.<\\\/p>\\n\n\n<p>Les despeses d'enviament amb m\\u00e8tode de pagament: <strong>targeta banc\\u00e0ria de d\\u00e8bit o cr\\u00e8dit, transfer\\u00e8ncia banc\\u00e0ria o Bizum<\\\/strong>, tenen un cost de <strong>65 \\u20ac<\\\/strong>.<\\\/p>\\n\n\n<p><strong>En fer una compra amb nosaltres est\\u00e0s acceptant els nostres Termes i Condicions.<\\\/strong><\\\/p>\",\"margin\":\"default\",\"text_color\":\"primary\"}}]}]}],\"name\":\"2. Enviaments a pen\\u00ednsula\"},{\"type\":\"section\",\"props\":{\"image_position\":\"center-center\",\"padding\":\"small\",\"style\":\"default\",\"title_breakpoint\":\"xl\",\"title_position\":\"top-left\",\"title_rotation\":\"left\",\"vertical_align\":\"middle\",\"width\":\"default\"},\"children\":[{\"type\":\"row\",\"children\":[{\"type\":\"column\",\"props\":{\"image_position\":\"center-center\",\"position_sticky_breakpoint\":\"m\"},\"children\":[{\"type\":\"headline\",\"props\":{\"content\":\"3. Enviaments a Illes balears\",\"title_element\":\"h1\",\"title_style\":\"h2\"}},{\"type\":\"text\",\"props\":{\"column_breakpoint\":\"m\",\"content\":\"\n\n<p>Per als lliuraments a les Illes Balears hi ha un cost addicional de <strong>150\\u202f\\u20ac<\\\/strong> a c\\u00e0rrec del client.<\\\/p>\",\"margin\":\"default\",\"text_color\":\"primary\"}}]}]}],\"name\":\"3. Enviaments a Illes balears\"},{\"type\":\"section\",\"props\":{\"image_position\":\"center-center\",\"padding\":\"small\",\"style\":\"default\",\"title_breakpoint\":\"xl\",\"title_position\":\"top-left\",\"title_rotation\":\"left\",\"vertical_align\":\"middle\",\"width\":\"default\"},\"children\":[{\"type\":\"row\",\"children\":[{\"type\":\"column\",\"props\":{\"image_position\":\"center-center\",\"position_sticky_breakpoint\":\"m\"},\"children\":[{\"type\":\"headline\",\"props\":{\"content\":\"4. Enviaments a Illes Can\\u00e0ries, Ceuta i Melilla\",\"title_element\":\"h1\",\"title_style\":\"h2\"}},{\"type\":\"text\",\"props\":{\"column_breakpoint\":\"m\",\"content\":\"\n\n<p>Per als lliuraments a les Illes Can\\u00e0ries, Ceuta o Melilla posa't en contacte amb el nostre equip per trobar la millor soluci\\u00f3. Ens adaptem a qualsevol situaci\\u00f3 i suggeriment.<\\\/p>\",\"margin\":\"default\",\"text_color\":\"primary\"}}]}]}],\"name\":\"4. Enviaments a Illes Can\\u00e0ries, Ceuta i Melilla\"},{\"type\":\"section\",\"props\":{\"image_position\":\"center-center\",\"padding\":\"small\",\"style\":\"default\",\"title_breakpoint\":\"xl\",\"title_position\":\"top-left\",\"title_rotation\":\"left\",\"vertical_align\":\"middle\",\"width\":\"default\"},\"children\":[{\"type\":\"row\",\"children\":[{\"type\":\"column\",\"props\":{\"image_position\":\"center-center\",\"position_sticky_breakpoint\":\"m\"},\"children\":[{\"type\":\"headline\",\"props\":{\"content\":\"5. Devolucions per \\u00fas de garantia\",\"title_element\":\"h1\",\"title_style\":\"h2\"}},{\"type\":\"text\",\"props\":{\"column_breakpoint\":\"m\",\"content\":\"\n\n<p>Totes les nostres nines compleixen uns est\\u00e0ndards de qualitat i nom\\u00e9s treballem amb fabricants que compleixin aquests requisits. A m\\u00e9s, es comprova l'estat \\u00f2ptim de cada nina abans de qualsevol enviament.<\\\/p>\\n\n\n<p>El client haur\\u00e0 de comprovar el perfecte estat de la recepci\\u00f3 de la nina amb el transportista i una vegada ho confirmi i accepti el lliurament, no tindr\\u00e0 dret a devoluci\\u00f3 a posteriori. El client es fa responsable del perfecte estat de la recepci\\u00f3 i ser\\u00e0 responsable de rebutjar la comanda si no \\u00e9s aix\\u00ed i avisar-nos dins del per\\u00edode de 24 hores.<\\\/p>\\n\n\n<p>Un cop rebem l'av\\u00eds dins de les primeres 24 hores, us indicarem on haur\\u00e0 d'enviar la comanda per poder avaluar els danys ocasionats a la caixa de la nina. La caixa haur\\u00e0 d'estar tancada com d'origen i no tenir signes d'haver obert. En el cas que la devoluci\\u00f3 no fos acceptada per nosaltres per entendre que l'embalatge est\\u00e0 en perfecte estat i no t\\u00e9 prou danys per poder fer \\u00fas de la garantia, la comanda romandr\\u00e0 al magatzem de distribuci\\u00f3 per ser recollida pel client, per un per\\u00edode no superior a 30 dies des de la devoluci\\u00f3.<\\\/p>\\n\n\n<p>El client es far\\u00e0 responsable del pagament de l'enviament per fer \\u00fas de la vostra garantia, i en el cas d'aquesta no ser aprovada, no es reemborsar\\u00e0 el cost d'enviament.<\\\/p>\\n\n\n<p>No tramitarem devolucions per \\u00fas de garantia en nines que s'han devaluat per l'\\u00fas indegut o el mal \\u00fas per part del client, per aix\\u00f2 incloem un manual de manteniment i \\u00fas. Tampoc no estaria incl\\u00f2s dins de la garantia les defici\\u00e8ncies per neglig\\u00e8ncies, cops, instal\\u00b7laci\\u00f3 incorrecta, ni materials que s'han desgastat per l'\\u00fas normal.<\\\/p>\",\"margin\":\"default\",\"text_color\":\"primary\"}}]}]}],\"name\":\"5. Devolucions per \\u00fas de garantia\"},{\"type\":\"section\",\"props\":{\"image_position\":\"center-center\",\"padding\":\"small\",\"style\":\"default\",\"title_breakpoint\":\"xl\",\"title_position\":\"top-left\",\"title_rotation\":\"left\",\"vertical_align\":\"middle\",\"width\":\"default\"},\"children\":[{\"type\":\"row\",\"children\":[{\"type\":\"column\",\"props\":{\"image_position\":\"center-center\",\"position_sticky_breakpoint\":\"m\"},\"children\":[{\"type\":\"headline\",\"props\":{\"content\":\"6. Devolucions per desistiment\",\"title_element\":\"h1\",\"title_style\":\"h2\"}},{\"type\":\"text\",\"props\":{\"column_breakpoint\":\"m\",\"content\":\"\n\n<p>T'oferim serveis i productes personalitzats, per la qual cosa s'enquadra dins de les excepcions estipulades per al dret de desistiment, segons marca <em>l'<strong>Article 103 del Reial decret legislatiu 1\\\/2007, de 16 de novembre, pel qual s'aprova el text ref\\u00f3s de la Llei General per a la Defensa dels Consumidors i Usuaris i altres lleis complement\\u00e0ries<\\\/strong><\\\/em>.<\\\/p>\\n\n\n<p>Apartat C: \\u00abEl subministrament de b\\u00e9ns confeccionats d'acord amb les especificacions del consumidor i usuari o clarament personalitzats.\\u00bb<\\\/p>\\n\n\n<p>Per tant, quedem exempts de l'obligatorietat de disposar de formulari de desistiment com oferir aquesta opci\\u00f3 als usuaris a causa del tipus de producte ofert.<\\\/p>\",\"margin\":\"default\",\"text_color\":\"primary\"}}]}]}],\"name\":\"6. Devolucions per desistiment\"}],\"version\":\"4.5.21\"} --><\/p>\n","protected":false},"excerpt":{"rendered":"<p>Pagaments i enviaments nines sexuals Acceptem com a m\u00e8tode de pagament: targeta banc\u00e0ria de d\u00e8bit o cr\u00e8dit, transfer\u00e8ncia banc\u00e0ria, Bizum o Efectiu. En cas de pagar per transfer\u00e8ncia banc\u00e0ria, el client ha de proporcionar una captura o justificant bancari mitjan\u00e7ant WhatsApp o correu electr\u00f2nic, i una vegada l&#8217;import estigui reflectit en el nostre compte bancari, [&hellip;]<\/p>\n","protected":false},"author":1,"featured_media":0,"parent":0,"menu_order":0,"comment_status":"closed","ping_status":"closed","template":"","meta":{"footnotes":""},"class_list":["post-1386","page","type-page","status-publish","hentry"],"_links":{"self":[{"href":"https:\/\/tumuneca-sexdoll.com\/ca\/wp-json\/wp\/v2\/pages\/1386","targetHints":{"allow":["GET"]}}],"collection":[{"href":"https:\/\/tumuneca-sexdoll.com\/ca\/wp-json\/wp\/v2\/pages"}],"about":[{"href":"https:\/\/tumuneca-sexdoll.com\/ca\/wp-json\/wp\/v2\/types\/page"}],"author":[{"embeddable":true,"href":"https:\/\/tumuneca-sexdoll.com\/ca\/wp-json\/wp\/v2\/users\/1"}],"replies":[{"embeddable":true,"href":"https:\/\/tumuneca-sexdoll.com\/ca\/wp-json\/wp\/v2\/comments?post=1386"}],"version-history":[{"count":0,"href":"https:\/\/tumuneca-sexdoll.com\/ca\/wp-json\/wp\/v2\/pages\/1386\/revisions"}],"wp:attachment":[{"href":"https:\/\/tumuneca-sexdoll.com\/ca\/wp-json\/wp\/v2\/media?parent=1386"}],"curies":[{"name":"wp","href":"https:\/\/api.w.org\/{rel}","templated":true}]}}