{"id":1431,"date":"2025-01-30T21:56:44","date_gmt":"2025-01-30T20:56:44","guid":{"rendered":"https:\/?page_id=1431"},"modified":"2025-07-03T19:19:34","modified_gmt":"2025-07-03T17:19:34","slug":"politica-de-discrecio","status":"publish","type":"page","link":"https:\/\/tumuneca-sexdoll.com\/ca\/politica-de-discrecio\/","title":{"rendered":"Pol\u00edtica de discreci\u00f3"},"content":{"rendered":"<h1><strong>Pol\u00edtica de discreci\u00f3<\/strong><\/h1>\n<div>\n<p>La nostra Pol\u00edtica de Discreci\u00f3 es basa a mantenir les dades de cada persona totalment <strong>ASSEGURANCES<\/strong>. Els correus electr\u00f2nics i informaci\u00f3 dels nostres usuaris o clients no seran venuts a tercers ni tampoc transferits. Aix\u00ed assegurem una <strong>CONFIDENCIALITAT<\/strong> total.<\/p>\n<p>Un cop un client decideixi donar-se de baixa, les seves dades personals seran donades de baixa de la nostra base de dades. Per fer \u00fas del desistiment com a client, nom\u00e9s caldr\u00e0 enviar un correu electr\u00f2nic: <a href=\"mailto:info@tumuneca-sexdoll.com\">info@tumuneca-sexdoll.com<\/a>, afegint el motiu de la consulta \u201cdonar de baixa client\u201d o similar.<\/p>\n<p>Els nostres enviaments i els remitents s\u00f3n totalment <strong>CONFIDENCIALS i DISCRETS<\/strong>. No afegim cap remitent que ens faci saber qu\u00e8 hi pot haver dins del paquet. Treballem amb empreses de missatgeria que operen de manera totalment privada i estrictament professional. Els embalatges no tenen forma, imatges, logos ni noms que puguin donar lloc a saber qu\u00e8 hi ha dins del contingut del paquet.<\/p>\n<p>Com a \u00faltim i no menys important, mai apareixer\u00e0 cap informaci\u00f3 que faci refer\u00e8ncia al contingut de la compra al vostre compte bancari, per qu\u00e8 no treballem amb passarel\u00b7les de pagament.<\/p>\n<p>Ens importa el compliment total d&#8217;aquesta Pol\u00edtica de Discreci\u00f3 i estarem treballant constantment per continuar complint i desenvolupant noves pol\u00edtiques que s&#8217;adaptin cada cop m\u00e9s als nostres usuaris i futurs clients.<\/p>\n<\/div>\n<p><!--more--><br \/>\n<!-- {\"type\":\"layout\",\"children\":[{\"type\":\"section\",\"props\":{\"image_position\":\"center-center\",\"padding\":\"small\",\"style\":\"default\",\"title_breakpoint\":\"xl\",\"title_position\":\"top-left\",\"title_rotation\":\"left\",\"vertical_align\":\"middle\",\"width\":\"default\"},\"children\":[{\"type\":\"row\",\"children\":[{\"type\":\"column\",\"props\":{\"image_position\":\"center-center\",\"position_sticky_breakpoint\":\"m\"},\"children\":[{\"type\":\"headline\",\"props\":{\"content\":\"<strong>Pol\\u00edtica de discreci\\u00f3<\\\/strong>\",\"text_align\":\"center\",\"title_element\":\"h1\",\"title_style\":\"h1\"}}]}]}],\"name\":\"Pol\\u00edtica de discreci\\u00f3\"},{\"type\":\"section\",\"props\":{\"image_position\":\"center-center\",\"padding\":\"small\",\"style\":\"default\",\"title_breakpoint\":\"xl\",\"title_position\":\"top-left\",\"title_rotation\":\"left\",\"vertical_align\":\"middle\",\"width\":\"default\"},\"children\":[{\"type\":\"row\",\"children\":[{\"type\":\"column\",\"props\":{\"image_position\":\"center-center\",\"position_sticky_breakpoint\":\"m\"},\"children\":[{\"type\":\"text\",\"props\":{\"column_breakpoint\":\"m\",\"content\":\"\n\n<p>La nostra Pol\\u00edtica de Discreci\\u00f3 es basa a mantenir les dades de cada persona totalment <strong>ASSEGURANCES<\\\/strong>. Els correus electr\\u00f2nics i informaci\\u00f3 dels nostres usuaris o clients no seran venuts a tercers ni tampoc transferits. Aix\\u00ed assegurem una <strong>CONFIDENCIALITAT<\\\/strong> total.<\\\/p>\\n\n\n<p>Un cop un client decideixi donar-se de baixa, les seves dades personals seran donades de baixa de la nostra base de dades. Per fer \\u00fas del desistiment com a client, nom\\u00e9s caldr\\u00e0 enviar un correu electr\\u00f2nic: <a href=\\\"mailto:info@tumuneca-sexdoll.com\\\">info@tumuneca-sexdoll.com<\\\/a>, afegint el motiu de la consulta \\u201cdonar de baixa client\\u201d o similar.<\\\/p>\\n\n\n<p>Els nostres enviaments i els remitents s\\u00f3n totalment <strong>CONFIDENCIALS i DISCRETS<\\\/strong>. No afegim cap remitent que ens faci saber qu\\u00e8 hi pot haver dins del paquet. Treballem amb empreses de missatgeria que operen de manera totalment privada i estrictament professional. Els embalatges no tenen forma, imatges, logos ni noms que puguin donar lloc a saber qu\\u00e8 hi ha dins del contingut del paquet.<\\\/p>\\n\n\n<p>Com a \\u00faltim i no menys important, mai apareixer\\u00e0 cap informaci\\u00f3 que faci refer\\u00e8ncia al contingut de la compra al vostre compte bancari, per qu\\u00e8 no treballem amb passarel\\u00b7les de pagament.<\\\/p>\\n\n\n<p>Ens importa el compliment total d'aquesta Pol\\u00edtica de Discreci\\u00f3 i estarem treballant constantment per continuar complint i desenvolupant noves pol\\u00edtiques que s'adaptin cada cop m\\u00e9s als nostres usuaris i futurs clients.<\\\/p>\",\"margin\":\"default\",\"text_color\":\"primary\"}}]}]}],\"name\":\"Contingut\"}],\"version\":\"4.5.21\"} --><\/p>\n","protected":false},"excerpt":{"rendered":"<p>Pol\u00edtica de discreci\u00f3 La nostra Pol\u00edtica de Discreci\u00f3 es basa a mantenir les dades de cada persona totalment ASSEGURANCES. Els correus electr\u00f2nics i informaci\u00f3 dels nostres usuaris o clients no seran venuts a tercers ni tampoc transferits. Aix\u00ed assegurem una CONFIDENCIALITAT total. Un cop un client decideixi donar-se de baixa, les seves dades personals seran [&hellip;]<\/p>\n","protected":false},"author":1,"featured_media":0,"parent":0,"menu_order":0,"comment_status":"closed","ping_status":"closed","template":"","meta":{"footnotes":""},"class_list":["post-1431","page","type-page","status-publish","hentry"],"_links":{"self":[{"href":"https:\/\/tumuneca-sexdoll.com\/ca\/wp-json\/wp\/v2\/pages\/1431","targetHints":{"allow":["GET"]}}],"collection":[{"href":"https:\/\/tumuneca-sexdoll.com\/ca\/wp-json\/wp\/v2\/pages"}],"about":[{"href":"https:\/\/tumuneca-sexdoll.com\/ca\/wp-json\/wp\/v2\/types\/page"}],"author":[{"embeddable":true,"href":"https:\/\/tumuneca-sexdoll.com\/ca\/wp-json\/wp\/v2\/users\/1"}],"replies":[{"embeddable":true,"href":"https:\/\/tumuneca-sexdoll.com\/ca\/wp-json\/wp\/v2\/comments?post=1431"}],"version-history":[{"count":0,"href":"https:\/\/tumuneca-sexdoll.com\/ca\/wp-json\/wp\/v2\/pages\/1431\/revisions"}],"wp:attachment":[{"href":"https:\/\/tumuneca-sexdoll.com\/ca\/wp-json\/wp\/v2\/media?parent=1431"}],"curies":[{"name":"wp","href":"https:\/\/api.w.org\/{rel}","templated":true}]}}