{"id":1470,"date":"2025-01-30T22:13:22","date_gmt":"2025-01-30T21:13:22","guid":{"rendered":"https:\/?page_id=1470"},"modified":"2025-07-03T19:21:11","modified_gmt":"2025-07-03T17:21:11","slug":"preguntes-frequents","status":"publish","type":"page","link":"https:\/\/tumuneca-sexdoll.com\/ca\/preguntes-frequents\/","title":{"rendered":"Preguntes freq\u00fcents"},"content":{"rendered":"<h1><strong>Preguntes freq\u00fcents<\/strong><\/h1>\n<ul>\n<li>\n<h3>Teniu botiga f\u00edsica?<\/h3>\n<div>\n<p>S\u00ed, disposem de botiga f\u00edsica. Tamb\u00e9, pots concertar una cita presencial amb nosaltres a trav\u00e9s del nostre WhatsApp o trucant per tel\u00e8fon. Tenim un Show room on mostrem les nostres joguines m\u00e9s innovadores, com les nines sexuals realistes.<\/p>\n<\/div>\n<\/li>\n<li>\n<h3>M&#8217;he equivocat de producte\u2026 Puc tornar el producte sense haver-lo fet servir?<\/h3>\n<div>\n<p>S\u00ed, disposes de 15 dies naturals per tornar el producte sempre que no hagi estat obert o utilitzat. A m\u00e9s, haur\u00e0 de conservar intacte el seu embalatge i estar precintat d&#8217;origen.<\/p>\n<p>Tots els nostres productes estan catalogats com a productes \u00edntims i d&#8217;\u00fas personal, per tant, volem garantir que la cadena d&#8217;higiene es respecti a cada moment.<\/p>\n<p>\u00c9s per aix\u00f2 que disposem d&#8217;un equip d&#8217;experts per poder assessorar-te de la millor manera possible i trobis el que de deb\u00f2 est\u00e0s buscant.<\/p>\n<p>Per fer una devoluci\u00f3 per motius aliens a desperfectes de fabricaci\u00f3, disposar\u00e0s de 15 dies naturals per fer la devoluci\u00f3 per desistiment i les despeses d&#8217;enviament aniran a c\u00e0rrec del comprador.<\/p>\n<p>Per tramitar una devoluci\u00f3 el client haur\u00e0 d&#8217;emplenar enviar un correu electr\u00f2nic especificant el motiu de la seva devoluci\u00f3, aix\u00ed com el n\u00famero de comanda. Rebreu un correu electr\u00f2nic de la nostra part per acabar de tramitar la vostra devoluci\u00f3.<\/p>\n<p>Un cop rebut el producte als nostres magatzems i despr\u00e9s d&#8217;una comprovaci\u00f3 pr\u00e8via de l&#8217;estat del producte, es procedir\u00e0 al reintegrament del seu import.<\/p>\n<p>Mai no es faran devolucions per canvi de talla ni colors. Tampoc no es faran vals ni xecs regal.<\/p>\n<\/div>\n<\/li>\n<li>\n<h3>Puc tornar el producte un cop obert?<\/h3>\n<div>\n<p>No, la legislaci\u00f3 vigent ens impedeix fer devolucions de productes oberts o manipulats perqu\u00e8 estan catalogats com a productes \u00edntims i d&#8217;\u00fas personal.<\/p>\n<p>Volem garantir que la cadena d&#8217;higiene es respecti a cada moment. Disposem d&#8217;un equip d&#8217;experts per poder assessorar-te de la millor manera possible i trobis el que de deb\u00f2 est\u00e0s buscant.<\/p>\n<\/div>\n<\/li>\n<li>\n<h3>Quina garantia tinc si la meva joguina no funciona?<\/h3>\n<div>\n<p>Per llei, tindr\u00e0s 2 anys per tornar qualsevol producte que no funcioni o tingui algun desperfecte de fabricaci\u00f3. T&#8217;ho canviarem per un altre o et reemborsarem el cost del producte.<\/p>\n<p>El cost d&#8217;enviament per fer \u00fas de la garantia de 2 anys \u00e9s a c\u00e0rrec nostre si no se supera el termini de 15 dies naturals des de la data de lliurament. Un cop transcorregut aquest termini, els ports aniran a c\u00e0rrec del comprador.<\/p>\n<p>No tramitarem la garantia en productes que s&#8217;han devaluat pel mal \u00fas o l&#8217;\u00fas indegut. Tampoc no estaria incl\u00f2s dins de la garantia les defici\u00e8ncies per neglig\u00e8ncies, cops, tensi\u00f3 no id\u00f2nia, instal\u00b7laci\u00f3 incorrecta, ni materials que s&#8217;han desgastat per l&#8217;\u00fas normal. La garantia tampoc no cobrir\u00e0 el decrement del temps en la durada de les bateries a partir dels 6 mesos des de la compra del producte. Tampoc cobrir\u00e0 errors als botons passats els 6 mesos des de la compra.<\/p>\n<p>Per tramitar l&#8217;\u00fas de la garantia d&#8217;un producte, el client haur\u00e0 d&#8217;enviar un correu electr\u00f2nic especificant el motiu de voler fer \u00fas de la garantia, aix\u00ed com el n\u00famero de comanda. Rebreu un correu electr\u00f2nic per acabar de tramitar l&#8217;\u00fas de la garantia.<\/p>\n<p>S&#8217;haur\u00e0 d&#8217;embalar correctament per procedir-ne a la devoluci\u00f3. No es far\u00e0 efectiva la devoluci\u00f3 de productes en els embalatges dels quals s&#8217;hagin enganxat preus, adhesius, paper adhesiu o similar per part del comprador.<\/p>\n<p>Un cop rebut el producte als nostres magatzems i despr\u00e9s d&#8217;una comprovaci\u00f3 pr\u00e8via de l&#8217;estat del producte i una correcta justificaci\u00f3 de l&#8217;\u00fas de la garantia, es procedir\u00e0 al reintegrament del seu import o canvi per un d&#8217;igual.<\/p>\n<p>No es faran canvis per altres articles, ni canvi de talles o colors. Tampoc no es faran vals de descompte ni xecs.<\/p>\n<\/div>\n<\/li>\n<li>\n<h3>Veneu viagra?<\/h3>\n<div>\n<p>Nosaltres complim la normativa vigent, la qual no ens permet vendre cap mena d&#8217;afrodis\u00edac qu\u00edmic ni productes que estiguin fora del marc legal. Com a alternativa a la viagra, tenim altres productes naturals amb efectes afrodis\u00edacs que funcionen de meravella.<\/p>\n<\/div>\n<\/li>\n<li>\n<h3>Quan arribar\u00e0 la meva comanda?<\/h3>\n<div>\n<p>Les comandes s\u00f3n expedides el mateix dia, sempre que es cursin abans de les 18:00 hores, de dilluns a divendres. Un cop el rep l&#8217;empresa de transport, trigar\u00e0 entre 1 i 2 dies h\u00e0bils en arribar a casa.<\/p>\n<p>Podr\u00e0s seguir l&#8217;estat de la teva comanda a trav\u00e9s del n\u00famero de seguiment que enviarem al correu electr\u00f2nic o WhatsApp.<\/p>\n<\/div>\n<\/li>\n<li>\n<h3>Puc veure o tocar el producte abans de comprar-lo?<\/h3>\n<div>\n<p>S\u00ed, podr\u00e0s visitar la nostra exposici\u00f3 f\u00edsica i botiga. Disposem de productes de mostra com ous masturbadors, afrodis\u00edacs, lubricants i nines sexuals de mida realista.<\/p>\n<p>Vine a visitar-nos i t&#8217;assessorarem de la millor manera! Envia&#8217;ns un missatge de WhatsApp.<\/p>\n<\/div>\n<\/li>\n<li>\n<h3>La meva compra ser\u00e0 discreta i confidencial?<\/h3>\n<div>\n<p>La teva compra ser\u00e0 totalment DISCRETA i CONFIDENCIAL. No fem refer\u00e8ncia a cap contingut sexual expl\u00edcit ni afegim cap remitent que faci saber qu\u00e8 hi pot haver dins d&#8217;un paquet.<\/p>\n<p>A m\u00e9s, nom\u00e9s treballem amb serveis de transport que operen de manera privada i estrictament professional. Si pagues amb targeta, no hi apareixer\u00e0 cap descripci\u00f3 que identifica el contingut de la teva compra.<\/p>\n<p>Complim amb una pol\u00edtica de discreci\u00f3 i entenem que la confidencialitat \u00e9s una part molt important per als nostres clients.<\/p>\n<\/div>\n<\/li>\n<\/ul>\n<p><!--more--><br \/>\n<!-- {\"type\":\"layout\",\"children\":[{\"type\":\"section\",\"props\":{\"image_position\":\"center-center\",\"padding\":\"small\",\"style\":\"default\",\"title_breakpoint\":\"xl\",\"title_position\":\"top-left\",\"title_rotation\":\"left\",\"vertical_align\":\"middle\",\"width\":\"default\"},\"children\":[{\"type\":\"row\",\"children\":[{\"type\":\"column\",\"props\":{\"image_position\":\"center-center\",\"position_sticky_breakpoint\":\"m\"},\"children\":[{\"type\":\"headline\",\"props\":{\"content\":\"<strong>Preguntes freq\\u00fcents<\\\/strong>\",\"text_align\":\"center\",\"title_element\":\"h1\",\"title_style\":\"h1\"}}]}]}],\"name\":\"Preguntes freq\\u00fcents\"},{\"type\":\"section\",\"props\":{\"image_position\":\"center-center\",\"padding\":\"small\",\"padding_remove_top\":false,\"style\":\"default\",\"title_breakpoint\":\"xl\",\"title_position\":\"top-left\",\"title_rotation\":\"left\",\"vertical_align\":\"middle\",\"width\":\"default\"},\"children\":[{\"type\":\"row\",\"children\":[{\"type\":\"column\",\"props\":{\"image_position\":\"center-center\",\"position_sticky_breakpoint\":\"m\"},\"children\":[{\"name\":\"Accordion One Item Start Closed\",\"type\":\"accordion\",\"children\":[{\"type\":\"accordion_item\",\"props\":{\"content\":\"\n\n<p>S\\u00ed, disposem de botiga f\\u00edsica. Tamb\\u00e9, pots concertar una cita presencial amb nosaltres a trav\\u00e9s del nostre WhatsApp o trucant per tel\\u00e8fon. Tenim un Show room on mostrem les nostres joguines m\\u00e9s innovadores, com les nines sexuals realistes.<\\\/p>\",\"image\":\"\",\"title\":\"Teniu botiga f\\u00edsica?\"}},{\"type\":\"accordion_item\",\"props\":{\"content\":\"\n\n<p>S\\u00ed, disposes de 15 dies naturals per tornar el producte sempre que no hagi estat obert o utilitzat. A m\\u00e9s, haur\\u00e0 de conservar intacte el seu embalatge i estar precintat d'origen.<\\\/p>\\n\n\n<p>Tots els nostres productes estan catalogats com a productes \\u00edntims i d'\\u00fas personal, per tant, volem garantir que la cadena d'higiene es respecti a cada moment.<\\\/p>\\n\n\n<p>\\u00c9s per aix\\u00f2 que disposem d'un equip d'experts per poder assessorar-te de la millor manera possible i trobis el que de deb\\u00f2 est\\u00e0s buscant.<\\\/p>\\n\n\n<p>Per fer una devoluci\\u00f3 per motius aliens a desperfectes de fabricaci\\u00f3, disposar\\u00e0s de 15 dies naturals per fer la devoluci\\u00f3 per desistiment i les despeses d'enviament aniran a c\\u00e0rrec del comprador.<\\\/p>\\n\n\n<p>Per tramitar una devoluci\\u00f3 el client haur\\u00e0 d'emplenar enviar un correu electr\\u00f2nic especificant el motiu de la seva devoluci\\u00f3, aix\\u00ed com el n\\u00famero de comanda. Rebreu un correu electr\\u00f2nic de la nostra part per acabar de tramitar la vostra devoluci\\u00f3.<\\\/p>\\n\n\n<p>Un cop rebut el producte als nostres magatzems i despr\\u00e9s d'una comprovaci\\u00f3 pr\\u00e8via de l'estat del producte, es procedir\\u00e0 al reintegrament del seu import.<\\\/p>\\n\n\n<p>Mai no es faran devolucions per canvi de talla ni colors. Tampoc no es faran vals ni xecs regal.<\\\/p>\",\"image\":\"\",\"title\":\"M'he equivocat de producte\\u2026 Puc tornar el producte sense haver-lo fet servir?\"}},{\"type\":\"accordion_item\",\"props\":{\"content\":\"\n\n<p>No, la legislaci\\u00f3 vigent ens impedeix fer devolucions de productes oberts o manipulats perqu\\u00e8 estan catalogats com a productes \\u00edntims i d'\\u00fas personal.<\\\/p>\\n\n\n<p>Volem garantir que la cadena d'higiene es respecti a cada moment. Disposem d'un equip d'experts per poder assessorar-te de la millor manera possible i trobis el que de deb\\u00f2 est\\u00e0s buscant.<\\\/p>\",\"image\":\"\",\"title\":\"Puc tornar el producte un cop obert?\"}},{\"type\":\"accordion_item\",\"props\":{\"content\":\"\n\n<p>Per llei, tindr\\u00e0s 2 anys per tornar qualsevol producte que no funcioni o tingui algun desperfecte de fabricaci\\u00f3. T'ho canviarem per un altre o et reemborsarem el cost del producte.<\\\/p>\\n\n\n<p>El cost d'enviament per fer \\u00fas de la garantia de 2 anys \\u00e9s a c\\u00e0rrec nostre si no se supera el termini de 15 dies naturals des de la data de lliurament. Un cop transcorregut aquest termini, els ports aniran a c\\u00e0rrec del comprador.<\\\/p>\\n\n\n<p>No tramitarem la garantia en productes que s'han devaluat pel mal \\u00fas o l'\\u00fas indegut. Tampoc no estaria incl\\u00f2s dins de la garantia les defici\\u00e8ncies per neglig\\u00e8ncies, cops, tensi\\u00f3 no id\\u00f2nia, instal\\u00b7laci\\u00f3 incorrecta, ni materials que s'han desgastat per l'\\u00fas normal. La garantia tampoc no cobrir\\u00e0 el decrement del temps en la durada de les bateries a partir dels 6 mesos des de la compra del producte. Tampoc cobrir\\u00e0 errors als botons passats els 6 mesos des de la compra.<\\\/p>\\n\n\n<p>Per tramitar l'\\u00fas de la garantia d'un producte, el client haur\\u00e0 d'enviar un correu electr\\u00f2nic especificant el motiu de voler fer \\u00fas de la garantia, aix\\u00ed com el n\\u00famero de comanda. Rebreu un correu electr\\u00f2nic per acabar de tramitar l'\\u00fas de la garantia.<\\\/p>\\n\n\n<p>S'haur\\u00e0 d'embalar correctament per procedir-ne a la devoluci\\u00f3. No es far\\u00e0 efectiva la devoluci\\u00f3 de productes en els embalatges dels quals s'hagin enganxat preus, adhesius, paper adhesiu o similar per part del comprador.<\\\/p>\\n\n\n<p>Un cop rebut el producte als nostres magatzems i despr\\u00e9s d'una comprovaci\\u00f3 pr\\u00e8via de l'estat del producte i una correcta justificaci\\u00f3 de l'\\u00fas de la garantia, es procedir\\u00e0 al reintegrament del seu import o canvi per un d'igual.<\\\/p>\\n\n\n<p>No es faran canvis per altres articles, ni canvi de talles o colors. Tampoc no es faran vals de descompte ni xecs.<\\\/p>\",\"image\":\"\",\"title\":\"Quina garantia tinc si la meva joguina no funciona?\"}},{\"type\":\"accordion_item\",\"props\":{\"content\":\"\n\n<p>Nosaltres complim la normativa vigent, la qual no ens permet vendre cap mena d'afrodis\\u00edac qu\\u00edmic ni productes que estiguin fora del marc legal. Com a alternativa a la viagra, tenim altres productes naturals amb efectes afrodis\\u00edacs que funcionen de meravella.<\\\/p>\",\"title\":\"Veneu viagra?\"}},{\"type\":\"accordion_item\",\"props\":{\"content\":\"\n\n<p>Les comandes s\\u00f3n expedides el mateix dia, sempre que es cursin abans de les 18:00 hores, de dilluns a divendres. Un cop el rep l'empresa de transport, trigar\\u00e0 entre 1 i 2 dies h\\u00e0bils en arribar a casa.<\\\/p>\\n\n\n<p>Podr\\u00e0s seguir l'estat de la teva comanda a trav\\u00e9s del n\\u00famero de seguiment que enviarem al correu electr\\u00f2nic o WhatsApp.<\\\/p>\",\"title\":\"Quan arribar\\u00e0 la meva comanda?\"}},{\"type\":\"accordion_item\",\"props\":{\"content\":\"\n\n<p>S\\u00ed, podr\\u00e0s visitar la nostra exposici\\u00f3 f\\u00edsica i botiga. Disposem de productes de mostra com ous masturbadors, afrodis\\u00edacs, lubricants i nines sexuals de mida realista.<\\\/p>\\n\n\n<p>Vine a visitar-nos i t'assessorarem de la millor manera! Envia'ns un missatge de WhatsApp.<\\\/p>\",\"title\":\"Puc veure o tocar el producte abans de comprar-lo?\"}},{\"type\":\"accordion_item\",\"props\":{\"content\":\"\n\n<p>La teva compra ser\\u00e0 totalment DISCRETA i CONFIDENCIAL. No fem refer\\u00e8ncia a cap contingut sexual expl\\u00edcit ni afegim cap remitent que faci saber qu\\u00e8 hi pot haver dins d'un paquet.<\\\/p>\\n\n\n<p>A m\\u00e9s, nom\\u00e9s treballem amb serveis de transport que operen de manera privada i estrictament professional. Si pagues amb targeta, no hi apareixer\\u00e0 cap descripci\\u00f3 que identifica el contingut de la teva compra.<\\\/p>\\n\n\n<p>Complim amb una pol\\u00edtica de discreci\\u00f3 i entenem que la confidencialitat \\u00e9s una part molt important per als nostres clients.<\\\/p>\",\"title\":\"La meva compra ser\\u00e0 discreta i confidencial?\"}}],\"props\":{\"collapsible\":true,\"content_column_breakpoint\":\"m\",\"image_align\":\"left\",\"image_grid_breakpoint\":\"s\",\"image_grid_width\":\"auto\",\"image_height\":\"100\",\"image_svg_color\":\"emphasis\",\"image_vertical_align\":true,\"image_width\":\"100\",\"link_style\":\"default\",\"link_text\":\"Read more\",\"margin_remove_top\":false,\"multiple\":false,\"show_image\":true,\"show_link\":true}}]}]}],\"name\":\"Contingut\"}],\"version\":\"4.5.21\"} --><\/p>\n","protected":false},"excerpt":{"rendered":"<p>Preguntes freq\u00fcents Teniu botiga f\u00edsica? S\u00ed, disposem de botiga f\u00edsica. Tamb\u00e9, pots concertar una cita presencial amb nosaltres a trav\u00e9s del nostre WhatsApp o trucant per tel\u00e8fon. Tenim un Show room on mostrem les nostres joguines m\u00e9s innovadores, com les nines sexuals realistes. M&#8217;he equivocat de producte\u2026 Puc tornar el producte sense haver-lo fet servir? [&hellip;]<\/p>\n","protected":false},"author":1,"featured_media":0,"parent":0,"menu_order":0,"comment_status":"closed","ping_status":"closed","template":"","meta":{"footnotes":""},"class_list":["post-1470","page","type-page","status-publish","hentry"],"_links":{"self":[{"href":"https:\/\/tumuneca-sexdoll.com\/ca\/wp-json\/wp\/v2\/pages\/1470","targetHints":{"allow":["GET"]}}],"collection":[{"href":"https:\/\/tumuneca-sexdoll.com\/ca\/wp-json\/wp\/v2\/pages"}],"about":[{"href":"https:\/\/tumuneca-sexdoll.com\/ca\/wp-json\/wp\/v2\/types\/page"}],"author":[{"embeddable":true,"href":"https:\/\/tumuneca-sexdoll.com\/ca\/wp-json\/wp\/v2\/users\/1"}],"replies":[{"embeddable":true,"href":"https:\/\/tumuneca-sexdoll.com\/ca\/wp-json\/wp\/v2\/comments?post=1470"}],"version-history":[{"count":0,"href":"https:\/\/tumuneca-sexdoll.com\/ca\/wp-json\/wp\/v2\/pages\/1470\/revisions"}],"wp:attachment":[{"href":"https:\/\/tumuneca-sexdoll.com\/ca\/wp-json\/wp\/v2\/media?parent=1470"}],"curies":[{"name":"wp","href":"https:\/\/api.w.org\/{rel}","templated":true}]}}