{"id":1485,"date":"2025-01-30T22:21:38","date_gmt":"2025-01-30T21:21:38","guid":{"rendered":"https:\/?page_id=1485"},"modified":"2025-07-03T19:18:06","modified_gmt":"2025-07-03T17:18:06","slug":"sex-dolls-realistes-de-silicona","status":"publish","type":"page","link":"https:\/\/tumuneca-sexdoll.com\/ca\/sex-dolls-realistes-de-silicona\/","title":{"rendered":"Sex dolls realistes de silicona"},"content":{"rendered":"<h1><strong>Sexdolls de silicona<\/strong><\/h1>\n<p><img decoding=\"async\" src=\"\/wp-content\/uploads\/2024\/06\/haillie-719x1000-1.webp\" alt=\"\"><\/p>\n<h1><strong>Sex dolls realistes de silicona econ\u00f2miques<\/strong><\/h1>\n<div>\n<p>Aquest tipus de sex doll de <strong>mida natural est\u00e0 dissenyada per assemblar-se molt a un \u00e9sser hum\u00e0 i utilitza material de silicona de grau m\u00e8dic d&#8217;alta qualitat<\/strong>. La seva tecnologia \u00e9s m\u00e9s estable i el disseny \u00e9s molt meticul\u00f3s: la forma del cos, l&#8217;al\u00e7ada i les caracter\u00edstiques facials, tot per aconseguir el m\u00e0xim realisme en els dissenys finals. Fins i tot quan se sotmet a una pressi\u00f3 extrema, la <strong>silicona mant\u00e9 la forma original<\/strong>. S\u00f3n resistents a la calor, cosa que afavoreix molt a l&#8217;hora de potenciar el seu realisme, a m\u00e9s de la seva aparen\u00e7a f\u00edsica.<\/p>\n<p>Dissenyada per als amants de les experi\u00e8ncies m\u00e9s reals mai viscudes. <strong>El material no por\u00f3s no ret\u00e9 la humitat<\/strong>, cosa que fa que la neteja sigui f\u00e0cil, higi\u00e8nica i senzilla de desinfectar. \u00c9s hipoal\u00b7l\u00e8rgica i 100% segura per al cos hum\u00e0. En aquesta modalitat, oferim varietat de funcions personalitzables: diferents pentinats, colors d&#8217;ulls i altres trets facials, perqu\u00e8 puguis crear la nina que desitges. A m\u00e9s, comptem amb <strong>preus econ\u00f2mics<\/strong> perqu\u00e8 puguis gaudir de la millor qualitat sense gastar de m\u00e9s, i fem <strong>enviaments r\u00e0pids<\/strong>, assegurant que la teva sex doll arribi a tu en el menor temps possible.<\/p>\n<p>Tamb\u00e9 oferim nines amb accessoris de fantasia per als que prefereixen una experi\u00e8ncia m\u00e9s imaginativa.<\/p>\n<\/div>\n<p><p>\n        <a href=\"\/ca\/botiga\/\">Botiga<\/a>\n    <\/p>\n<\/p>\n<p><img decoding=\"async\" src=\"\/wp-content\/uploads\/2024\/06\/haillie-719x1000-1.webp\" alt=\"\"><\/p>\n<p><!--more--><br \/>\n<!-- {\"type\":\"layout\",\"children\":[{\"type\":\"section\",\"props\":{\"image_position\":\"center-center\",\"padding\":\"small\",\"style\":\"default\",\"title_breakpoint\":\"xl\",\"title_position\":\"top-left\",\"title_rotation\":\"left\",\"vertical_align\":\"middle\",\"width\":\"default\"},\"children\":[{\"type\":\"row\",\"children\":[{\"type\":\"column\",\"props\":{\"image_position\":\"center-center\",\"position_sticky_breakpoint\":\"m\"},\"children\":[{\"type\":\"headline\",\"props\":{\"content\":\"<strong>Sexdolls de silicona<\\\/strong>\",\"text_align\":\"center\",\"title_element\":\"h1\"}}]}]}],\"name\":\"Sexdolls de silicona\"},{\"type\":\"section\",\"props\":{\"image_position\":\"center-center\",\"padding_remove_bottom\":true,\"style\":\"default\",\"title_breakpoint\":\"xl\",\"title_position\":\"top-left\",\"title_rotation\":\"left\",\"vertical_align\":\"middle\",\"width\":\"default\"},\"children\":[{\"type\":\"row\",\"children\":[{\"type\":\"column\",\"props\":{\"image_position\":\"center-center\",\"position_sticky_breakpoint\":\"m\"},\"children\":[{\"type\":\"image\",\"props\":{\"image\":\"wp-content\\\/uploads\\\/2024\\\/06\\\/haillie-719x1000-1.webp\",\"image_svg_color\":\"emphasis\",\"margin\":\"default\",\"visibility\":\"hidden-l\"}}]}]}],\"name\":\"Foto silicona m\\u00f2bil\"},{\"type\":\"section\",\"props\":{\"image_position\":\"center-center\",\"padding_remove_top\":false,\"style\":\"default\",\"title_breakpoint\":\"xl\",\"title_position\":\"top-left\",\"title_rotation\":\"left\",\"vertical_align\":\"middle\",\"width\":\"default\"},\"children\":[{\"type\":\"row\",\"children\":[{\"type\":\"column\",\"props\":{\"image_position\":\"center-center\",\"position_sticky_breakpoint\":\"m\",\"vertical_align\":\"middle\",\"width_medium\":\"1-2\"},\"children\":[{\"type\":\"headline\",\"props\":{\"content\":\"<strong>Sex dolls realistes de silicona econ\\u00f2miques<\\\/strong>\",\"text_align\":\"center\",\"title_element\":\"h1\",\"title_style\":\"h1\"}},{\"type\":\"text\",\"props\":{\"column_breakpoint\":\"m\",\"content\":\"\n\n<p>Aquest tipus de sex doll de <strong>mida natural est\\u00e0 dissenyada per assemblar-se molt a un \\u00e9sser hum\\u00e0 i utilitza material de silicona de grau m\\u00e8dic d'alta qualitat<\\\/strong>. La seva tecnologia \\u00e9s m\\u00e9s estable i el disseny \\u00e9s molt meticul\\u00f3s: la forma del cos, l'al\\u00e7ada i les caracter\\u00edstiques facials, tot per aconseguir el m\\u00e0xim realisme en els dissenys finals. Fins i tot quan se sotmet a una pressi\\u00f3 extrema, la <strong>silicona mant\\u00e9 la forma original<\\\/strong>. S\\u00f3n resistents a la calor, cosa que afavoreix molt a l'hora de potenciar el seu realisme, a m\\u00e9s de la seva aparen\\u00e7a f\\u00edsica.<\\\/p>\\n\n\n<p>Dissenyada per als amants de les experi\\u00e8ncies m\\u00e9s reals mai viscudes. <strong>El material no por\\u00f3s no ret\\u00e9 la humitat<\\\/strong>, cosa que fa que la neteja sigui f\\u00e0cil, higi\\u00e8nica i senzilla de desinfectar. \\u00c9s hipoal\\u00b7l\\u00e8rgica i 100% segura per al cos hum\\u00e0. En aquesta modalitat, oferim varietat de funcions personalitzables: diferents pentinats, colors d'ulls i altres trets facials, perqu\\u00e8 puguis crear la nina que desitges. A m\\u00e9s, comptem amb <strong>preus econ\\u00f2mics<\\\/strong> perqu\\u00e8 puguis gaudir de la millor qualitat sense gastar de m\\u00e9s, i fem <strong>enviaments r\\u00e0pids<\\\/strong>, assegurant que la teva sex doll arribi a tu en el menor temps possible.<\\\/p>\\n\n\n<p>Tamb\\u00e9 oferim nines amb accessoris de fantasia per als que prefereixen una experi\\u00e8ncia m\\u00e9s imaginativa.<\\\/p>\",\"margin\":\"default\",\"text_align\":\"center\",\"text_color\":\"primary\"}},{\"name\":\"Button Style Primary\",\"type\":\"button\",\"children\":[{\"type\":\"button_item\",\"props\":{\"button_style\":\"default\",\"content\":\"Botiga\",\"dialog_layout\":\"modal\",\"dialog_offcanvas_flip\":true,\"icon\":\"cart\",\"icon_align\":\"left\",\"link\":\"ca\\\/botiga\\\/\",\"link_title\":\"Botiga\"}}],\"props\":{\"grid_column_gap\":\"small\",\"grid_row_gap\":\"small\",\"margin\":\"default\",\"margin_remove_top\":false,\"text_align\":\"center\"}}]},{\"type\":\"column\",\"props\":{\"image_position\":\"center-center\",\"position_sticky_breakpoint\":\"m\",\"vertical_align\":\"middle\",\"width_medium\":\"1-2\"},\"children\":[{\"type\":\"image\",\"props\":{\"image\":\"wp-content\\\/uploads\\\/2024\\\/06\\\/haillie-719x1000-1.webp\",\"image_svg_color\":\"emphasis\",\"margin\":\"default\",\"visibility\":\"l\"}}]}],\"props\":{\"layout\":\"1-2,1-2\"}}],\"name\":\"Silicona\"}],\"version\":\"4.5.21\"} --><\/p>\n","protected":false},"excerpt":{"rendered":"<p>Sexdolls de silicona Sex dolls realistes de silicona econ\u00f2miques Aquest tipus de sex doll de mida natural est\u00e0 dissenyada per assemblar-se molt a un \u00e9sser hum\u00e0 i utilitza material de silicona de grau m\u00e8dic d&#8217;alta qualitat. La seva tecnologia \u00e9s m\u00e9s estable i el disseny \u00e9s molt meticul\u00f3s: la forma del cos, l&#8217;al\u00e7ada i les [&hellip;]<\/p>\n","protected":false},"author":1,"featured_media":0,"parent":0,"menu_order":0,"comment_status":"closed","ping_status":"closed","template":"","meta":{"footnotes":""},"class_list":["post-1485","page","type-page","status-publish","hentry"],"_links":{"self":[{"href":"https:\/\/tumuneca-sexdoll.com\/ca\/wp-json\/wp\/v2\/pages\/1485","targetHints":{"allow":["GET"]}}],"collection":[{"href":"https:\/\/tumuneca-sexdoll.com\/ca\/wp-json\/wp\/v2\/pages"}],"about":[{"href":"https:\/\/tumuneca-sexdoll.com\/ca\/wp-json\/wp\/v2\/types\/page"}],"author":[{"embeddable":true,"href":"https:\/\/tumuneca-sexdoll.com\/ca\/wp-json\/wp\/v2\/users\/1"}],"replies":[{"embeddable":true,"href":"https:\/\/tumuneca-sexdoll.com\/ca\/wp-json\/wp\/v2\/comments?post=1485"}],"version-history":[{"count":0,"href":"https:\/\/tumuneca-sexdoll.com\/ca\/wp-json\/wp\/v2\/pages\/1485\/revisions"}],"wp:attachment":[{"href":"https:\/\/tumuneca-sexdoll.com\/ca\/wp-json\/wp\/v2\/media?parent=1485"}],"curies":[{"name":"wp","href":"https:\/\/api.w.org\/{rel}","templated":true}]}}