{"id":1491,"date":"2025-01-30T22:25:20","date_gmt":"2025-01-30T21:25:20","guid":{"rendered":"https:\/?page_id=1491"},"modified":"2025-07-03T19:17:52","modified_gmt":"2025-07-03T17:17:52","slug":"sobre-les-nines-sexuales-realistes","status":"publish","type":"page","link":"https:\/\/tumuneca-sexdoll.com\/ca\/sobre-les-nines-sexuales-realistes\/","title":{"rendered":"Sobre les nines sexuales realistes"},"content":{"rendered":"<h1><strong>Sobre les nines sexuals realistes<\/strong><\/h1>\n<h1><strong>Nines sexuals realistes de tpe<\/strong><\/h1>\n<div>\n<p>S\u00f3n m\u00e9s assequibles que altres tipus de nines realistes perqu\u00e8 el seu proc\u00e9s de fabricaci\u00f3 \u00e9s diferent i el cost del material TPE \u00e9s inferior al de la silicona. La nostra empresa es compromet sempre a oferir-li la millor experi\u00e8ncia possible. Tenen bona elasticitat i es poden estirar 6 a 10 cops. Estan fetes de materials de qualitat m\u00e8dica i estan dissenyades per satisfer els nostres clients m\u00e9s exigents amb els seus preciosos cossos exultants. Retenen molt b\u00e9 la calor, per la qual cosa podr\u00e0s augmentar encara m\u00e9s la teva experi\u00e8ncia amb la teva sexdoll com si fos una dona de veritat.<\/p>\n<p>Tenen un tacte suau i el\u00e0stic i semblen dones de carn i ossos, encara que sembli mentida\u2026 els seus pits i natges trontollaran quan moguis el cos cap endavant i cap enrere. El material de TPE \u00e9s hipoal\u00b7l\u00e8rgic i \u00e9s compatible amb lubricants org\u00e0nics, a base d&#8217;aigua i silicona. Cadascuna de les nostres nines per a sexe posseeix un cos intern de metall que li permet moure&#8217;s i col\u00b7locar-se en la posici\u00f3 que m\u00e9s t&#8217;agradi. Si mantens correctament la teva nina, usant els lubrificants adequats, aplicant-li p\u00f3lvores de talc per a la cura de la seva pell, la protegeixes correctament mentre no la fas servir i la tractes amb tacte, et durar\u00e0 molt m\u00e9s temps.<br \/>El material \u00e9s reciclable i respectu\u00f3s amb el medi ambient.<\/p>\n<\/div>\n<h1><strong>Sex dolls realistes de silicona<\/strong><\/h1>\n<div>\n<p>Aquest tipus de sex doll de mida natural i dissenyada per assemblar-se molt a un \u00e9sser hum\u00e0, i utilitza material de silicona de grau m\u00e8dic d&#8217;alta qualitat. La seva tecnologia \u00e9s m\u00e9s estable i el disseny \u00e9s molt meticul\u00f3s, la forma del cos, l&#8217;al\u00e7ada i les caracter\u00edstiques facials, tot per aconseguir el m\u00e0xim realisme en els dissenys finals.<br \/>Fins i tot quan se sotmet a una pressi\u00f3 extrema, la silicona mant\u00e9 la forma original. S\u00f3n resistents a la calor, aix\u00f2 afavoreix molt a l&#8217;hora de potenciar-ne el realisme, a m\u00e9s de la seva aparen\u00e7a f\u00edsica.<\/p>\n<p>Dissenyada per als amants de les experi\u00e8ncies m\u00e9s reals mai viscudes. El material no por\u00f3s no ret\u00e9 la humitat, cosa que fa que la neteja sigui f\u00e0cil, higi\u00e8nica i f\u00e0cil de desinfectar. \u00c9s hipoal\u00b7l\u00e8rgica 100% segur per al cos hum\u00e0. En aquesta modalitat, oferim varietat de funcions personalitzables: diferents pentinats, colors dels ulls i altres trets facials, perqu\u00e8 puguis crear la nina que desitges. Tamb\u00e9 oferim nines amb accessoris de fantasia per als que prefereixen una experi\u00e8ncia m\u00e9s imaginativa.<\/p>\n<\/div>\n<h1><strong>Nines per a adults h\u00edbrides<\/strong><\/h1>\n<div>\n<p>La millor combinaci\u00f3. La durabilitat i el realisme dels seus caps personalitzables s\u00f3n excel\u00b7lents. Amb un cap de silicona pots gaudir d&#8217;una cara i un maquillatge molt m\u00e9s realista que si fos tamb\u00e9 de TPE. Teniu disponible el servei personalitzat d&#8217;implants de cabells, celles i p\u00e8l de vagina. \u00c9s el sistema m\u00e9s triat en la compra de nines sexuals.<\/p>\n<p>Tenim 2 opcions pel cap del teu canell:<\/p>\n<p>1. Cap de silicona amb tacte suau amb obertura oral.<\/p>\n<p>2. Cap de silicona amb tacte dur sense obertura oral.<\/p>\n<p>Igual que en els altres dos models de sexdolls, \u00e9s molt important oferir-vos les millors cures perqu\u00e8 la seva durabilitat sigui prolongada en el temps. Aconsellem que quan acabi d&#8217;usar el canell, separeu el cap del cos i els netegeu i desinfecteu per separat. Despr\u00e9s, per emmagatzemar-la, fes-ho igual per separat fins que la torni a fer servir. Una exposici\u00f3 perllongada entre el cap de silicona dura i el cos de TPE pot fer que el TPE es torni greix\u00f3s i pot canviar la seva textura. Si passa aix\u00f2, separeu r\u00e0pidament el cap del cos i netegeu l&#8217;oli greix\u00f3s amb aigua t\u00e8bia i sab\u00f3 neutre o antibacteri\u00e0. Assegura&#8217;t d&#8217;assecar b\u00e9 i despr\u00e9s guarda-la igual per separat fins que vulguis tornar a usar-la.<\/p>\n<\/div>\n<p><p>\n        <a href=\"#\">Botiga<\/a>\n    <\/p>\n<\/p>\n<p><!--more--><br \/>\n<!-- {\"type\":\"layout\",\"children\":[{\"type\":\"section\",\"props\":{\"image_position\":\"center-center\",\"padding\":\"small\",\"style\":\"default\",\"title_breakpoint\":\"xl\",\"title_position\":\"top-left\",\"title_rotation\":\"left\",\"vertical_align\":\"middle\",\"width\":\"default\"},\"children\":[{\"type\":\"row\",\"children\":[{\"type\":\"column\",\"props\":{\"image_position\":\"center-center\",\"position_sticky_breakpoint\":\"m\"},\"children\":[{\"type\":\"headline\",\"props\":{\"content\":\"<strong>Sobre les nines sexuals realistes<\\\/strong>\",\"text_align\":\"center\",\"title_element\":\"h1\"}}]}]}],\"name\":\"Sobre les nines sexuals realistes\"},{\"type\":\"section\",\"props\":{\"image_position\":\"center-center\",\"padding\":\"small\",\"style\":\"default\",\"title_breakpoint\":\"xl\",\"title_position\":\"top-left\",\"title_rotation\":\"left\",\"vertical_align\":\"middle\",\"width\":\"default\"},\"children\":[{\"type\":\"row\",\"children\":[{\"type\":\"column\",\"props\":{\"image_position\":\"center-center\",\"position_sticky_breakpoint\":\"m\"},\"children\":[{\"type\":\"headline\",\"props\":{\"content\":\"<strong>Nines sexuals realistes de tpe<\\\/strong>\",\"text_align\":\"center\",\"title_element\":\"h1\",\"title_style\":\"h1\"}},{\"type\":\"text\",\"props\":{\"column_breakpoint\":\"m\",\"content\":\"\n\n<p>S\\u00f3n m\\u00e9s assequibles que altres tipus de nines realistes perqu\\u00e8 el seu proc\\u00e9s de fabricaci\\u00f3 \\u00e9s diferent i el cost del material TPE \\u00e9s inferior al de la silicona. La nostra empresa es compromet sempre a oferir-li la millor experi\\u00e8ncia possible. Tenen bona elasticitat i es poden estirar 6 a 10 cops. Estan fetes de materials de qualitat m\\u00e8dica i estan dissenyades per satisfer els nostres clients m\\u00e9s exigents amb els seus preciosos cossos exultants. Retenen molt b\\u00e9 la calor, per la qual cosa podr\\u00e0s augmentar encara m\\u00e9s la teva experi\\u00e8ncia amb la teva sexdoll com si fos una dona de veritat.<\\\/p>\\n\n\n<p>Tenen un tacte suau i el\\u00e0stic i semblen dones de carn i ossos, encara que sembli mentida\\u2026 els seus pits i natges trontollaran quan moguis el cos cap endavant i cap enrere. El material de TPE \\u00e9s hipoal\\u00b7l\\u00e8rgic i \\u00e9s compatible amb lubricants org\\u00e0nics, a base d'aigua i silicona. Cadascuna de les nostres nines per a sexe posseeix un cos intern de metall que li permet moure's i col\\u00b7locar-se en la posici\\u00f3 que m\\u00e9s t'agradi. Si mantens correctament la teva nina, usant els lubrificants adequats, aplicant-li p\\u00f3lvores de talc per a la cura de la seva pell, la protegeixes correctament mentre no la fas servir i la tractes amb tacte, et durar\\u00e0 molt m\\u00e9s temps.<br \\\/>El material \\u00e9s reciclable i respectu\\u00f3s amb el medi ambient.<\\\/p>\",\"margin\":\"default\",\"text_align\":\"center\",\"text_color\":\"primary\"}}]}]}],\"name\":\"TPE\"},{\"type\":\"section\",\"props\":{\"image_position\":\"center-center\",\"padding\":\"xsmall\",\"padding_remove_top\":false,\"style\":\"default\",\"title_breakpoint\":\"xl\",\"title_position\":\"top-left\",\"title_rotation\":\"left\",\"vertical_align\":\"middle\",\"width\":\"default\"},\"children\":[{\"type\":\"row\",\"children\":[{\"type\":\"column\",\"props\":{\"image_position\":\"center-center\",\"position_sticky_breakpoint\":\"m\"},\"children\":[{\"type\":\"headline\",\"props\":{\"content\":\"<strong>Sex dolls realistes de silicona<\\\/strong>\",\"text_align\":\"center\",\"title_element\":\"h1\",\"title_style\":\"h1\"}},{\"type\":\"text\",\"props\":{\"column_breakpoint\":\"m\",\"content\":\"\n\n<p>Aquest tipus de sex doll de mida natural i dissenyada per assemblar-se molt a un \\u00e9sser hum\\u00e0, i utilitza material de silicona de grau m\\u00e8dic d'alta qualitat. La seva tecnologia \\u00e9s m\\u00e9s estable i el disseny \\u00e9s molt meticul\\u00f3s, la forma del cos, l'al\\u00e7ada i les caracter\\u00edstiques facials, tot per aconseguir el m\\u00e0xim realisme en els dissenys finals.<br \\\/>Fins i tot quan se sotmet a una pressi\\u00f3 extrema, la silicona mant\\u00e9 la forma original. S\\u00f3n resistents a la calor, aix\\u00f2 afavoreix molt a l'hora de potenciar-ne el realisme, a m\\u00e9s de la seva aparen\\u00e7a f\\u00edsica.<\\\/p>\\n\n\n<p>Dissenyada per als amants de les experi\\u00e8ncies m\\u00e9s reals mai viscudes. El material no por\\u00f3s no ret\\u00e9 la humitat, cosa que fa que la neteja sigui f\\u00e0cil, higi\\u00e8nica i f\\u00e0cil de desinfectar. \\u00c9s hipoal\\u00b7l\\u00e8rgica 100% segur per al cos hum\\u00e0. En aquesta modalitat, oferim varietat de funcions personalitzables: diferents pentinats, colors dels ulls i altres trets facials, perqu\\u00e8 puguis crear la nina que desitges. Tamb\\u00e9 oferim nines amb accessoris de fantasia per als que prefereixen una experi\\u00e8ncia m\\u00e9s imaginativa.<\\\/p>\",\"margin\":\"default\",\"text_align\":\"center\",\"text_color\":\"primary\"}}]}]}],\"name\":\"Silicona\"},{\"type\":\"section\",\"props\":{\"image_position\":\"center-center\",\"padding\":\"small\",\"style\":\"default\",\"title_breakpoint\":\"xl\",\"title_position\":\"top-left\",\"title_rotation\":\"left\",\"vertical_align\":\"middle\",\"width\":\"default\"},\"children\":[{\"type\":\"row\",\"children\":[{\"type\":\"column\",\"props\":{\"image_position\":\"center-center\",\"position_sticky_breakpoint\":\"m\"},\"children\":[{\"type\":\"headline\",\"props\":{\"content\":\"<strong>Nines per a adults h\\u00edbrides<\\\/strong>\",\"text_align\":\"center\",\"title_element\":\"h1\",\"title_style\":\"h1\"}},{\"type\":\"text\",\"props\":{\"column_breakpoint\":\"m\",\"content\":\"\n\n<p>La millor combinaci\\u00f3. La durabilitat i el realisme dels seus caps personalitzables s\\u00f3n excel\\u00b7lents. Amb un cap de silicona pots gaudir d'una cara i un maquillatge molt m\\u00e9s realista que si fos tamb\\u00e9 de TPE. Teniu disponible el servei personalitzat d'implants de cabells, celles i p\\u00e8l de vagina. \\u00c9s el sistema m\\u00e9s triat en la compra de nines sexuals.<\\\/p>\\n\n\n<p>Tenim 2 opcions pel cap del teu canell:<\\\/p>\\n\n\n<p>1. Cap de silicona amb tacte suau amb obertura oral.<\\\/p>\\n\n\n<p>2. Cap de silicona amb tacte dur sense obertura oral.<\\\/p>\\n\n\n<p>Igual que en els altres dos models de sexdolls, \\u00e9s molt important oferir-vos les millors cures perqu\\u00e8 la seva durabilitat sigui prolongada en el temps. Aconsellem que quan acabi d'usar el canell, separeu el cap del cos i els netegeu i desinfecteu per separat. Despr\\u00e9s, per emmagatzemar-la, fes-ho igual per separat fins que la torni a fer servir. Una exposici\\u00f3 perllongada entre el cap de silicona dura i el cos de TPE pot fer que el TPE es torni greix\\u00f3s i pot canviar la seva textura. Si passa aix\\u00f2, separeu r\\u00e0pidament el cap del cos i netegeu l'oli greix\\u00f3s amb aigua t\\u00e8bia i sab\\u00f3 neutre o antibacteri\\u00e0. Assegura't d'assecar b\\u00e9 i despr\\u00e9s guarda-la igual per separat fins que vulguis tornar a usar-la.<\\\/p>\",\"margin\":\"default\",\"text_align\":\"center\",\"text_color\":\"primary\"}},{\"name\":\"Button Style Secondary\",\"type\":\"button\",\"children\":[{\"type\":\"button_item\",\"props\":{\"button_style\":\"default\",\"content\":\"Botiga\",\"dialog_layout\":\"modal\",\"dialog_offcanvas_flip\":true,\"icon\":\"cart\",\"icon_align\":\"left\",\"link\":\"#\",\"link_title\":\"Botiga\"}}],\"props\":{\"grid_column_gap\":\"small\",\"grid_row_gap\":\"small\",\"margin\":\"default\",\"margin_remove_top\":false,\"text_align\":\"center\"}}]}]}],\"name\":\"H\\u00edbrides\"}],\"version\":\"4.5.21\"} --><\/p>\n","protected":false},"excerpt":{"rendered":"<p>Sobre les nines sexuals realistes Nines sexuals realistes de tpe S\u00f3n m\u00e9s assequibles que altres tipus de nines realistes perqu\u00e8 el seu proc\u00e9s de fabricaci\u00f3 \u00e9s diferent i el cost del material TPE \u00e9s inferior al de la silicona. La nostra empresa es compromet sempre a oferir-li la millor experi\u00e8ncia possible. Tenen bona elasticitat i [&hellip;]<\/p>\n","protected":false},"author":1,"featured_media":0,"parent":0,"menu_order":0,"comment_status":"closed","ping_status":"closed","template":"","meta":{"footnotes":""},"class_list":["post-1491","page","type-page","status-publish","hentry"],"_links":{"self":[{"href":"https:\/\/tumuneca-sexdoll.com\/ca\/wp-json\/wp\/v2\/pages\/1491","targetHints":{"allow":["GET"]}}],"collection":[{"href":"https:\/\/tumuneca-sexdoll.com\/ca\/wp-json\/wp\/v2\/pages"}],"about":[{"href":"https:\/\/tumuneca-sexdoll.com\/ca\/wp-json\/wp\/v2\/types\/page"}],"author":[{"embeddable":true,"href":"https:\/\/tumuneca-sexdoll.com\/ca\/wp-json\/wp\/v2\/users\/1"}],"replies":[{"embeddable":true,"href":"https:\/\/tumuneca-sexdoll.com\/ca\/wp-json\/wp\/v2\/comments?post=1491"}],"version-history":[{"count":0,"href":"https:\/\/tumuneca-sexdoll.com\/ca\/wp-json\/wp\/v2\/pages\/1491\/revisions"}],"wp:attachment":[{"href":"https:\/\/tumuneca-sexdoll.com\/ca\/wp-json\/wp\/v2\/media?parent=1491"}],"curies":[{"name":"wp","href":"https:\/\/api.w.org\/{rel}","templated":true}]}}