{"id":1813,"date":"2024-06-13T11:15:23","date_gmt":"2025-02-03T19:18:18","guid":{"rendered":"https:\/?post_type=product&#038;p=1813"},"modified":"2025-05-27T20:34:23","modified_gmt":"2025-05-27T18:34:23","slug":"milda","status":"publish","type":"product","link":"https:\/\/tumuneca-sexdoll.com\/ca\/botiga\/nines\/silicona\/tpe\/milda-professora-irresponsable\/","title":{"rendered":"Milda"},"content":{"rendered":"<p>\u00c9s una nina que est\u00e0 fabricada amb TPE d&#8217;alta qualitat.<\/p>\n<p>Milda \u00e9s el teu comptable personal que no et deixar\u00e0 sol ni un dia. Despr\u00e9s d&#8217;una llarga jornada de treball, encara en vol m\u00e9s i m\u00e9s. Incansable i insaciable. La seva tonalitat de pell \u00e9s blanca.<\/p>\n<p>Mesura 159 cm d&#8217;al\u00e7ada<\/p>\n<p>T\u00e9 un pit de 85 cm<\/p>\n<p>Una cintura de 62 cm i malucs de 98 cm<\/p>\n<p>Pesava 43 kg, ara 37 kg<\/p>\n<p>Aquest model el podem tenir a la nostra botiga entre 2 i 4 dies. Si la que t&#8217;agrada no estigu\u00e9s disponible, la podem demanar a la f\u00e0brica, i trigaria a arribar entre 2 a 3 setmanes.<\/p>\n<p><strong>\u00abEnviem m\u00e9s imatges de qualitat i v\u00eddeos reals a trav\u00e9s de WhatsApp. Si no pots venir a veure-les en persona a la nostra exposici\u00f3, tens l&#8217;opci\u00f3 de fer una trucada de v\u00eddeo amb nosaltres perqu\u00e8 la puguis veure.\u00bb<\/strong><\/p>\n","protected":false},"excerpt":{"rendered":"<p>\u00c9s una nina que est\u00e0 fabricada amb TPE d&#8217;alta qualitat. Milda \u00e9s el teu comptable personal que no et deixar\u00e0 sol ni un dia. Despr\u00e9s d&#8217;una llarga jornada de treball, encara en vol m\u00e9s i m\u00e9s. Incansable i insaciable. La seva tonalitat de pell \u00e9s blanca. Mesura 159 cm d&#8217;al\u00e7ada T\u00e9 un pit de 85 [&hellip;]<\/p>\n","protected":false},"featured_media":1814,"comment_status":"open","ping_status":"closed","template":"","meta":[],"product_brand":[],"product_cat":[60,64,58],"product_tag":[],"class_list":{"0":"post-1813","1":"product","2":"type-product","3":"status-publish","4":"has-post-thumbnail","6":"product_cat-nines","7":"product_cat-tpe","8":"product_cat-veure-tot","10":"first","11":"instock","12":"taxable","13":"shipping-taxable","14":"purchasable","15":"product-type-simple"},"_links":{"self":[{"href":"https:\/\/tumuneca-sexdoll.com\/ca\/wp-json\/wp\/v2\/product\/1813","targetHints":{"allow":["GET"]}}],"collection":[{"href":"https:\/\/tumuneca-sexdoll.com\/ca\/wp-json\/wp\/v2\/product"}],"about":[{"href":"https:\/\/tumuneca-sexdoll.com\/ca\/wp-json\/wp\/v2\/types\/product"}],"replies":[{"embeddable":true,"href":"https:\/\/tumuneca-sexdoll.com\/ca\/wp-json\/wp\/v2\/comments?post=1813"}],"wp:featuredmedia":[{"embeddable":true,"href":"https:\/\/tumuneca-sexdoll.com\/ca\/wp-json\/wp\/v2\/media\/1814"}],"wp:attachment":[{"href":"https:\/\/tumuneca-sexdoll.com\/ca\/wp-json\/wp\/v2\/media?parent=1813"}],"wp:term":[{"taxonomy":"product_brand","embeddable":true,"href":"https:\/\/tumuneca-sexdoll.com\/ca\/wp-json\/wp\/v2\/product_brand?post=1813"},{"taxonomy":"product_cat","embeddable":true,"href":"https:\/\/tumuneca-sexdoll.com\/ca\/wp-json\/wp\/v2\/product_cat?post=1813"},{"taxonomy":"product_tag","embeddable":true,"href":"https:\/\/tumuneca-sexdoll.com\/ca\/wp-json\/wp\/v2\/product_tag?post=1813"}],"curies":[{"name":"wp","href":"https:\/\/api.w.org\/{rel}","templated":true}]}}