{"id":1861,"date":"2024-06-13T10:22:28","date_gmt":"2024-06-13T08:22:28","guid":{"rendered":"https:\/?post_type=product&#038;p=1861"},"modified":"2025-05-27T22:28:26","modified_gmt":"2025-05-27T20:28:26","slug":"jennifer","status":"publish","type":"product","link":"https:\/\/tumuneca-sexdoll.com\/ca\/botiga\/nines\/silicona\/tpe\/jennifer-petita-arrissada-i-ulls-blaus\/","title":{"rendered":"Jennifer"},"content":{"rendered":"<p>\u00c9s una nina que est\u00e0 fabricada amb TPE hipoal\u00b7l\u00e8rgic d&#8217;alta qualitat.<\/p>\n<p>\u00c9s una nina molt compacta i amb facilitat de moviment. \u00c9s primeta amb pits petits. La seva tonalitat de pell \u00e9s blanca natural.<\/p>\n<p>Mesura 150 cm d&#8217;al\u00e7ada<\/p>\n<p>T\u00e9 un pit de 75 cm<\/p>\n<p>Una cintura de 53 cm i malucs de 85 cm<\/p>\n<p>Pesava 32 kg, ara pesa 28,5 kg<\/p>\n<p>Aquest model el podem tenir a la nostra botiga entre 2 i 4 dies. Si la que t&#8217;agrada no estigu\u00e9s disponible, la podem demanar a la f\u00e0brica, i trigaria a arribar entre 2 a 3 setmanes.<\/p>\n<p><strong>\u00abEnviem m\u00e9s imatges de qualitat i v\u00eddeos reals a trav\u00e9s de WhatsApp. Si no pots venir a veure-les en persona a la nostra exposici\u00f3, tens l&#8217;opci\u00f3 de fer una trucada de v\u00eddeo amb nosaltres perqu\u00e8 la puguis veure.\u00bb<\/strong><\/p>\n","protected":false},"excerpt":{"rendered":"<p>\u00c9s una nina que est\u00e0 fabricada amb TPE hipoal\u00b7l\u00e8rgic d&#8217;alta qualitat. \u00c9s una nina molt compacta i amb facilitat de moviment. \u00c9s primeta amb pits petits. La seva tonalitat de pell \u00e9s blanca natural. Mesura 150 cm d&#8217;al\u00e7ada T\u00e9 un pit de 75 cm Una cintura de 53 cm i malucs de 85 cm Pesava [&hellip;]<\/p>\n","protected":false},"featured_media":1862,"comment_status":"open","ping_status":"closed","template":"","meta":[],"product_brand":[],"product_cat":[60,64,58],"product_tag":[],"class_list":{"0":"post-1861","1":"product","2":"type-product","3":"status-publish","4":"has-post-thumbnail","6":"product_cat-nines","7":"product_cat-tpe","8":"product_cat-veure-tot","10":"first","11":"instock","12":"taxable","13":"shipping-taxable","14":"purchasable","15":"product-type-simple"},"_links":{"self":[{"href":"https:\/\/tumuneca-sexdoll.com\/ca\/wp-json\/wp\/v2\/product\/1861","targetHints":{"allow":["GET"]}}],"collection":[{"href":"https:\/\/tumuneca-sexdoll.com\/ca\/wp-json\/wp\/v2\/product"}],"about":[{"href":"https:\/\/tumuneca-sexdoll.com\/ca\/wp-json\/wp\/v2\/types\/product"}],"replies":[{"embeddable":true,"href":"https:\/\/tumuneca-sexdoll.com\/ca\/wp-json\/wp\/v2\/comments?post=1861"}],"wp:featuredmedia":[{"embeddable":true,"href":"https:\/\/tumuneca-sexdoll.com\/ca\/wp-json\/wp\/v2\/media\/1862"}],"wp:attachment":[{"href":"https:\/\/tumuneca-sexdoll.com\/ca\/wp-json\/wp\/v2\/media?parent=1861"}],"wp:term":[{"taxonomy":"product_brand","embeddable":true,"href":"https:\/\/tumuneca-sexdoll.com\/ca\/wp-json\/wp\/v2\/product_brand?post=1861"},{"taxonomy":"product_cat","embeddable":true,"href":"https:\/\/tumuneca-sexdoll.com\/ca\/wp-json\/wp\/v2\/product_cat?post=1861"},{"taxonomy":"product_tag","embeddable":true,"href":"https:\/\/tumuneca-sexdoll.com\/ca\/wp-json\/wp\/v2\/product_tag?post=1861"}],"curies":[{"name":"wp","href":"https:\/\/api.w.org\/{rel}","templated":true}]}}