{"id":1886,"date":"2024-06-13T10:10:10","date_gmt":"2024-06-13T08:10:10","guid":{"rendered":"https:\/?post_type=product&#038;p=1886"},"modified":"2025-05-27T22:30:53","modified_gmt":"2025-05-27T20:30:53","slug":"hailie","status":"publish","type":"product","link":"https:\/\/tumuneca-sexdoll.com\/ca\/botiga\/nines\/novetats\/hibrides\/silicona\/haillie-model-de-revista-cabell-castany\/","title":{"rendered":"Haillie"},"content":{"rendered":"<p>Ella \u00e9s una nina h\u00edbrida, el seu cos \u00e9s de TPE i el rostre de silicona. Teniu l&#8217;opci\u00f3 de tenir orifici de la boca o no tenir-ne. Tens l&#8217;opci\u00f3 de tenir orifici de boca. Tenim disponibles m\u00e9s opcions personalitzades: cabells, celles i pestanyes implantats, amb moviment de la boca i tors, dits dels peus articulats, entre altres opcions m\u00e9s.<\/p>\n<p>T\u00e9 un cos espectacular, com si es tract\u00e9s d&#8217;una model i el que sempre vas voler tenir al teu costat\u2026 T\u00e9 els ulls marr\u00f3 fosc i uns llavis petits per\u00f2 carnosos. De p\u00e8l castany i ondulat, que li arriba fins al bell pit.<\/p>\n<p>Mesura 164 cm d&#8217;al\u00e7ada<\/p>\n<p>T\u00e9 un pit de 86 cm<\/p>\n<p>Una cintura de 54 cm i malucs de 98 cm<\/p>\n<p>Pesa 40,5 kg<\/p>\n<p>Pel seu cost m\u00e9s elevat, nom\u00e9s les portem segons demanda expressa del client, i trigaria a arribar entre 2 i 3 setmanes aproximadament.<\/p>\n<p><strong>\u00abEnviem m\u00e9s imatges de qualitat i v\u00eddeos reals a trav\u00e9s de WhatsApp. Si no pots venir a veure-les en persona a la nostra exposici\u00f3, tens l&#8217;opci\u00f3 de fer una trucada de v\u00eddeo amb nosaltres perqu\u00e8 la puguis veure.\u00bb<\/strong><\/p>\n","protected":false},"excerpt":{"rendered":"<p>Ella \u00e9s una nina h\u00edbrida, el seu cos \u00e9s de TPE i el rostre de silicona. Teniu l&#8217;opci\u00f3 de tenir orifici de la boca o no tenir-ne. Tens l&#8217;opci\u00f3 de tenir orifici de boca. Tenim disponibles m\u00e9s opcions personalitzades: cabells, celles i pestanyes implantats, amb moviment de la boca i tors, dits dels peus articulats, [&hellip;]<\/p>\n","protected":false},"featured_media":1887,"comment_status":"open","ping_status":"closed","template":"","meta":[],"product_brand":[],"product_cat":[63,60,62,58],"product_tag":[],"class_list":{"0":"post-1886","1":"product","2":"type-product","3":"status-publish","4":"has-post-thumbnail","6":"product_cat-hibrides","7":"product_cat-nines","8":"product_cat-novetats","9":"product_cat-veure-tot","11":"first","12":"instock","13":"taxable","14":"shipping-taxable","15":"purchasable","16":"product-type-simple"},"_links":{"self":[{"href":"https:\/\/tumuneca-sexdoll.com\/ca\/wp-json\/wp\/v2\/product\/1886","targetHints":{"allow":["GET"]}}],"collection":[{"href":"https:\/\/tumuneca-sexdoll.com\/ca\/wp-json\/wp\/v2\/product"}],"about":[{"href":"https:\/\/tumuneca-sexdoll.com\/ca\/wp-json\/wp\/v2\/types\/product"}],"replies":[{"embeddable":true,"href":"https:\/\/tumuneca-sexdoll.com\/ca\/wp-json\/wp\/v2\/comments?post=1886"}],"wp:featuredmedia":[{"embeddable":true,"href":"https:\/\/tumuneca-sexdoll.com\/ca\/wp-json\/wp\/v2\/media\/1887"}],"wp:attachment":[{"href":"https:\/\/tumuneca-sexdoll.com\/ca\/wp-json\/wp\/v2\/media?parent=1886"}],"wp:term":[{"taxonomy":"product_brand","embeddable":true,"href":"https:\/\/tumuneca-sexdoll.com\/ca\/wp-json\/wp\/v2\/product_brand?post=1886"},{"taxonomy":"product_cat","embeddable":true,"href":"https:\/\/tumuneca-sexdoll.com\/ca\/wp-json\/wp\/v2\/product_cat?post=1886"},{"taxonomy":"product_tag","embeddable":true,"href":"https:\/\/tumuneca-sexdoll.com\/ca\/wp-json\/wp\/v2\/product_tag?post=1886"}],"curies":[{"name":"wp","href":"https:\/\/api.w.org\/{rel}","templated":true}]}}