{"id":1903,"date":"2024-06-12T18:33:20","date_gmt":"2024-06-12T16:33:20","guid":{"rendered":"https:\/?post_type=product&#038;p=1903"},"modified":"2025-05-27T22:35:20","modified_gmt":"2025-05-27T20:35:20","slug":"electra","status":"publish","type":"product","link":"https:\/\/tumuneca-sexdoll.com\/ca\/botiga\/nines\/novetats\/silicona\/hibrides\/electra-xinesa-sensual-per-a-sexe\/","title":{"rendered":"Electra"},"content":{"rendered":"<p>Electra \u00e9s una nina realista h\u00edbrida, t\u00e9 el seu cos fabricat de TPE i el seu rostre de silicona dura. Tens l&#8217;opci\u00f3 de tenir orifici de boca. Tenim disponibles m\u00e9s opcions personalitzades: cabells, celles i pestanyes implantats, amb moviment de la boca i tors, dits dels peus articulats, entre altres opcions m\u00e9s.<\/p>\n<p>Ella \u00e9s una dona amb molt d&#8217;estil, de trets asi\u00e0tics. El seu cos no et deixar\u00e0 parar de voler estar amb ella una vegada i una altra, i a m\u00e9s mai et dir\u00e0 que no\u2026 Perdr\u00e0s l&#8217;oportunitat de con\u00e8ixer-la?<\/p>\n<p>Li agrada posar-se a totes les posicions per complaure totes les teves fantasies, i moltes m\u00e9s!<\/p>\n<p>Mesura 164 cm d&#8217;al\u00e7ada<\/p>\n<p>T\u00e9 un pit de 81 cm<\/p>\n<p>Una cintura de 59 cm i malucs de 103 cm<\/p>\n<p>Pesa 43 kg<\/p>\n<p>Pel seu cost m\u00e9s elevat, nom\u00e9s les portem per enc\u00e0rrec expr\u00e9s del client, i trigaria a arribar entre 2 i 3 setmanes aproximadament.<\/p>\n<p><strong>\u00abEnviem m\u00e9s imatges de qualitat i v\u00eddeos reals a trav\u00e9s de WhatsApp. Si no pots venir a veure-les en persona a la nostra exposici\u00f3, tens l&#8217;opci\u00f3 de fer una trucada de v\u00eddeo amb nosaltres perqu\u00e8 la puguis veure.\u00bb<\/strong><\/p>\n","protected":false},"excerpt":{"rendered":"<p>Electra \u00e9s una nina realista h\u00edbrida, t\u00e9 el seu cos fabricat de TPE i el seu rostre de silicona dura. Tens l&#8217;opci\u00f3 de tenir orifici de boca. Tenim disponibles m\u00e9s opcions personalitzades: cabells, celles i pestanyes implantats, amb moviment de la boca i tors, dits dels peus articulats, entre altres opcions m\u00e9s. Ella \u00e9s una [&hellip;]<\/p>\n","protected":false},"featured_media":1904,"comment_status":"open","ping_status":"closed","template":"","meta":[],"product_brand":[],"product_cat":[63,60,62,58],"product_tag":[],"class_list":{"0":"post-1903","1":"product","2":"type-product","3":"status-publish","4":"has-post-thumbnail","6":"product_cat-hibrides","7":"product_cat-nines","8":"product_cat-novetats","9":"product_cat-veure-tot","11":"first","12":"instock","13":"taxable","14":"shipping-taxable","15":"purchasable","16":"product-type-simple"},"_links":{"self":[{"href":"https:\/\/tumuneca-sexdoll.com\/ca\/wp-json\/wp\/v2\/product\/1903","targetHints":{"allow":["GET"]}}],"collection":[{"href":"https:\/\/tumuneca-sexdoll.com\/ca\/wp-json\/wp\/v2\/product"}],"about":[{"href":"https:\/\/tumuneca-sexdoll.com\/ca\/wp-json\/wp\/v2\/types\/product"}],"replies":[{"embeddable":true,"href":"https:\/\/tumuneca-sexdoll.com\/ca\/wp-json\/wp\/v2\/comments?post=1903"}],"wp:featuredmedia":[{"embeddable":true,"href":"https:\/\/tumuneca-sexdoll.com\/ca\/wp-json\/wp\/v2\/media\/1904"}],"wp:attachment":[{"href":"https:\/\/tumuneca-sexdoll.com\/ca\/wp-json\/wp\/v2\/media?parent=1903"}],"wp:term":[{"taxonomy":"product_brand","embeddable":true,"href":"https:\/\/tumuneca-sexdoll.com\/ca\/wp-json\/wp\/v2\/product_brand?post=1903"},{"taxonomy":"product_cat","embeddable":true,"href":"https:\/\/tumuneca-sexdoll.com\/ca\/wp-json\/wp\/v2\/product_cat?post=1903"},{"taxonomy":"product_tag","embeddable":true,"href":"https:\/\/tumuneca-sexdoll.com\/ca\/wp-json\/wp\/v2\/product_tag?post=1903"}],"curies":[{"name":"wp","href":"https:\/\/api.w.org\/{rel}","templated":true}]}}