{"id":1912,"date":"2024-06-12T18:31:35","date_gmt":"2024-06-12T16:31:35","guid":{"rendered":"https:\/?post_type=product&#038;p=1912"},"modified":"2025-05-27T22:37:45","modified_gmt":"2025-05-27T20:37:45","slug":"cloe","status":"publish","type":"product","link":"https:\/\/tumuneca-sexdoll.com\/ca\/botiga\/nines\/nonvetats\/silicona\/hibrides\/cloe-americana-amb-cul-gran\/","title":{"rendered":"Cloe"},"content":{"rendered":"<p>Cloe \u00e9s una nina h\u00edbrida, amb el tors fabricat de TPE i el rostre de silicona dura. Teniu l&#8217;opci\u00f3 d&#8217;escollir-la amb orifici de la boca. Tenim disponibles m\u00e9s opcions personalitzades: cabells, celles i pestanyes implantats, amb moviment de la boca i tors, dits dels peus articulats, entre altres opcions m\u00e9s.<\/p>\n<p>Una espectacular dona rossa d&#8217;ullets verds i de llavis supercarnosos. Uns pits for\u00e7a exultants\u2026 i no cal que parlem del seu darrere\u2026 Et deixar\u00e0 sense paraules quan la vegis!<\/p>\n<p>Mesura 164 cm d&#8217;al\u00e7ada<\/p>\n<p>T\u00e9 un pit de 81 cm<\/p>\n<p>Una cintura de 59 cm i malucs de 103 cm<\/p>\n<p>Pesa 43 kg<\/p>\n<p>Pel seu cost m\u00e9s elevat, nom\u00e9s les portem per enc\u00e0rrec expr\u00e9s del client, i trigaria a arribar entre 2 i 3 setmanes aproximadament.<\/p>\n<p><strong>\u00abEnviem m\u00e9s imatges de qualitat i v\u00eddeos reals a trav\u00e9s de WhatsApp. Si no pots venir a veure-les en persona a la nostra exposici\u00f3, tens l&#8217;opci\u00f3 de fer una trucada de v\u00eddeo amb nosaltres perqu\u00e8 la puguis veure.\u00bb<\/strong><\/p>\n","protected":false},"excerpt":{"rendered":"<p>Cloe \u00e9s una nina h\u00edbrida, amb el tors fabricat de TPE i el rostre de silicona dura. Teniu l&#8217;opci\u00f3 d&#8217;escollir-la amb orifici de la boca. Tenim disponibles m\u00e9s opcions personalitzades: cabells, celles i pestanyes implantats, amb moviment de la boca i tors, dits dels peus articulats, entre altres opcions m\u00e9s. Una espectacular dona rossa d&#8217;ullets [&hellip;]<\/p>\n","protected":false},"featured_media":1913,"comment_status":"open","ping_status":"closed","template":"","meta":[],"product_brand":[],"product_cat":[63,60,62,58],"product_tag":[],"class_list":{"0":"post-1912","1":"product","2":"type-product","3":"status-publish","4":"has-post-thumbnail","6":"product_cat-hibrides","7":"product_cat-nines","8":"product_cat-novetats","9":"product_cat-veure-tot","11":"first","12":"instock","13":"taxable","14":"shipping-taxable","15":"purchasable","16":"product-type-simple"},"_links":{"self":[{"href":"https:\/\/tumuneca-sexdoll.com\/ca\/wp-json\/wp\/v2\/product\/1912","targetHints":{"allow":["GET"]}}],"collection":[{"href":"https:\/\/tumuneca-sexdoll.com\/ca\/wp-json\/wp\/v2\/product"}],"about":[{"href":"https:\/\/tumuneca-sexdoll.com\/ca\/wp-json\/wp\/v2\/types\/product"}],"replies":[{"embeddable":true,"href":"https:\/\/tumuneca-sexdoll.com\/ca\/wp-json\/wp\/v2\/comments?post=1912"}],"wp:featuredmedia":[{"embeddable":true,"href":"https:\/\/tumuneca-sexdoll.com\/ca\/wp-json\/wp\/v2\/media\/1913"}],"wp:attachment":[{"href":"https:\/\/tumuneca-sexdoll.com\/ca\/wp-json\/wp\/v2\/media?parent=1912"}],"wp:term":[{"taxonomy":"product_brand","embeddable":true,"href":"https:\/\/tumuneca-sexdoll.com\/ca\/wp-json\/wp\/v2\/product_brand?post=1912"},{"taxonomy":"product_cat","embeddable":true,"href":"https:\/\/tumuneca-sexdoll.com\/ca\/wp-json\/wp\/v2\/product_cat?post=1912"},{"taxonomy":"product_tag","embeddable":true,"href":"https:\/\/tumuneca-sexdoll.com\/ca\/wp-json\/wp\/v2\/product_tag?post=1912"}],"curies":[{"name":"wp","href":"https:\/\/api.w.org\/{rel}","templated":true}]}}