{"id":1920,"date":"2024-06-12T18:24:52","date_gmt":"2025-02-03T19:41:13","guid":{"rendered":"https:\/?post_type=product&#038;p=1920"},"modified":"2025-05-27T22:38:36","modified_gmt":"2025-05-27T20:38:36","slug":"allison","status":"publish","type":"product","link":"https:\/\/tumuneca-sexdoll.com\/ca\/botiga\/nines\/silicona\/tpe\/allison-hiperrealista-blanca-natural\/","title":{"rendered":"Allison"},"content":{"rendered":"<p>\u00c9s una nina que est\u00e0 fabricada amb TPE hipoal\u00b7l\u00e8rgic d&#8217;alta qualitat. Material 100% segur per al cos hum\u00e0.<\/p>\n<p>Allison \u00e9s una nina de constituci\u00f3 prima, pits petits. Et far\u00e0 gaudir de molt\u00edssimes nits de passi\u00f3. La seva tonalitat de pell \u00e9s blanca natural.<\/p>\n<p>Mesura 163 cm d&#8217;al\u00e7ada<\/p>\n<p>T\u00e9 un pit de 86 cm<\/p>\n<p>Una cintura de 62 cm i malucs de 94 cm<\/p>\n<p>Pesa 36 kg (sense canvis)<\/p>\n<p>Aquest model el podem tenir a la nostra botiga entre 2 i 4 dies. Si la que t&#8217;agrada no estigu\u00e9s disponible, la podem demanar a la f\u00e0brica, i trigaria a arribar entre 2 a 3 setmanes.<\/p>\n<p><strong>\u00abEnviem m\u00e9s imatges de qualitat i v\u00eddeos reals a trav\u00e9s de WhatsApp. Si no pots venir a veure-les en persona a la nostra exposici\u00f3, tens l&#8217;opci\u00f3 de fer una trucada de v\u00eddeo amb nosaltres perqu\u00e8 la puguis veure.\u00bb<\/strong><\/p>\n","protected":false},"excerpt":{"rendered":"<p>\u00c9s una nina que est\u00e0 fabricada amb TPE hipoal\u00b7l\u00e8rgic d&#8217;alta qualitat. Material 100% segur per al cos hum\u00e0. Allison \u00e9s una nina de constituci\u00f3 prima, pits petits. Et far\u00e0 gaudir de molt\u00edssimes nits de passi\u00f3. La seva tonalitat de pell \u00e9s blanca natural. Mesura 163 cm d&#8217;al\u00e7ada T\u00e9 un pit de 86 cm Una cintura [&hellip;]<\/p>\n","protected":false},"featured_media":1921,"comment_status":"open","ping_status":"closed","template":"","meta":[],"product_brand":[],"product_cat":[60,64,58],"product_tag":[],"class_list":{"0":"post-1920","1":"product","2":"type-product","3":"status-publish","4":"has-post-thumbnail","6":"product_cat-nines","7":"product_cat-tpe","8":"product_cat-veure-tot","10":"first","11":"instock","12":"taxable","13":"shipping-taxable","14":"purchasable","15":"product-type-simple"},"_links":{"self":[{"href":"https:\/\/tumuneca-sexdoll.com\/ca\/wp-json\/wp\/v2\/product\/1920","targetHints":{"allow":["GET"]}}],"collection":[{"href":"https:\/\/tumuneca-sexdoll.com\/ca\/wp-json\/wp\/v2\/product"}],"about":[{"href":"https:\/\/tumuneca-sexdoll.com\/ca\/wp-json\/wp\/v2\/types\/product"}],"replies":[{"embeddable":true,"href":"https:\/\/tumuneca-sexdoll.com\/ca\/wp-json\/wp\/v2\/comments?post=1920"}],"wp:featuredmedia":[{"embeddable":true,"href":"https:\/\/tumuneca-sexdoll.com\/ca\/wp-json\/wp\/v2\/media\/1921"}],"wp:attachment":[{"href":"https:\/\/tumuneca-sexdoll.com\/ca\/wp-json\/wp\/v2\/media?parent=1920"}],"wp:term":[{"taxonomy":"product_brand","embeddable":true,"href":"https:\/\/tumuneca-sexdoll.com\/ca\/wp-json\/wp\/v2\/product_brand?post=1920"},{"taxonomy":"product_cat","embeddable":true,"href":"https:\/\/tumuneca-sexdoll.com\/ca\/wp-json\/wp\/v2\/product_cat?post=1920"},{"taxonomy":"product_tag","embeddable":true,"href":"https:\/\/tumuneca-sexdoll.com\/ca\/wp-json\/wp\/v2\/product_tag?post=1920"}],"curies":[{"name":"wp","href":"https:\/\/api.w.org\/{rel}","templated":true}]}}