{"id":2504,"date":"2025-03-18T19:58:26","date_gmt":"2025-03-18T18:58:26","guid":{"rendered":"https:\/\/tumuneca-sexdoll.com\/?post_type=product&#038;p=2504"},"modified":"2025-05-27T19:02:01","modified_gmt":"2025-05-27T17:02:01","slug":"isabella","status":"publish","type":"product","link":"https:\/\/tumuneca-sexdoll.com\/ca\/botiga\/nines\/novetats\/nina-sexual-isabella-hiperrealista-la-amant-ideal\/","title":{"rendered":"Isabella"},"content":{"rendered":"<p>\u00c9s una nina elaborada en silicona d&#8217;excel\u00b7lent qualitat.<\/p>\n<p>T\u00e9 una pell blanca i pits exuberants. Els seus llavis s\u00f3n gruixuts perqu\u00e8 gaudeixis del sexe oral m\u00e9s plaent que hagis experimentat.<\/p>\n<p>Mesura 160 cm d&#8217;altura.<\/p>\n<p>T\u00e9 un pit de 105 cm i malucs de 105 cm.<\/p>\n<p>Pesa 46 kg.<\/p>\n<p>Aquest model el podem tenir a la nostra botiga entre 2 i 4 dies. Si la que t&#8217;agrada no estigu\u00e9s disponible, podem demanar-la a f\u00e0brica, i trigaria a arribar entre 2 i 3 setmanes.<\/p>\n<p><strong>\u00abEnviem m\u00e9s imatges de qualitat i v\u00eddeos reals a trav\u00e9s de WhatsApp. Si no pots venir a veure-les en persona a la nostra exposici\u00f3, tens l&#8217;opci\u00f3 de fer una videotrucada amb nosaltres perqu\u00e8 la puguis veure.\u00bb<\/strong><\/p>\n","protected":false},"excerpt":{"rendered":"<p>\u00c9s una nina elaborada en silicona d&#8217;excel\u00b7lent qualitat. T\u00e9 una pell blanca i pits exuberants. Els seus llavis s\u00f3n gruixuts perqu\u00e8 gaudeixis del sexe oral m\u00e9s plaent que hagis experimentat. Mesura 160 cm d&#8217;altura. T\u00e9 un pit de 105 cm i malucs de 105 cm. Pesa 46 kg. Aquest model el podem tenir a la [&hellip;]<\/p>\n","protected":false},"featured_media":2295,"comment_status":"open","ping_status":"closed","template":"","meta":[],"product_brand":[],"product_cat":[60,62,61,58],"product_tag":[],"class_list":{"0":"post-2504","1":"product","2":"type-product","3":"status-publish","4":"has-post-thumbnail","6":"product_cat-nines","7":"product_cat-novetats","8":"product_cat-silicona","9":"product_cat-veure-tot","11":"first","12":"instock","13":"taxable","14":"shipping-taxable","15":"purchasable","16":"product-type-simple"},"_links":{"self":[{"href":"https:\/\/tumuneca-sexdoll.com\/ca\/wp-json\/wp\/v2\/product\/2504","targetHints":{"allow":["GET"]}}],"collection":[{"href":"https:\/\/tumuneca-sexdoll.com\/ca\/wp-json\/wp\/v2\/product"}],"about":[{"href":"https:\/\/tumuneca-sexdoll.com\/ca\/wp-json\/wp\/v2\/types\/product"}],"replies":[{"embeddable":true,"href":"https:\/\/tumuneca-sexdoll.com\/ca\/wp-json\/wp\/v2\/comments?post=2504"}],"wp:featuredmedia":[{"embeddable":true,"href":"https:\/\/tumuneca-sexdoll.com\/ca\/wp-json\/wp\/v2\/media\/2295"}],"wp:attachment":[{"href":"https:\/\/tumuneca-sexdoll.com\/ca\/wp-json\/wp\/v2\/media?parent=2504"}],"wp:term":[{"taxonomy":"product_brand","embeddable":true,"href":"https:\/\/tumuneca-sexdoll.com\/ca\/wp-json\/wp\/v2\/product_brand?post=2504"},{"taxonomy":"product_cat","embeddable":true,"href":"https:\/\/tumuneca-sexdoll.com\/ca\/wp-json\/wp\/v2\/product_cat?post=2504"},{"taxonomy":"product_tag","embeddable":true,"href":"https:\/\/tumuneca-sexdoll.com\/ca\/wp-json\/wp\/v2\/product_tag?post=2504"}],"curies":[{"name":"wp","href":"https:\/\/api.w.org\/{rel}","templated":true}]}}