{"id":2795,"date":"2025-03-19T17:07:44","date_gmt":"2025-03-19T16:07:44","guid":{"rendered":"https:\/\/tumuneca-sexdoll.com\/?post_type=product&#038;p=2795"},"modified":"2025-05-27T18:51:51","modified_gmt":"2025-05-27T16:51:51","slug":"emma","status":"publish","type":"product","link":"https:\/\/tumuneca-sexdoll.com\/ca\/botiga\/nines\/novetats\/nina-sexual-emma-pits-voluminosos-i-corbes\/","title":{"rendered":"Emma"},"content":{"rendered":"<p>\u00c9s una nina fabricada amb silicona d\u2019alta qualitat, dissenyada per oferir una experi\u00e8ncia inigualable.<\/p>\n<p>La seva pell \u00e9s suau i clara, amb corbes irresistibles i uns pits voluminosos. Els seus llavis carnosos estan fets per oferir el plaer m\u00e9s intens a cada trobada.<\/p>\n<p>T\u00e9 una al\u00e7ada de 166 cm, perfecta per gaudir al m\u00e0xim.<\/p>\n<p>Malucs de 91 cm i bust de 90 cm.<\/p>\n<p>Pesa 37 kg.<\/p>\n<p>Podem tenir aquest model a la nostra botiga en un termini de 2 a 4 dies. Si la que t\u2019agrada no estigu\u00e9s disponible, podem demanar-la a f\u00e0brica, i trigaria a arribar entre 2 i 3 setmanes.<\/p>\n<p><strong>\u00abEnviem m\u00e9s imatges de qualitat i v\u00eddeos reals a trav\u00e9s de WhatsApp. Si no pots venir a veure-les en persona a la nostra exposici\u00f3, tens l\u2019opci\u00f3 de fer una videotrucada amb nosaltres perqu\u00e8 la puguis veure.\u00bb<\/strong><\/p>\n","protected":false},"excerpt":{"rendered":"<p>\u00c9s una nina fabricada amb silicona d\u2019alta qualitat, dissenyada per oferir una experi\u00e8ncia inigualable. La seva pell \u00e9s suau i clara, amb corbes irresistibles i uns pits voluminosos. Els seus llavis carnosos estan fets per oferir el plaer m\u00e9s intens a cada trobada. T\u00e9 una al\u00e7ada de 166 cm, perfecta per gaudir al m\u00e0xim. Malucs [&hellip;]<\/p>\n","protected":false},"featured_media":2655,"comment_status":"open","ping_status":"closed","template":"","meta":[],"product_brand":[],"product_cat":[60,62,61,58],"product_tag":[],"class_list":{"0":"post-2795","1":"product","2":"type-product","3":"status-publish","4":"has-post-thumbnail","6":"product_cat-nines","7":"product_cat-novetats","8":"product_cat-silicona","9":"product_cat-veure-tot","11":"first","12":"instock","13":"taxable","14":"shipping-taxable","15":"purchasable","16":"product-type-simple"},"_links":{"self":[{"href":"https:\/\/tumuneca-sexdoll.com\/ca\/wp-json\/wp\/v2\/product\/2795","targetHints":{"allow":["GET"]}}],"collection":[{"href":"https:\/\/tumuneca-sexdoll.com\/ca\/wp-json\/wp\/v2\/product"}],"about":[{"href":"https:\/\/tumuneca-sexdoll.com\/ca\/wp-json\/wp\/v2\/types\/product"}],"replies":[{"embeddable":true,"href":"https:\/\/tumuneca-sexdoll.com\/ca\/wp-json\/wp\/v2\/comments?post=2795"}],"wp:featuredmedia":[{"embeddable":true,"href":"https:\/\/tumuneca-sexdoll.com\/ca\/wp-json\/wp\/v2\/media\/2655"}],"wp:attachment":[{"href":"https:\/\/tumuneca-sexdoll.com\/ca\/wp-json\/wp\/v2\/media?parent=2795"}],"wp:term":[{"taxonomy":"product_brand","embeddable":true,"href":"https:\/\/tumuneca-sexdoll.com\/ca\/wp-json\/wp\/v2\/product_brand?post=2795"},{"taxonomy":"product_cat","embeddable":true,"href":"https:\/\/tumuneca-sexdoll.com\/ca\/wp-json\/wp\/v2\/product_cat?post=2795"},{"taxonomy":"product_tag","embeddable":true,"href":"https:\/\/tumuneca-sexdoll.com\/ca\/wp-json\/wp\/v2\/product_tag?post=2795"}],"curies":[{"name":"wp","href":"https:\/\/api.w.org\/{rel}","templated":true}]}}